{"id":56675,"date":"2021-05-17T08:38:19","date_gmt":"2021-05-17T08:38:19","guid":{"rendered":"https:\/\/dev.liqui-moly-shop.ch\/?page_id=56675"},"modified":"2021-06-11T09:25:49","modified_gmt":"2021-06-11T09:25:49","slug":"agb","status":"publish","type":"page","link":"https:\/\/www.liqui-moly-shop.ch\/index.php\/agb\/","title":{"rendered":"AGB&#8217;s"},"content":{"rendered":"<p>[vc_row][vc_column][vc_column_text]<strong>1. Geltungsbereich<\/strong><\/p>\r\n<p>Diese Allgemeinen Gesch\u00e4ftsbedingungen von liqui moly shop gelten f\u00fcr alle von liqui moly shop<br \/>\r\nerbrachten Lieferungen und Leistungen. Anderslautende AGB des Kunden haben nur Geltung wenn<br \/>\r\nsie von liqui moly shop schriftlich anerkannt sind.<\/p>\r\n<p><strong>2. Gegenstand<\/strong><\/p>\r\n<p>liqui moly shop vertreibt Produkte und Dienstleistungen aus dem liqui moly shop \u2013 Sortiment,<br \/>\r\nwobei s\u00e4mtliche Bestellungen zu den nachstehenden Bedingungen angenommen und ausgef\u00fchrt<br \/>\r\nwerden. Mit der Bestellung akzeptiert der Kunde die zum Zeitpunkt der Bestellung g\u00fcltigen AGB.<\/p>\r\n<p><strong>3. Bestellung \/ Vertragsabschluss<\/strong><\/p>\r\n<p>F\u00fcr den Kunden ist die Bestellung verbindlich, sobald er diese ausgel\u00f6st hat. Der liqui moly shop<br \/>\r\nnimmt die Bestellung an, indem sie dem Kunden entweder eine Auftragsbest\u00e4tigung \u00fcbermittelt<br \/>\r\noder die bestellte Ware liefert. Erst mit Zugang der Auftragsbest\u00e4tigung oder der bestellten Ware<br \/>\r\nbeim Kunden ist die Bestellung des Kunden f\u00fcr den liqui moly shop rechtsverbindlich. liqui<br \/>\r\nmoly shop beh\u00e4lt sich vor, die Bestellungen in Teillieferungen aufzuteilen und nur insoweit<br \/>\r\nauszuf\u00fchren, als am Warenlager tats\u00e4chlich verf\u00fcgbare Ware vorhanden ist<\/p>\r\n<p><strong>4. Lieferung<\/strong><\/p>\r\n<p>Die Lieferung erfolgt direkt an die vom Kunden bekannt gegebene Lieferadresse und Kontaktperson.<br \/>\r\nDie Lieferung erfolgen an Werktagen wenn nicht anders vereinbart innerhalb 24 Stunden und auf<br \/>\r\nKosten und Gefahr des Kunden, und zwar auch wenn Teillieferungen erfolgen. liqui moly shop<br \/>\r\n\u00fcbernimmt keine Haftung f\u00fcr einen bestimmten Lieferzeitpunkt. liqui moly shop kann Lieferungen<br \/>\r\nverweigern, wenn gegen\u00fcber dem Kunden f\u00e4llige, offene Forderungen bestehen.<\/p>\r\n<p><strong>5. Preise und Zahlungsbedingungen<\/strong><\/p>\r\n<p>F\u00fcr die Berechnung der Preise gelten die am Bestelltag g\u00fcltigen Preislisten des liqui moly shop falls<br \/>\r\nnicht ausdr\u00fccklich etwas anderes vereinbart worden ist. liqui moly shop beh\u00e4lt sich die jederzeitige<br \/>\r\nAnpassung der Preise ausdr\u00fccklich vor. Die Preise verstehen sich netto inkl. Mehrwertsteuer,<br \/>\r\nTransportkosten unter dem Bestellwert von Fr. 50.-, Expresszuschl\u00e4ge, Entsorgungskosten und<br \/>\r\nandere Geb\u00fchren werden gesondert verrechnet. Die Lieferung erfolgt gegen Bezahlung Pay Pal oder<br \/>\r\nVorauszahlung,. liqui moly shop beh\u00e4lt sich vor, Lieferungen und\/oder Serviceleistungen mit<br \/>\r\nVorauszahlung oder Barzahlung anzubieten. Garagen, Industrie usw. mit Kundennummer mit<br \/>\r\nRechnung. Befindet sich der Besteller mit der Zahlung des Kaufpreises in Verzug, ist der liqui moly<br \/>\r\nshop ausserdem berechtigt, ohne Nachfrist vom Vertrag zur\u00fcckzutreten und die \u00fcbergebene Sache<br \/>\r\nzur\u00fcckzufordern (Art. 214 Abs. 3 OR).<\/p>\r\n<p><strong>6. Gew\u00e4hrleistung, Haftung<\/strong><\/p>\r\n<p>Liqui moly shop haftet nur f\u00fcr Sch\u00e4den auf Grund nachweislichen verschulden des Personals von<br \/>\r\nLiqui moly shop selbst. Jede weitergehende Haftung von Liqui moly shop ist ausgeschlossen.<br \/>\r\nF\u00fcr Sachm\u00e4ngel besteht eine Haftung nur bei arglistigem Verschweigen.<br \/>\r\nAllf\u00e4llige M\u00e4ngel m\u00fcssen dem liqui moly shop innerhalb von 8 Tagen, seit Entdeckung des Mangels,<br \/>\r\nschriftlich und mit Angabe der Kunden- und Bestellnummer gemeldet werden.<br \/>\r\nDie Rechtsfolgen von Vertragsverletzungen sind in diesen Allgemeinen Gesch\u00e4ftsbedingungen<br \/>\r\nabschliessend geregelt. Alle hier nicht ausdr\u00fccklich geregelten Anspr\u00fcchen auf Schadenersatz,<br \/>\r\nMinderung, Aufhebung des Vertrags oder R\u00fccktritt von Vertrag sind ausgeschlossen, insbesondere<br \/>\r\njeglicher Ersatz von Folgesch\u00e4den oder entgangenen Gewinns.<\/p>\r\n<p><strong>7. \u00dcbergang von Nutzen und R\u00fccknahmen<\/strong><\/p>\r\n<p>Nutzen und Gefahr gehen mit Versandbereitschaft der Ware auf den Besteller \u00fcber.<br \/>\r\nBis zur vollst\u00e4ndigen Zahlung des Kaufpreises bleibt die gelieferte Ware im Eigentum von liqui moly<br \/>\r\nshop . Der Besteller erteilt liqui moly shop sein Einverst\u00e4ndnis den Vorbehalt ohne weiteres auf<br \/>\r\nKosten des Bestellers im Eigentumsvorbehaltsregister an dessen Wohnsitz eintragen zu lassen, Der<br \/>\r\nBesteller ist bei Schadenersatzfolge verpflichtet, liqui moly shop von allf\u00e4lligen Drittansprachen<br \/>\r\nbetreffend gelieferte Ware unverz\u00fcglich schriftlich Anzeige zu machen.<br \/>\r\nWaren werden grunds\u00e4tzlich nicht zur\u00fcckgenommen. Davon ausgenommen sind Waren die<br \/>\r\ninnerhalb von 30 Tagen im Neuzustand und in unversehrter Originalverpackung retourniert werden.<br \/>\r\nWaren die speziell f\u00fcr den Kunden bestellt worden sind, k\u00f6nnen auf keinen Fall zur\u00fcckgenommen<br \/>\r\nwerden. Bei Waren, die zwischen dem 10. Und 30. Tag nach der Lieferung retourniert werden, wird<br \/>\r\neine Kostenbeteiligung von 10% von der Gutschrift abgezogen.<\/p>\r\n<p><strong>8. Besondere Bestimmungen<\/strong><\/p>\r\n<p>liqui moly shop kann die vorliegenden AGB jederzeit ohne vorangehende Ank\u00fcndigungen \u00e4ndern<br \/>\r\noder beenden.<\/p>\r\n<p><strong>9. Schlussbestimmung<\/strong><\/p>\r\n<p>Die vorliegende AGB und die Vertr\u00e4ge, die aufgrund dieser AGB abgeschlossen werden, unterliegen<br \/>\r\ndem Schweizerischen Recht. Der ausschliessliche Gerichtsstand ist Thun, wobei sich der liqui moly<br \/>\r\nshop ausdr\u00fccklich vorbeh\u00e4lt ihre Anspr\u00fcche bei jedem anderen zust\u00e4ndigen Gericht geltend zu<br \/>\r\nmachen. Sollten einzelne Bestimmungen unwirksam sein oder werden, ber\u00fchrt das die<br \/>\r\nRechtswirksamkeit der \u00fcbrigen Bestimmungen dieser AGB nicht.<\/p>\r\n<p>[\/vc_column_text][\/vc_column][\/vc_row]<\/p>\r\n","protected":false},"excerpt":{"rendered":"<p>[vc_row][vc_column][vc_column_text]1. Geltungsbereich Diese Allgemeinen Gesch\u00e4ftsbedingungen von liqui moly shop gelten f\u00fcr alle von liqui moly shop erbrachten Lieferungen und Leistungen. Anderslautende AGB des Kunden haben nur Geltung wenn sie von liqui moly shop schriftlich anerkannt sind. 2. Gegenstand liqui moly shop vertreibt Produkte und Dienstleistungen aus dem liqui moly shop \u2013 Sortiment, wobei s\u00e4mtliche Bestellungen [&hellip;]<\/p>\n","protected":false},"author":1,"featured_media":0,"parent":0,"menu_order":0,"comment_status":"closed","ping_status":"closed","template":"","meta":{"footnotes":""},"class_list":["post-56675","page","type-page","status-publish","hentry"],"_links":{"self":[{"href":"https:\/\/www.liqui-moly-shop.ch\/index.php\/wp-json\/wp\/v2\/pages\/56675","targetHints":{"allow":["GET"]}}],"collection":[{"href":"https:\/\/www.liqui-moly-shop.ch\/index.php\/wp-json\/wp\/v2\/pages"}],"about":[{"href":"https:\/\/www.liqui-moly-shop.ch\/index.php\/wp-json\/wp\/v2\/types\/page"}],"author":[{"embeddable":true,"href":"https:\/\/www.liqui-moly-shop.ch\/index.php\/wp-json\/wp\/v2\/users\/1"}],"replies":[{"embeddable":true,"href":"https:\/\/www.liqui-moly-shop.ch\/index.php\/wp-json\/wp\/v2\/comments?post=56675"}],"version-history":[{"count":4,"href":"https:\/\/www.liqui-moly-shop.ch\/index.php\/wp-json\/wp\/v2\/pages\/56675\/revisions"}],"predecessor-version":[{"id":57140,"href":"https:\/\/www.liqui-moly-shop.ch\/index.php\/wp-json\/wp\/v2\/pages\/56675\/revisions\/57140"}],"wp:attachment":[{"href":"https:\/\/www.liqui-moly-shop.ch\/index.php\/wp-json\/wp\/v2\/media?parent=56675"}],"curies":[{"name":"wp","href":"https:\/\/api.w.org\/{rel}","templated":true}]}}