{"id":22133,"date":"2018-07-17T00:00:00","date_gmt":"2018-07-17T00:00:00","guid":{"rendered":"https:\/\/dev.liqui-moly-shop.ch\/index.php\/product\/motorbike-oil-additive\/"},"modified":"2024-02-13T15:51:25","modified_gmt":"2024-02-13T15:51:25","slug":"motorbike-oil-additive","status":"publish","type":"product","link":"https:\/\/www.liqui-moly-shop.ch\/index.php\/product\/motorbike-oil-additive\/","title":{"rendered":"Motorbike Oil Additive"},"content":{"rendered":"<h3>Motorbike Oil Additive<\/h3>\n<p>Motorverschlei\u00dfschutz auf Basis Molybd\u00e4ndisulfid (MoS2). Wissenschaftlich nachgewiesene Verschlei\u00dfsenkung bis zu 50\u2009%. Verl\u00e4ngert die Lebensdauer des Motors. Der Motor l\u00e4uft leichter, \u00d6l- und Kraftstoffverbrauch werden gesenkt. Erh\u00f6ht die Laufruhe des Motors, weniger Betriebsst\u00f6rungen. Kat-getestet.<\/p>\n<p><!-- --><\/p>\n<table id=\"detail\">\n<tbody>\n<tr>\n<td class=\"left\" valign=\"top\">Artikelnummer:<\/td>\n<td class=\"right\" valign=\"top\">1580<\/td>\n<\/tr>\n<tr>\n<td class=\"left\" valign=\"top\">Gebinde:<\/td>\n<td class=\"right\" valign=\"top\">125 ml Dose Blech<\/td>\n<\/tr>\n<tr>\n<td class=\"left\" valign=\"top\">Paletteninhalt:<\/td>\n<td class=\"right\" valign=\"top\">2016<\/td>\n<\/tr>\n<tr>\n<td class=\"left\" valign=\"top\">VPE:<\/td>\n<td class=\"right\" valign=\"top\">6 STK<\/td>\n<\/tr>\n<tr>\n<td class=\"left\" valign=\"top\">Sprache:<\/td>\n<td class=\"right\" valign=\"top\">D &#8211; GB &#8211; I &#8211; E &#8211; P<\/td>\n<\/tr>\n<\/tbody>\n<\/table>\n<h3 class=\"detail\">Einsatzzweck<\/h3>\n<p>F\u00fcr alle 4-Takt- sowie 2-Takt-Motoren mit Getrennt- und Gemischschmierung. Auch einsetzbar bei \u00d6lbad-Mehrscheibenkupplungen. Dosierempfehlung bei jedem \u00d6lwechsel bzw. bei 2-Takt-Motoren bei jeder Betankung. 4-Takt-Motoren: 30 ml pro l Motor\u00f6l bzw. mit \u00d6lbadkupplung 20 ml. 2-Takt-Motoren mit Getrenntschmierung: 20 ml pro l 2-Takt-\u00f6l bzw. mit Gemischschmierung: 10 ml pro 10 l Gemisch.<\/p>\n<p>Wenn Sie Fragen rund um die Liqui Moly Produkte haben sollten, z\u00f6gern Sie nicht und kontaktieren Sie uns. Gerne stehen wir Ihnen jederzeit gerne zur Verf\u00fcgung.<\/p>\n","protected":false},"excerpt":{"rendered":"<p>Motorbike Oil Additive Motorverschlei\u00dfschutz auf Basis Molybd\u00e4ndisulfid (MoS2). Wissenschaftlich nachgewiesene Verschlei\u00dfsenkung bis zu 50\u2009%. Verl\u00e4ngert die Lebensdauer des Motors. Der Motor l\u00e4uft leichter, \u00d6l- und Kraftstoffverbrauch werden gesenkt. Erh\u00f6ht die Laufruhe des Motors, weniger Betriebsst\u00f6rungen. Kat-getestet. Artikelnummer: 1580 Gebinde: 125 ml Dose Blech Paletteninhalt: 2016 VPE: 6 STK Sprache: D &#8211; GB &#8211; I &#8211; [&hellip;]<\/p>\n","protected":false},"featured_media":22134,"comment_status":"closed","ping_status":"closed","template":"","meta":[],"class_list":["post-22133","product","type-product","status-publish","has-post-thumbnail","hentry","product_cat-2-rad-quad-kart-bike","product_cat-additive"],"_links":{"self":[{"href":"https:\/\/www.liqui-moly-shop.ch\/index.php\/wp-json\/wp\/v2\/product\/22133","targetHints":{"allow":["GET"]}}],"collection":[{"href":"https:\/\/www.liqui-moly-shop.ch\/index.php\/wp-json\/wp\/v2\/product"}],"about":[{"href":"https:\/\/www.liqui-moly-shop.ch\/index.php\/wp-json\/wp\/v2\/types\/product"}],"replies":[{"embeddable":true,"href":"https:\/\/www.liqui-moly-shop.ch\/index.php\/wp-json\/wp\/v2\/comments?post=22133"}],"wp:featuredmedia":[{"embeddable":true,"href":"https:\/\/www.liqui-moly-shop.ch\/index.php\/wp-json\/wp\/v2\/media\/22134"}],"wp:attachment":[{"href":"https:\/\/www.liqui-moly-shop.ch\/index.php\/wp-json\/wp\/v2\/media?parent=22133"}],"curies":[{"name":"wp","href":"https:\/\/api.w.org\/{rel}","templated":true}]}}