{"id":22142,"date":"2018-07-17T00:00:00","date_gmt":"2018-07-17T00:00:00","guid":{"rendered":"https:\/\/dev.liqui-moly-shop.ch\/index.php\/product\/motorbike-4t-bike-additive\/"},"modified":"2024-02-13T15:59:06","modified_gmt":"2024-02-13T15:59:06","slug":"motorbike-4t-bike-additive","status":"publish","type":"product","link":"https:\/\/www.liqui-moly-shop.ch\/index.php\/product\/motorbike-4t-bike-additive\/","title":{"rendered":"Motorbike 4T Bike-Additive"},"content":{"rendered":"<h3>Motorbike 4T Bike-Additive<\/h3>\n<p>Steigert die Leistungsf\u00e4higkeit des Motors. Entfernt Ablagerungen im Kraftstoffsystem, an Ventilen, Z\u00fcndkerzen sowie im Brennraum und verhindert deren Neubildung. Dadurch sinkt auch der Kraftstoffverbrauch. Sch\u00fctzt die gesamte Kraftstoffanlage vor Korrosion. Verhindert Vergaservereisung. Kat-getestet.<\/p>\n<p><!-- --><\/p>\n<table id=\"detail\">\n<tbody>\n<tr>\n<td class=\"left\" valign=\"top\">Artikelnummer:<\/td>\n<td class=\"right\" valign=\"top\">1581<\/td>\n<\/tr>\n<tr>\n<td class=\"left\" valign=\"top\">Gebinde:<\/td>\n<td class=\"right\" valign=\"top\">125 ml Dose Blech<\/td>\n<\/tr>\n<tr>\n<td class=\"left\" valign=\"top\">Paletteninhalt:<\/td>\n<td class=\"right\" valign=\"top\">2016<\/td>\n<\/tr>\n<tr>\n<td class=\"left\" valign=\"top\">VPE:<\/td>\n<td class=\"right\" valign=\"top\">6 STK<\/td>\n<\/tr>\n<tr>\n<td class=\"left\" valign=\"top\">Sprache:<\/td>\n<td class=\"right\" valign=\"top\">D &#8211; GB &#8211; I<\/td>\n<\/tr>\n<\/tbody>\n<\/table>\n<h3 class=\"detail\">Einsatzzweck<\/h3>\n<p>Zugabe zum Kraftstoff bei allen 4-Takt-Motoren (Vergaser und Einspritzer). 125 ml ausreichend f\u00fcr 15 bis 20 l Kraftstoff. Bei jedem Tanken zugeben.<\/p>\n<div class=\"d-flex justify-content-md-center gap-1\"><img decoding=\"async\" title=\"ghs08\" src=\"https:\/\/liquimoly.cloudimg.io\/v7\/https:\/\/www.liqui-moly.com\/static\/version1706786489\/frontend\/limo\/base\/de_CH\/images\/info\/ghs08.png\" alt=\"ghs08\" width=\"35px\" height=\"35px\" \/><\/div>\n<div class=\"text-md-center text-muted ps-md-2 pe-md-2\"><strong>Gefahr<\/strong><\/p>\n<ul class=\"info-text m-0 p-0\">\n<li>H304 Kann bei Verschlucken und Eindringen in die Atemwege t\u00f6dlich sein.<\/li>\n<li>H412 Sch\u00e4dlich f\u00fcr Wasserorganismen, mit langfristiger Wirkung.<\/li>\n<li>EUH066 Wiederholter Kontakt kann zu spr\u00f6der oder rissiger Haut f\u00fchren.<\/li>\n<\/ul>\n<\/div>\n<p>Wenn Sie Fragen rund um die Liqui Moly Produkte haben sollten, z\u00f6gern Sie nicht und kontaktieren Sie uns. Gerne stehen wir Ihnen jederzeit gerne zur Verf\u00fcgung.<\/p>\n","protected":false},"excerpt":{"rendered":"<p>Motorbike 4T Bike-Additive Steigert die Leistungsf\u00e4higkeit des Motors. Entfernt Ablagerungen im Kraftstoffsystem, an Ventilen, Z\u00fcndkerzen sowie im Brennraum und verhindert deren Neubildung. Dadurch sinkt auch der Kraftstoffverbrauch. Sch\u00fctzt die gesamte Kraftstoffanlage vor Korrosion. Verhindert Vergaservereisung. Kat-getestet. Artikelnummer: 1581 Gebinde: 125 ml Dose Blech Paletteninhalt: 2016 VPE: 6 STK Sprache: D &#8211; GB &#8211; I Einsatzzweck [&hellip;]<\/p>\n","protected":false},"featured_media":22143,"comment_status":"closed","ping_status":"closed","template":"","meta":[],"class_list":["post-22142","product","type-product","status-publish","has-post-thumbnail","hentry","product_cat-2-rad-quad-kart-bike","product_cat-additive"],"_links":{"self":[{"href":"https:\/\/www.liqui-moly-shop.ch\/index.php\/wp-json\/wp\/v2\/product\/22142","targetHints":{"allow":["GET"]}}],"collection":[{"href":"https:\/\/www.liqui-moly-shop.ch\/index.php\/wp-json\/wp\/v2\/product"}],"about":[{"href":"https:\/\/www.liqui-moly-shop.ch\/index.php\/wp-json\/wp\/v2\/types\/product"}],"replies":[{"embeddable":true,"href":"https:\/\/www.liqui-moly-shop.ch\/index.php\/wp-json\/wp\/v2\/comments?post=22142"}],"wp:featuredmedia":[{"embeddable":true,"href":"https:\/\/www.liqui-moly-shop.ch\/index.php\/wp-json\/wp\/v2\/media\/22143"}],"wp:attachment":[{"href":"https:\/\/www.liqui-moly-shop.ch\/index.php\/wp-json\/wp\/v2\/media?parent=22142"}],"curies":[{"name":"wp","href":"https:\/\/api.w.org\/{rel}","templated":true}]}}