{"id":22148,"date":"2018-07-17T00:00:00","date_gmt":"2018-07-17T00:00:00","guid":{"rendered":"https:\/\/dev.liqui-moly-shop.ch\/index.php\/product\/motorbike-speed-additive\/"},"modified":"2026-03-30T05:22:16","modified_gmt":"2026-03-30T05:22:16","slug":"motorbike-speed-additive","status":"publish","type":"product","link":"https:\/\/www.liqui-moly-shop.ch\/index.php\/product\/motorbike-speed-additive\/","title":{"rendered":"Motorbike Speed Additive"},"content":{"rendered":"<h3>Motorbike Speed Additive<\/h3>\n<p>Moderne, aschefreie Wirkstoffkombination mit beschleunigungsverbessernden, reinigenden, dispergierenden und werkstoffsch\u00fctzenden Eigenschaften. Formuliert nach dem neuesten Stand modernster Additiv- und Kraftstofftechnologie, entsprechend den Erfordernissen heutiger Motoren, Betriebsstoffe und Betriebsbedingungen. Sorgt f\u00fcr mehr Fahrspa\u00df durch optimierte Leistungsausbeute. Der Motor startet besser und l\u00e4uft au\u00dferdem ruhiger.<\/p>\n<p><!-- --><\/p>\n<table id=\"detail\">\n<tbody>\n<tr>\n<td class=\"left\" valign=\"top\">Artikelnummer:<\/td>\n<td class=\"right\" valign=\"top\">3040<\/td>\n<\/tr>\n<tr>\n<td class=\"left\" valign=\"top\">Gebinde:<\/td>\n<td class=\"right\" valign=\"top\">150 ml Dose Blech<\/td>\n<\/tr>\n<tr>\n<td class=\"left\" valign=\"top\">Paletteninhalt:<\/td>\n<td class=\"right\" valign=\"top\">1536<\/td>\n<\/tr>\n<tr>\n<td class=\"left\" valign=\"top\">VPE:<\/td>\n<td class=\"right\" valign=\"top\">6 STK<\/td>\n<\/tr>\n<tr>\n<td class=\"left\" valign=\"top\">Sprache:<\/td>\n<td class=\"right\" valign=\"top\">D &#8211; GB &#8211; I &#8211; E &#8211; P<\/td>\n<\/tr>\n<\/tbody>\n<\/table>\n<h3 class=\"detail\">Einsatzzweck<\/h3>\n<p>Zugabe zum Kraftstoff bei allen 4- und 2-Takt-Benzinmotoren.<\/p>\n<div class=\"d-flex justify-content-md-center gap-1\"><img decoding=\"async\" title=\"ghs05\" src=\"https:\/\/liquimoly.cloudimg.io\/v7\/https:\/\/www.liqui-moly.com\/static\/version1706786489\/frontend\/limo\/base\/de_DE\/images\/info\/ghs05.png\" alt=\"ghs05\" width=\"35px\" height=\"35px\" \/><img decoding=\"async\" title=\"ghs08\" src=\"https:\/\/liquimoly.cloudimg.io\/v7\/https:\/\/www.liqui-moly.com\/static\/version1706786489\/frontend\/limo\/base\/de_DE\/images\/info\/ghs08.png\" alt=\"ghs08\" width=\"35px\" height=\"35px\" \/><\/div>\n<div class=\"text-md-center text-muted ps-md-2 pe-md-2\">\n<p><strong>Gefahr<\/strong><\/p>\n<ul class=\"info-text m-0 p-0\">\n<li>H304 Kann bei Verschlucken und Eindringen in die Atemwege t\u00f6dlich sein.<\/li>\n<li>H318 Verursacht schwere Augensch\u00e4den.<\/li>\n<li>H412 Sch\u00e4dlich f\u00fcr Wasserorganismen, mit langfristiger Wirkung.<\/li>\n<li>EUH066 Wiederholter Kontakt kann zu spr\u00f6der oder rissiger Haut f\u00fchren.<\/li>\n<li>EUH208 Enth\u00e4lt Maleins\u00e4ureanhydrid. Kann allergische Reaktionen hervorrufen.<\/li>\n<\/ul>\n<\/div>\n<p>Wenn Sie Fragen rund um die Liqui Moly Produkte haben sollten, z\u00f6gern Sie nicht und kontaktieren Sie uns. Gerne stehen wir Ihnen jederzeit gerne zur Verf\u00fcgung.<\/p>\n","protected":false},"excerpt":{"rendered":"<p>Motorbike Speed Additive Moderne, aschefreie Wirkstoffkombination mit beschleunigungsverbessernden, reinigenden, dispergierenden und werkstoffsch\u00fctzenden Eigenschaften. Formuliert nach dem neuesten Stand modernster Additiv- und Kraftstofftechnologie, entsprechend den Erfordernissen heutiger Motoren, Betriebsstoffe und Betriebsbedingungen. Sorgt f\u00fcr mehr Fahrspa\u00df durch optimierte Leistungsausbeute. Der Motor startet besser und l\u00e4uft au\u00dferdem ruhiger. Artikelnummer: 3040 Gebinde: 150 ml Dose Blech Paletteninhalt: 1536 VPE: [&hellip;]<\/p>\n","protected":false},"featured_media":22149,"comment_status":"closed","ping_status":"closed","template":"","meta":[],"class_list":["post-22148","product","type-product","status-publish","has-post-thumbnail","hentry","product_cat-2-rad-quad-kart-bike","product_cat-additive"],"_links":{"self":[{"href":"https:\/\/www.liqui-moly-shop.ch\/index.php\/wp-json\/wp\/v2\/product\/22148","targetHints":{"allow":["GET"]}}],"collection":[{"href":"https:\/\/www.liqui-moly-shop.ch\/index.php\/wp-json\/wp\/v2\/product"}],"about":[{"href":"https:\/\/www.liqui-moly-shop.ch\/index.php\/wp-json\/wp\/v2\/types\/product"}],"replies":[{"embeddable":true,"href":"https:\/\/www.liqui-moly-shop.ch\/index.php\/wp-json\/wp\/v2\/comments?post=22148"}],"wp:featuredmedia":[{"embeddable":true,"href":"https:\/\/www.liqui-moly-shop.ch\/index.php\/wp-json\/wp\/v2\/media\/22149"}],"wp:attachment":[{"href":"https:\/\/www.liqui-moly-shop.ch\/index.php\/wp-json\/wp\/v2\/media?parent=22148"}],"curies":[{"name":"wp","href":"https:\/\/api.w.org\/{rel}","templated":true}]}}