{"id":22169,"date":"2018-07-17T00:00:00","date_gmt":"2018-07-17T00:00:00","guid":{"rendered":"https:\/\/dev.liqui-moly-shop.ch\/index.php\/product\/bike-cleaner\/"},"modified":"2025-11-03T10:03:24","modified_gmt":"2025-11-03T10:03:24","slug":"bike-cleaner","status":"publish","type":"product","link":"https:\/\/www.liqui-moly-shop.ch\/index.php\/product\/bike-cleaner\/","title":{"rendered":"Bike Cleaner"},"content":{"rendered":"<h3>Bike Cleaner<\/h3>\n<p>Hochwirksamer, biologisch abbaubarer Reiniger. Speziell f\u00fcr stark verschmutzte Fahrr\u00e4der. L\u00f6st und entfernt Schlamm, Schmutz, Staub, Bl\u00e4tter usw. schnell und einfach. Hinterl\u00e4sst keine fettigen R\u00fcckst\u00e4nde und hat keinen Einfluss auf die Bremswirkung.<\/p>\n<p><!-- --><\/p>\n<table id=\"detail\">\n<tbody>\n<tr>\n<td class=\"left\" valign=\"top\">Artikelnummer:<\/td>\n<td class=\"right\" valign=\"top\">21778<\/td>\n<\/tr>\n<tr>\n<td class=\"left\" valign=\"top\">Gebinde:<\/td>\n<td class=\"right\" valign=\"top\">1 l Spr\u00fchflasche Kunststoff<\/td>\n<\/tr>\n<tr>\n<td class=\"left\" valign=\"top\">Paletteninhalt:<\/td>\n<td class=\"right\" valign=\"top\">480<\/td>\n<\/tr>\n<tr>\n<td class=\"left\" valign=\"top\">VPE:<\/td>\n<td class=\"right\" valign=\"top\">6 STK<\/td>\n<\/tr>\n<tr>\n<td class=\"left\" valign=\"top\">Sprache:<\/td>\n<td class=\"right\" valign=\"top\">D &#8211; GB &#8211; E &#8211; F &#8211; I<\/td>\n<\/tr>\n<\/tbody>\n<\/table>\n<h3 class=\"detail\">Einsatzzweck<\/h3>\n<p>Zur\u00a0Reinigung von Fahrr\u00e4dern und Carbonteilen. Auch f\u00fcr E-Bikes geeignet.<\/p>\n<div class=\"d-flex justify-content-md-center gap-1\"><img decoding=\"async\" title=\"ghs07\" src=\"https:\/\/liquimoly.cloudimg.io\/v7\/https:\/\/www.liqui-moly.com\/static\/version1708014438\/frontend\/limo\/base\/de_CH\/images\/info\/ghs07.png\" alt=\"ghs07\" width=\"35px\" height=\"35px\" \/><\/div>\n<div class=\"text-md-center text-muted ps-md-2 pe-md-2\">\n<p><strong>Achtung<\/strong><\/p>\n<ul class=\"info-text m-0 p-0\">\n<li>H319 Verursacht schwere Augenreizung.<\/li>\n<li>EUH208 Enth\u00e4lt 1,2-Benzisothiazol-3(2H)-on. Kann allergische Reaktionen hervorrufen.<\/li>\n<\/ul>\n<\/div>\n<p>Wenn Sie Fragen rund um die Liqui Moly Produkte haben sollten, z\u00f6gern Sie nicht und kontaktieren Sie uns. Gerne stehen wir Ihnen jederzeit gerne zur Verf\u00fcgung.<\/p>\n","protected":false},"excerpt":{"rendered":"<p>Bike Cleaner Hochwirksamer, biologisch abbaubarer Reiniger. Speziell f\u00fcr stark verschmutzte Fahrr\u00e4der. L\u00f6st und entfernt Schlamm, Schmutz, Staub, Bl\u00e4tter usw. schnell und einfach. Hinterl\u00e4sst keine fettigen R\u00fcckst\u00e4nde und hat keinen Einfluss auf die Bremswirkung. Artikelnummer: 21778 Gebinde: 1 l Spr\u00fchflasche Kunststoff Paletteninhalt: 480 VPE: 6 STK Sprache: D &#8211; GB &#8211; E &#8211; F &#8211; I [&hellip;]<\/p>\n","protected":false},"featured_media":22170,"comment_status":"closed","ping_status":"closed","template":"","meta":[],"class_list":["post-22169","product","type-product","status-publish","has-post-thumbnail","hentry","product_cat-2-rad-quad-kart-bike","product_cat-fahrradprodukte","product_cat-pflegeprodukte"],"_links":{"self":[{"href":"https:\/\/www.liqui-moly-shop.ch\/index.php\/wp-json\/wp\/v2\/product\/22169","targetHints":{"allow":["GET"]}}],"collection":[{"href":"https:\/\/www.liqui-moly-shop.ch\/index.php\/wp-json\/wp\/v2\/product"}],"about":[{"href":"https:\/\/www.liqui-moly-shop.ch\/index.php\/wp-json\/wp\/v2\/types\/product"}],"replies":[{"embeddable":true,"href":"https:\/\/www.liqui-moly-shop.ch\/index.php\/wp-json\/wp\/v2\/comments?post=22169"}],"wp:featuredmedia":[{"embeddable":true,"href":"https:\/\/www.liqui-moly-shop.ch\/index.php\/wp-json\/wp\/v2\/media\/22170"}],"wp:attachment":[{"href":"https:\/\/www.liqui-moly-shop.ch\/index.php\/wp-json\/wp\/v2\/media?parent=22169"}],"curies":[{"name":"wp","href":"https:\/\/api.w.org\/{rel}","templated":true}]}}