{"id":22172,"date":"2018-07-17T00:00:00","date_gmt":"2018-07-17T00:00:00","guid":{"rendered":"https:\/\/dev.liqui-moly-shop.ch\/index.php\/product\/bike-lm-40-multi-funktions-spray\/"},"modified":"2024-02-19T15:30:54","modified_gmt":"2024-02-19T15:30:54","slug":"bike-lm-40-multi-funktions-spray","status":"publish","type":"product","link":"https:\/\/www.liqui-moly-shop.ch\/index.php\/product\/bike-lm-40-multi-funktions-spray\/","title":{"rendered":"Bike LM 40 Multi-Funktions-Spray"},"content":{"rendered":"<h3>Bike LM 40 Multi-Funktions-Spray<\/h3>\n<p>Universell einsetzbare Wirkstoffkombination. Sch\u00fctzt hervorragend vor Korrosion, verdr\u00e4ngt Wasser, l\u00f6st Rost sowie Schmutz und schmiert exzellent. Dringt durch seine ausgezeichnete Kriechf\u00e4higkeit selbst in engste Zwischenr\u00e4ume ein und beseitigt zuverl\u00e4ssig Quietschger\u00e4usche. Neutral gegen\u00fcber Kunststoffen, Lacken und Metallen.<\/p>\n<p><!-- --><\/p>\n<table id=\"detail\">\n<tbody>\n<tr>\n<td class=\"left\" valign=\"top\">Artikelnummer:<\/td>\n<td class=\"right\" valign=\"top\">6057<\/td>\n<\/tr>\n<tr>\n<td class=\"left\" valign=\"top\">Gebinde:<\/td>\n<td class=\"right\" valign=\"top\">50 ml Dose Aerosol<\/td>\n<\/tr>\n<tr>\n<td class=\"left\" valign=\"top\">Paletteninhalt:<\/td>\n<td class=\"right\" valign=\"top\">4224<\/td>\n<\/tr>\n<tr>\n<td class=\"left\" valign=\"top\">VPE:<\/td>\n<td class=\"right\" valign=\"top\">12 STK<\/td>\n<\/tr>\n<tr>\n<td class=\"left\" valign=\"top\">Sprache:<\/td>\n<td class=\"right\" valign=\"top\">D &#8211; GB<\/td>\n<\/tr>\n<\/tbody>\n<\/table>\n<h3 class=\"detail\">Einsatzzweck<\/h3>\n<p>Bietet dank hervorragender Eigenschaften vielf\u00e4ltige Anwendungsm\u00f6glichkeiten an s\u00e4mtlichen Fahrr\u00e4dern. Auch f\u00fcr E-Bikes geeignet.<\/p>\n<div class=\"d-flex justify-content-md-center gap-1\"><img decoding=\"async\" title=\"ghs02\" src=\"https:\/\/liquimoly.cloudimg.io\/v7\/https:\/\/www.liqui-moly.com\/static\/version1708014438\/frontend\/limo\/base\/de_CH\/images\/info\/ghs02.png\" alt=\"ghs02\" width=\"35px\" height=\"35px\" \/><img decoding=\"async\" title=\"ghs07\" src=\"https:\/\/liquimoly.cloudimg.io\/v7\/https:\/\/www.liqui-moly.com\/static\/version1708014438\/frontend\/limo\/base\/de_CH\/images\/info\/ghs07.png\" alt=\"ghs07\" width=\"35px\" height=\"35px\" \/><\/div>\n<div class=\"text-md-center text-muted ps-md-2 pe-md-2\"><strong>Gefahr<\/strong><\/p>\n<ul class=\"info-text m-0 p-0\">\n<li>H222 Extrem entz\u00fcndbares Aerosol.<\/li>\n<li>H229 Beh\u00e4lter steht unter Druck: Kann bei Erw\u00e4rmung bersten.<\/li>\n<li>H315 Verursacht Hautreizungen.<\/li>\n<li>H412 Sch\u00e4dlich f\u00fcr Wasserorganismen, mit langfristiger Wirkung.<\/li>\n<li>EUH066 Wiederholter Kontakt kann zu spr\u00f6der oder rissiger Haut f\u00fchren.<\/li>\n<\/ul>\n<\/div>\n<p>Wenn Sie Fragen rund um die Liqui Moly Produkte haben sollten, z\u00f6gern Sie nicht und kontaktieren Sie uns. Gerne stehen wir Ihnen jederzeit gerne zur Verf\u00fcgung.<\/p>\n","protected":false},"excerpt":{"rendered":"<p>Bike LM 40 Multi-Funktions-Spray Universell einsetzbare Wirkstoffkombination. Sch\u00fctzt hervorragend vor Korrosion, verdr\u00e4ngt Wasser, l\u00f6st Rost sowie Schmutz und schmiert exzellent. Dringt durch seine ausgezeichnete Kriechf\u00e4higkeit selbst in engste Zwischenr\u00e4ume ein und beseitigt zuverl\u00e4ssig Quietschger\u00e4usche. Neutral gegen\u00fcber Kunststoffen, Lacken und Metallen. Artikelnummer: 6057 Gebinde: 50 ml Dose Aerosol Paletteninhalt: 4224 VPE: 12 STK Sprache: D &#8211; [&hellip;]<\/p>\n","protected":false},"featured_media":22173,"comment_status":"closed","ping_status":"closed","template":"","meta":[],"class_list":["post-22172","product","type-product","status-publish","has-post-thumbnail","hentry","product_cat-2-rad-quad-kart-bike","product_cat-fahrradprodukte","product_cat-pflegeprodukte","product_cat-schmierstoffe","pa_fuellmenge-50-ml-dose-aerosol"],"_links":{"self":[{"href":"https:\/\/www.liqui-moly-shop.ch\/index.php\/wp-json\/wp\/v2\/product\/22172","targetHints":{"allow":["GET"]}}],"collection":[{"href":"https:\/\/www.liqui-moly-shop.ch\/index.php\/wp-json\/wp\/v2\/product"}],"about":[{"href":"https:\/\/www.liqui-moly-shop.ch\/index.php\/wp-json\/wp\/v2\/types\/product"}],"replies":[{"embeddable":true,"href":"https:\/\/www.liqui-moly-shop.ch\/index.php\/wp-json\/wp\/v2\/comments?post=22172"}],"wp:featuredmedia":[{"embeddable":true,"href":"https:\/\/www.liqui-moly-shop.ch\/index.php\/wp-json\/wp\/v2\/media\/22173"}],"wp:attachment":[{"href":"https:\/\/www.liqui-moly-shop.ch\/index.php\/wp-json\/wp\/v2\/media?parent=22172"}],"curies":[{"name":"wp","href":"https:\/\/api.w.org\/{rel}","templated":true}]}}