{"id":22175,"date":"2018-07-17T00:00:00","date_gmt":"2018-07-17T00:00:00","guid":{"rendered":"https:\/\/dev.liqui-moly-shop.ch\/index.php\/product\/bike-glanz-spruehwachs\/"},"modified":"2024-02-19T15:31:55","modified_gmt":"2024-02-19T15:31:55","slug":"bike-glanz-spruehwachs","status":"publish","type":"product","link":"https:\/\/www.liqui-moly-shop.ch\/index.php\/product\/bike-glanz-spruehwachs\/","title":{"rendered":"Bike Glanz-Spr\u00fchwachs"},"content":{"rendered":"<h3>Bike Glanz-Spr\u00fchwachs<\/h3>\n<p>Reinigt und konserviert Fahrr\u00e4der. L\u00e4sst sich m\u00fchelos auspolieren und verleiht allen Lacktypen eine glatte Oberfl\u00e4che mit strahlendem\u00a0Glanz und hervorragender\u00a0Farbtiefe. Gleicht leichte Kratzer aus und sch\u00fctzt den Lack vor Witterungseinfl\u00fcssen. Entfernt schnell und einfach leichten Dreck und fettige Verschmutzungen, ganz ohne Kratzer.<\/p>\n<p><!-- --><\/p>\n<table id=\"detail\">\n<tbody>\n<tr>\n<td class=\"left\" valign=\"top\">Artikelnummer:<\/td>\n<td class=\"right\" valign=\"top\">6058<\/td>\n<\/tr>\n<tr>\n<td class=\"left\" valign=\"top\">Gebinde:<\/td>\n<td class=\"right\" valign=\"top\">400 ml Dose Aerosol<\/td>\n<\/tr>\n<tr>\n<td class=\"left\" valign=\"top\">Paletteninhalt:<\/td>\n<td class=\"right\" valign=\"top\">1008<\/td>\n<\/tr>\n<tr>\n<td class=\"left\" valign=\"top\">VPE:<\/td>\n<td class=\"right\" valign=\"top\">12 STK<\/td>\n<\/tr>\n<tr>\n<td class=\"left\" valign=\"top\">Sprache:<\/td>\n<td class=\"right\" valign=\"top\">D &#8211; GB &#8211; E &#8211; F &#8211; I<\/td>\n<\/tr>\n<\/tbody>\n<\/table>\n<h3 class=\"detail\">Einsatzzweck<\/h3>\n<p>Hervorragende Lackpflege f\u00fcr zwischendurch. Versiegelt Lackoberfl\u00e4chen optimal gegen Witterungseinfl\u00fcsse. Auch f\u00fcr E-Bikes geeignet.<\/p>\n<div class=\"d-flex justify-content-md-center gap-1\"><img decoding=\"async\" title=\"ghs02\" src=\"https:\/\/liquimoly.cloudimg.io\/v7\/https:\/\/www.liqui-moly.com\/static\/version1708014438\/frontend\/limo\/base\/de_CH\/images\/info\/ghs02.png\" alt=\"ghs02\" width=\"35px\" height=\"35px\" \/><\/div>\n<div class=\"text-md-center text-muted ps-md-2 pe-md-2\"><strong>Gefahr<\/strong><\/p>\n<ul class=\"info-text m-0 p-0\">\n<li>H222 Extrem entz\u00fcndbares Aerosol.<\/li>\n<li>H229 Beh\u00e4lter steht unter Druck: Kann bei Erw\u00e4rmung bersten.<\/li>\n<li>EUH208 Enth\u00e4lt 1,2-Benzisothiazol-3(2H)-on. Kann allergische Reaktionen hervorrufen.<\/li>\n<\/ul>\n<\/div>\n<p>Wenn Sie Fragen rund um die Liqui Moly Produkte haben sollten, z\u00f6gern Sie nicht und kontaktieren Sie uns. Gerne stehen wir Ihnen jederzeit gerne zur Verf\u00fcgung.<\/p>\n","protected":false},"excerpt":{"rendered":"<p>Bike Glanz-Spr\u00fchwachs Reinigt und konserviert Fahrr\u00e4der. L\u00e4sst sich m\u00fchelos auspolieren und verleiht allen Lacktypen eine glatte Oberfl\u00e4che mit strahlendem\u00a0Glanz und hervorragender\u00a0Farbtiefe. Gleicht leichte Kratzer aus und sch\u00fctzt den Lack vor Witterungseinfl\u00fcssen. Entfernt schnell und einfach leichten Dreck und fettige Verschmutzungen, ganz ohne Kratzer. Artikelnummer: 6058 Gebinde: 400 ml Dose Aerosol Paletteninhalt: 1008 VPE: 12 STK [&hellip;]<\/p>\n","protected":false},"featured_media":22176,"comment_status":"closed","ping_status":"closed","template":"","meta":[],"class_list":["post-22175","product","type-product","status-publish","has-post-thumbnail","hentry","product_cat-2-rad-quad-kart-bike","product_cat-fahrradprodukte","product_cat-pflegeprodukte"],"_links":{"self":[{"href":"https:\/\/www.liqui-moly-shop.ch\/index.php\/wp-json\/wp\/v2\/product\/22175","targetHints":{"allow":["GET"]}}],"collection":[{"href":"https:\/\/www.liqui-moly-shop.ch\/index.php\/wp-json\/wp\/v2\/product"}],"about":[{"href":"https:\/\/www.liqui-moly-shop.ch\/index.php\/wp-json\/wp\/v2\/types\/product"}],"replies":[{"embeddable":true,"href":"https:\/\/www.liqui-moly-shop.ch\/index.php\/wp-json\/wp\/v2\/comments?post=22175"}],"wp:featuredmedia":[{"embeddable":true,"href":"https:\/\/www.liqui-moly-shop.ch\/index.php\/wp-json\/wp\/v2\/media\/22176"}],"wp:attachment":[{"href":"https:\/\/www.liqui-moly-shop.ch\/index.php\/wp-json\/wp\/v2\/media?parent=22175"}],"curies":[{"name":"wp","href":"https:\/\/api.w.org\/{rel}","templated":true}]}}