{"id":22184,"date":"2018-07-17T00:00:00","date_gmt":"2018-07-17T00:00:00","guid":{"rendered":"https:\/\/dev.liqui-moly-shop.ch\/index.php\/product\/bike-kettenoel-wet-lube\/"},"modified":"2026-03-16T07:36:41","modified_gmt":"2026-03-16T07:36:41","slug":"bike-kettenoel-wet-lube","status":"publish","type":"product","link":"https:\/\/www.liqui-moly-shop.ch\/index.php\/product\/bike-kettenoel-wet-lube\/","title":{"rendered":"Bike Ketten\u00f6l Wet Lube"},"content":{"rendered":"<h3>Bike Ketten\u00f6l Wet Lube<\/h3>\n<p>Hervorragendes Langzeitschmiermittel f\u00fcr Fahrradketten. Speziell f\u00fcr feuchte, schmutzige Bedingungen. Sorgt f\u00fcr besondere Laufruhe. Sch\u00fctzt alle Metallteile vor Korrosion. Neutral gegen\u00fcber Kunststoffen, Lacken und Metallen. Umweltfreundlich dank pflanzlicher Basis.<\/p>\n<p><!-- --><\/p>\n<table id=\"detail\">\n<tbody>\n<tr>\n<td class=\"left\" valign=\"top\">Artikelnummer:<\/td>\n<td class=\"right\" valign=\"top\">21779<\/td>\n<\/tr>\n<tr>\n<td class=\"left\" valign=\"top\">Gebinde:<\/td>\n<td class=\"right\" valign=\"top\">100 ml Flasche Kunststoff<\/td>\n<\/tr>\n<tr>\n<td class=\"left\" valign=\"top\">Paletteninhalt:<\/td>\n<td class=\"right\" valign=\"top\">2592<\/td>\n<\/tr>\n<tr>\n<td class=\"left\" valign=\"top\">VPE:<\/td>\n<td class=\"right\" valign=\"top\">6 STK<\/td>\n<\/tr>\n<tr>\n<td class=\"left\" valign=\"top\">Sprache:<\/td>\n<td class=\"right\" valign=\"top\">D &#8211; GB &#8211; E &#8211; F &#8211; I<\/td>\n<\/tr>\n<\/tbody>\n<\/table>\n<h3 class=\"detail\">Einsatzzweck<\/h3>\n<p>Speziell zum Schmieren und Pflegen von Fahrradketten bei feuchten, schmutzigen Bedingungen. Auch f\u00fcr E-Bikes geeignet.<\/p>\n<div class=\"d-flex justify-content-md-center gap-1\"><img decoding=\"async\" title=\"ghs07\" src=\"https:\/\/liquimoly.cloudimg.io\/v7\/https:\/\/www.liqui-moly.com\/static\/version1708014438\/frontend\/limo\/base\/de_CH\/images\/info\/ghs07.png\" alt=\"ghs07\" width=\"35px\" height=\"35px\" \/><\/div>\n<div class=\"text-md-center text-muted ps-md-2 pe-md-2\">\n<p><strong>Achtung<\/strong><\/p>\n<ul class=\"info-text m-0 p-0\">\n<li>H317 Kann allergische Hautreaktionen verursachen.<\/li>\n<li>H319 Verursacht schwere Augenreizung.<\/li>\n<\/ul>\n<\/div>\n<p>Wenn Sie Fragen rund um die Liqui Moly Produkte haben sollten, z\u00f6gern Sie nicht und kontaktieren Sie uns. Gerne stehen wir Ihnen jederzeit gerne zur Verf\u00fcgung.<\/p>\n","protected":false},"excerpt":{"rendered":"<p>Bike Ketten\u00f6l Wet Lube Hervorragendes Langzeitschmiermittel f\u00fcr Fahrradketten. Speziell f\u00fcr feuchte, schmutzige Bedingungen. Sorgt f\u00fcr besondere Laufruhe. Sch\u00fctzt alle Metallteile vor Korrosion. Neutral gegen\u00fcber Kunststoffen, Lacken und Metallen. Umweltfreundlich dank pflanzlicher Basis. Artikelnummer: 21779 Gebinde: 100 ml Flasche Kunststoff Paletteninhalt: 2592 VPE: 6 STK Sprache: D &#8211; GB &#8211; E &#8211; F &#8211; I Einsatzzweck [&hellip;]<\/p>\n","protected":false},"featured_media":22185,"comment_status":"closed","ping_status":"closed","template":"","meta":[],"class_list":["post-22184","product","type-product","status-publish","has-post-thumbnail","hentry","product_cat-2-rad-quad-kart-bike","product_cat-fahrradprodukte","product_cat-schmierstoffe-fahrradprodukte"],"_links":{"self":[{"href":"https:\/\/www.liqui-moly-shop.ch\/index.php\/wp-json\/wp\/v2\/product\/22184","targetHints":{"allow":["GET"]}}],"collection":[{"href":"https:\/\/www.liqui-moly-shop.ch\/index.php\/wp-json\/wp\/v2\/product"}],"about":[{"href":"https:\/\/www.liqui-moly-shop.ch\/index.php\/wp-json\/wp\/v2\/types\/product"}],"replies":[{"embeddable":true,"href":"https:\/\/www.liqui-moly-shop.ch\/index.php\/wp-json\/wp\/v2\/comments?post=22184"}],"wp:featuredmedia":[{"embeddable":true,"href":"https:\/\/www.liqui-moly-shop.ch\/index.php\/wp-json\/wp\/v2\/media\/22185"}],"wp:attachment":[{"href":"https:\/\/www.liqui-moly-shop.ch\/index.php\/wp-json\/wp\/v2\/media?parent=22184"}],"curies":[{"name":"wp","href":"https:\/\/api.w.org\/{rel}","templated":true}]}}