{"id":22187,"date":"2018-07-17T00:00:00","date_gmt":"2018-07-17T00:00:00","guid":{"rendered":"https:\/\/dev.liqui-moly-shop.ch\/index.php\/product\/bike-bremsen-und-kettenreiniger\/"},"modified":"2025-04-14T09:31:04","modified_gmt":"2025-04-14T09:31:04","slug":"bike-bremsen-und-kettenreiniger","status":"publish","type":"product","link":"https:\/\/www.liqui-moly-shop.ch\/index.php\/product\/bike-bremsen-und-kettenreiniger\/","title":{"rendered":"Bike Bremsen- und Kettenreiniger"},"content":{"rendered":"<h3>Bike Bremsen- und Kettenreiniger<\/h3>\n<p>Reiniger mit speziell ausgew\u00e4hlter L\u00f6sungsmittelkombination. Zur schnellen, wirkungsvollen Reinigung und Entfettung von Ketten und Scheibenbremsen an Fahrr\u00e4dern. Besonders effektiv bei \u00f6ligen und fettigen Verschmutzungen.<\/p>\n<p><!-- --><\/p>\n<table id=\"detail\">\n<tbody>\n<tr>\n<td class=\"left\" valign=\"top\">Artikelnummer:<\/td>\n<td class=\"right\" valign=\"top\">21777<\/td>\n<\/tr>\n<tr>\n<td class=\"left\" valign=\"top\">Gebinde:<\/td>\n<td class=\"right\" valign=\"top\">400 ml Dose Aerosol<\/td>\n<\/tr>\n<tr>\n<td class=\"left\" valign=\"top\">Paletteninhalt:<\/td>\n<td class=\"right\" valign=\"top\">2016<\/td>\n<\/tr>\n<tr>\n<td class=\"left\" valign=\"top\">VPE:<\/td>\n<td class=\"right\" valign=\"top\">12 STK<\/td>\n<\/tr>\n<tr>\n<td class=\"left\" valign=\"top\">Sprache:<\/td>\n<td class=\"right\" valign=\"top\">D &#8211; GB &#8211; E &#8211; F &#8211; I<\/td>\n<\/tr>\n<\/tbody>\n<\/table>\n<h3 class=\"detail\">Einsatzzweck<\/h3>\n<p>Zur Reinigung und Entfettung von Ketten und Scheibenbremsen an Fahrr\u00e4dern. Auch f\u00fcr E-Bikes geeignet.<\/p>\n<p><img decoding=\"async\" title=\"ghs02\" src=\"https:\/\/liquimoly.cloudimg.io\/v7\/https:\/\/www.liqui-moly.com\/static\/version1708014438\/frontend\/limo\/base\/de_CH\/images\/info\/ghs02.png\" alt=\"ghs02\" width=\"35px\" height=\"35px\" \/><img decoding=\"async\" title=\"ghs07\" src=\"https:\/\/liquimoly.cloudimg.io\/v7\/https:\/\/www.liqui-moly.com\/static\/version1708014438\/frontend\/limo\/base\/de_CH\/images\/info\/ghs07.png\" alt=\"ghs07\" width=\"35px\" height=\"35px\" \/><img decoding=\"async\" title=\"ghs09\" src=\"https:\/\/liquimoly.cloudimg.io\/v7\/https:\/\/www.liqui-moly.com\/static\/version1708014438\/frontend\/limo\/base\/de_CH\/images\/info\/ghs09.png\" alt=\"ghs09\" width=\"35px\" height=\"35px\" \/><\/p>\n<p>Wenn Sie Fragen rund um die Liqui Moly Produkte haben sollten, z\u00f6gern Sie nicht und kontaktieren Sie uns. Gerne stehen wir Ihnen jederzeit gerne zur Verf\u00fcgung.<\/p>\n","protected":false},"excerpt":{"rendered":"<p>Bike Bremsen- und Kettenreiniger Reiniger mit speziell ausgew\u00e4hlter L\u00f6sungsmittelkombination. Zur schnellen, wirkungsvollen Reinigung und Entfettung von Ketten und Scheibenbremsen an Fahrr\u00e4dern. Besonders effektiv bei \u00f6ligen und fettigen Verschmutzungen. Artikelnummer: 21777 Gebinde: 400 ml Dose Aerosol Paletteninhalt: 2016 VPE: 12 STK Sprache: D &#8211; GB &#8211; E &#8211; F &#8211; I Einsatzzweck Zur Reinigung und Entfettung [&hellip;]<\/p>\n","protected":false},"featured_media":22188,"comment_status":"closed","ping_status":"closed","template":"","meta":[],"class_list":["post-22187","product","type-product","status-publish","has-post-thumbnail","hentry","product_cat-2-rad-quad-kart-bike","product_cat-fahrradprodukte","pa_fuellmenge-400-ml-dose-aerosol"],"_links":{"self":[{"href":"https:\/\/www.liqui-moly-shop.ch\/index.php\/wp-json\/wp\/v2\/product\/22187","targetHints":{"allow":["GET"]}}],"collection":[{"href":"https:\/\/www.liqui-moly-shop.ch\/index.php\/wp-json\/wp\/v2\/product"}],"about":[{"href":"https:\/\/www.liqui-moly-shop.ch\/index.php\/wp-json\/wp\/v2\/types\/product"}],"replies":[{"embeddable":true,"href":"https:\/\/www.liqui-moly-shop.ch\/index.php\/wp-json\/wp\/v2\/comments?post=22187"}],"wp:featuredmedia":[{"embeddable":true,"href":"https:\/\/www.liqui-moly-shop.ch\/index.php\/wp-json\/wp\/v2\/media\/22188"}],"wp:attachment":[{"href":"https:\/\/www.liqui-moly-shop.ch\/index.php\/wp-json\/wp\/v2\/media?parent=22187"}],"curies":[{"name":"wp","href":"https:\/\/api.w.org\/{rel}","templated":true}]}}