{"id":22195,"date":"2018-07-17T00:00:00","date_gmt":"2018-07-17T00:00:00","guid":{"rendered":"https:\/\/dev.liqui-moly-shop.ch\/index.php\/product\/motorbike-fork-oil-5w-light\/"},"modified":"2024-02-14T14:32:26","modified_gmt":"2024-02-14T14:32:26","slug":"motorbike-fork-oil-5w-light","status":"publish","type":"product","link":"https:\/\/www.liqui-moly-shop.ch\/index.php\/product\/motorbike-fork-oil-5w-light\/","title":{"rendered":"Motorbike Fork Oil 5W light"},"content":{"rendered":"<h3>Motorbike Fork Oil 5W light<\/h3>\n<p>Vollsynthetisches Gabel- und Sto\u00dfd\u00e4mpfer\u00f6l. Verringert den Scherverlust und sorgt selbst nach l\u00e4ngerem Einsatz f\u00fcr sichere Fahreigenschaften. Verhindert Schaumbildung und das Aush\u00e4rten von Dichtungen. Guter Korrosions- und Verschlei\u00dfschutz sorgt f\u00fcr eine lange Lebensdauer.<\/p>\n<p><!-- --><\/p>\n<p>EinsatzzweckUniversell einsetzbar in Teleskopgabeln sowie Sto\u00dfd\u00e4mpfern von Motorr\u00e4dern, Mopeds, Mofas und sonstigen Zweiradfahrzeugen.<\/p>\n<p>Wenn Sie Fragen rund um die Liqui Moly Produkte haben sollten, z\u00f6gern Sie nicht und kontaktieren Sie uns. Gerne stehen wir Ihnen jederzeit gerne zur Verf\u00fcgung.<\/p>\n<table id=\"&gt; &lt;tbody&gt; &lt;tr&gt; &lt;td class=\"><\/table>\n","protected":false},"excerpt":{"rendered":"<p>Motorbike Fork Oil 5W light Vollsynthetisches Gabel- und Sto\u00dfd\u00e4mpfer\u00f6l. Verringert den Scherverlust und sorgt selbst nach l\u00e4ngerem Einsatz f\u00fcr sichere Fahreigenschaften. Verhindert Schaumbildung und das Aush\u00e4rten von Dichtungen. Guter Korrosions- und Verschlei\u00dfschutz sorgt f\u00fcr eine lange Lebensdauer. EinsatzzweckUniversell einsetzbar in Teleskopgabeln sowie Sto\u00dfd\u00e4mpfern von Motorr\u00e4dern, Mopeds, Mofas und sonstigen Zweiradfahrzeugen. Wenn Sie Fragen rund um [&hellip;]<\/p>\n","protected":false},"featured_media":22196,"comment_status":"closed","ping_status":"closed","template":"","meta":[],"class_list":["post-22195","product","type-product","status-publish","has-post-thumbnail","hentry","product_cat-2-rad-quad-kart-bike","product_cat-gabeloele-stossdaempferoele","pa_fuellmenge-1-l-dose-kunststoff","pa_fuellmenge-20-l-kanister-kunststoff","pa_fuellmenge-500-ml-dose-kunststoff","pa_fuellmenge-5l-kanister-kunststoff"],"_links":{"self":[{"href":"https:\/\/www.liqui-moly-shop.ch\/index.php\/wp-json\/wp\/v2\/product\/22195","targetHints":{"allow":["GET"]}}],"collection":[{"href":"https:\/\/www.liqui-moly-shop.ch\/index.php\/wp-json\/wp\/v2\/product"}],"about":[{"href":"https:\/\/www.liqui-moly-shop.ch\/index.php\/wp-json\/wp\/v2\/types\/product"}],"replies":[{"embeddable":true,"href":"https:\/\/www.liqui-moly-shop.ch\/index.php\/wp-json\/wp\/v2\/comments?post=22195"}],"wp:featuredmedia":[{"embeddable":true,"href":"https:\/\/www.liqui-moly-shop.ch\/index.php\/wp-json\/wp\/v2\/media\/22196"}],"wp:attachment":[{"href":"https:\/\/www.liqui-moly-shop.ch\/index.php\/wp-json\/wp\/v2\/media?parent=22195"}],"curies":[{"name":"wp","href":"https:\/\/api.w.org\/{rel}","templated":true}]}}