{"id":22211,"date":"2018-07-17T00:00:00","date_gmt":"2018-07-17T00:00:00","guid":{"rendered":"https:\/\/dev.liqui-moly-shop.ch\/index.php\/product\/motorbike-fork-oil-10w-medium\/"},"modified":"2021-05-20T08:07:59","modified_gmt":"2021-05-20T08:07:59","slug":"motorbike-fork-oil-10w-medium","status":"publish","type":"product","link":"https:\/\/www.liqui-moly-shop.ch\/index.php\/product\/motorbike-fork-oil-10w-medium\/","title":{"rendered":"Motorbike Fork Oil 10W medium"},"content":{"rendered":"<h3>Motorbike Fork Oil 10W medium<\/h3>\n<p>Vollsynthetisches Gabel- und Sto\u00dfd\u00e4mpfer\u00f6l. Verringert den Scherverlust und sorgt selbst nach l\u00e4ngerem Einsatz f\u00fcr sichere Fahreigenschaften. Verhindert Schaumbildung und das Aush\u00e4rten von Dichtungen. Guter Korrosions- und Verschlei\u00dfschutz sorgt f\u00fcr eine lange Lebensdauer.<\/p>\n<p><!-- --><\/p>\n<table id=\"detail\">\n<tbody>\n<tr>\n<td class=\"left\" valign=\"top\">Artikelnummer:<\/td>\n<td class=\"right\" valign=\"top\">1506<\/td>\n<\/tr>\n<tr>\n<td class=\"left\" valign=\"top\">Gebinde:<\/td>\n<td class=\"right\" valign=\"top\">500 ml Dose Kunststoff<\/td>\n<\/tr>\n<tr>\n<td class=\"left\" valign=\"top\">Paletteninhalt:<\/td>\n<td class=\"right\" valign=\"top\">840<\/td>\n<\/tr>\n<tr>\n<td class=\"left\" valign=\"top\">VPE:<\/td>\n<td class=\"right\" valign=\"top\">6 STK<\/td>\n<\/tr>\n<tr>\n<td class=\"left\" valign=\"top\">Sprache:<\/td>\n<td class=\"right\" valign=\"top\">D &#8211; GB &#8211; I &#8211; E &#8211; P<\/td>\n<\/tr>\n<\/tbody>\n<\/table>\n<h3 class=\"detail\">Einsatzzweck<\/h3>\n<p>Universell einsetzbar in Teleskopgabeln sowie Sto\u00dfd\u00e4mpfern von Motorr\u00e4dern, Mopeds, Mofas und sonstigen Zweiradfahrzeugen.<\/p>\n<p>Wenn Sie Fragen rund um die Liqui Moly Produkte haben sollten, z\u00f6gern Sie nicht und kontaktieren Sie uns. Gerne stehen wir Ihnen jederzeit gerne zur Verf\u00fcgung.<\/p>\n","protected":false},"excerpt":{"rendered":"<p>Motorbike Fork Oil 10W medium Vollsynthetisches Gabel- und Sto\u00dfd\u00e4mpfer\u00f6l. Verringert den Scherverlust und sorgt selbst nach l\u00e4ngerem Einsatz f\u00fcr sichere Fahreigenschaften. Verhindert Schaumbildung und das Aush\u00e4rten von Dichtungen. Guter Korrosions- und Verschlei\u00dfschutz sorgt f\u00fcr eine lange Lebensdauer. Artikelnummer: 1506 Gebinde: 500 ml Dose Kunststoff Paletteninhalt: 840 VPE: 6 STK Sprache: D &#8211; GB &#8211; I [&hellip;]<\/p>\n","protected":false},"featured_media":22212,"comment_status":"closed","ping_status":"closed","template":"","meta":[],"class_list":["post-22211","product","type-product","status-publish","has-post-thumbnail","hentry","product_cat-2-rad-quad-kart-bike","product_cat-gabeloele-stossdaempferoele"],"_links":{"self":[{"href":"https:\/\/www.liqui-moly-shop.ch\/index.php\/wp-json\/wp\/v2\/product\/22211","targetHints":{"allow":["GET"]}}],"collection":[{"href":"https:\/\/www.liqui-moly-shop.ch\/index.php\/wp-json\/wp\/v2\/product"}],"about":[{"href":"https:\/\/www.liqui-moly-shop.ch\/index.php\/wp-json\/wp\/v2\/types\/product"}],"replies":[{"embeddable":true,"href":"https:\/\/www.liqui-moly-shop.ch\/index.php\/wp-json\/wp\/v2\/comments?post=22211"}],"wp:featuredmedia":[{"embeddable":true,"href":"https:\/\/www.liqui-moly-shop.ch\/index.php\/wp-json\/wp\/v2\/media\/22212"}],"wp:attachment":[{"href":"https:\/\/www.liqui-moly-shop.ch\/index.php\/wp-json\/wp\/v2\/media?parent=22211"}],"curies":[{"name":"wp","href":"https:\/\/api.w.org\/{rel}","templated":true}]}}