{"id":22217,"date":"2018-07-17T00:00:00","date_gmt":"2018-07-17T00:00:00","guid":{"rendered":"https:\/\/dev.liqui-moly-shop.ch\/index.php\/product\/motorbike-gear-oil-gl4-80w\/"},"modified":"2024-02-14T10:57:50","modified_gmt":"2024-02-14T10:57:50","slug":"motorbike-gear-oil-gl4-80w","status":"publish","type":"product","link":"https:\/\/www.liqui-moly-shop.ch\/index.php\/product\/motorbike-gear-oil-gl4-80w\/","title":{"rendered":"Motorbike Gear Oil (GL4) 80W"},"content":{"rendered":"<h3>Motorbike Gear Oil (GL4) 80W<\/h3>\n<p>Leistungsstarkes Getriebe\u00f6l, hergestellt aus sorgf\u00e4ltig ausgew\u00e4hlten, mineralischen Grund\u00f6len und Additiven. Erm\u00f6glicht ein leichtes und exaktes Schalten und erf\u00fcllt die Leistungsklasse API GL-4.<\/p>\n<p><!-- --><\/p>\n<table id=\"detail\">\n<tbody>\n<tr>\n<td class=\"left\" valign=\"top\">Artikelnummer:<\/td>\n<td class=\"right\" valign=\"top\">1617<\/td>\n<\/tr>\n<tr>\n<td class=\"left\" valign=\"top\">Gebinde:<\/td>\n<td class=\"right\" valign=\"top\">500 ml Dose Kunststoff<\/td>\n<\/tr>\n<tr>\n<td class=\"left\" valign=\"top\">Paletteninhalt:<\/td>\n<td class=\"right\" valign=\"top\">840<\/td>\n<\/tr>\n<tr>\n<td class=\"left\" valign=\"top\">VPE:<\/td>\n<td class=\"right\" valign=\"top\">6 STK<\/td>\n<\/tr>\n<tr>\n<td class=\"left\" valign=\"top\">Sprache:<\/td>\n<td class=\"right\" valign=\"top\">D &#8211; GB &#8211; I &#8211; E &#8211; P<\/td>\n<\/tr>\n<\/tbody>\n<\/table>\n<h3 class=\"detail\">Einsatzzweck<\/h3>\n<p>F\u00fcr hochbelastete Motorradgetriebe und Endantriebe. Vorschriften der Getriebehersteller sind zu beachten.<\/p>\n<h3 class=\"detail\">Spezifikationen und Freigaben<\/h3>\n<p>API GL4 ; MIL-L 2105 ; ZF TE-ML 02B ; ZF TE-ML 17A<\/p>\n<p>Wenn Sie Fragen rund um die Liqui Moly Produkte haben sollten, z\u00f6gern Sie nicht und kontaktieren Sie uns. Gerne stehen wir Ihnen jederzeit gerne zur Verf\u00fcgung.<\/p>\n","protected":false},"excerpt":{"rendered":"<p>Motorbike Gear Oil (GL4) 80W Leistungsstarkes Getriebe\u00f6l, hergestellt aus sorgf\u00e4ltig ausgew\u00e4hlten, mineralischen Grund\u00f6len und Additiven. Erm\u00f6glicht ein leichtes und exaktes Schalten und erf\u00fcllt die Leistungsklasse API GL-4. Artikelnummer: 1617 Gebinde: 500 ml Dose Kunststoff Paletteninhalt: 840 VPE: 6 STK Sprache: D &#8211; GB &#8211; I &#8211; E &#8211; P Einsatzzweck F\u00fcr hochbelastete Motorradgetriebe und Endantriebe. [&hellip;]<\/p>\n","protected":false},"featured_media":22218,"comment_status":"closed","ping_status":"closed","template":"","meta":[],"class_list":["post-22217","product","type-product","status-publish","has-post-thumbnail","hentry","product_cat-2-rad-quad-kart-bike","product_cat-getriebeoele","product_cat-mineralisch"],"_links":{"self":[{"href":"https:\/\/www.liqui-moly-shop.ch\/index.php\/wp-json\/wp\/v2\/product\/22217","targetHints":{"allow":["GET"]}}],"collection":[{"href":"https:\/\/www.liqui-moly-shop.ch\/index.php\/wp-json\/wp\/v2\/product"}],"about":[{"href":"https:\/\/www.liqui-moly-shop.ch\/index.php\/wp-json\/wp\/v2\/types\/product"}],"replies":[{"embeddable":true,"href":"https:\/\/www.liqui-moly-shop.ch\/index.php\/wp-json\/wp\/v2\/comments?post=22217"}],"wp:featuredmedia":[{"embeddable":true,"href":"https:\/\/www.liqui-moly-shop.ch\/index.php\/wp-json\/wp\/v2\/media\/22218"}],"wp:attachment":[{"href":"https:\/\/www.liqui-moly-shop.ch\/index.php\/wp-json\/wp\/v2\/media?parent=22217"}],"curies":[{"name":"wp","href":"https:\/\/api.w.org\/{rel}","templated":true}]}}