{"id":22220,"date":"2018-07-17T00:00:00","date_gmt":"2018-07-17T00:00:00","guid":{"rendered":"https:\/\/dev.liqui-moly-shop.ch\/index.php\/product\/motorbike-gear-oil-gl4-80w-90-scooter\/"},"modified":"2024-02-14T10:59:25","modified_gmt":"2024-02-14T10:59:25","slug":"motorbike-gear-oil-gl4-80w-90-scooter","status":"publish","type":"product","link":"https:\/\/www.liqui-moly-shop.ch\/index.php\/product\/motorbike-gear-oil-gl4-80w-90-scooter\/","title":{"rendered":"Motorbike Gear Oil (GL4) 80W-90 Scooter"},"content":{"rendered":"<h3>Motorbike Gear Oil (GL4) 80W-90 Scooter<\/h3>\n<p>Leistungsstarkes Hochdruckgetriebe\u00f6l, hergestellt aus sorgf\u00e4ltig ausgew\u00e4hlten Grund\u00f6len und multifunktionellen Additiven. Daraus ergibt sich ein breiter Anwendungsbereich in Getrieben und Antrieben.<\/p>\n<p><!-- --><\/p>\n<table id=\"detail\">\n<tbody>\n<tr>\n<td class=\"left\" valign=\"top\">Artikelnummer:<\/td>\n<td class=\"right\" valign=\"top\">1680<\/td>\n<\/tr>\n<tr>\n<td class=\"left\" valign=\"top\">Gebinde:<\/td>\n<td class=\"right\" valign=\"top\">150 ml Tube Kunststoff<\/td>\n<\/tr>\n<tr>\n<td class=\"left\" valign=\"top\">Paletteninhalt:<\/td>\n<td class=\"right\" valign=\"top\">1152<\/td>\n<\/tr>\n<tr>\n<td class=\"left\" valign=\"top\">VPE:<\/td>\n<td class=\"right\" valign=\"top\">6 STK<\/td>\n<\/tr>\n<tr>\n<td class=\"left\" valign=\"top\">Sprache:<\/td>\n<td class=\"right\" valign=\"top\">D &#8211; GB &#8211; I &#8211; E &#8211; P<\/td>\n<\/tr>\n<\/tbody>\n<\/table>\n<h3 class=\"detail\">Einsatzzweck<\/h3>\n<p>F\u00fcr Getriebe und Endantriebe mit normaler bis hoher Belastung.<\/p>\n<h3 class=\"detail\">Spezifikationen und Freigaben<\/h3>\n<p>API GL4 ; MIL-L 2105<\/p>\n<p>Wenn Sie Fragen rund um die Liqui Moly Produkte haben sollten, z\u00f6gern Sie nicht und kontaktieren Sie uns. Gerne stehen wir Ihnen jederzeit gerne zur Verf\u00fcgung.<\/p>\n","protected":false},"excerpt":{"rendered":"<p>Motorbike Gear Oil (GL4) 80W-90 Scooter Leistungsstarkes Hochdruckgetriebe\u00f6l, hergestellt aus sorgf\u00e4ltig ausgew\u00e4hlten Grund\u00f6len und multifunktionellen Additiven. Daraus ergibt sich ein breiter Anwendungsbereich in Getrieben und Antrieben. Artikelnummer: 1680 Gebinde: 150 ml Tube Kunststoff Paletteninhalt: 1152 VPE: 6 STK Sprache: D &#8211; GB &#8211; I &#8211; E &#8211; P Einsatzzweck F\u00fcr Getriebe und Endantriebe mit normaler [&hellip;]<\/p>\n","protected":false},"featured_media":22221,"comment_status":"closed","ping_status":"closed","template":"","meta":[],"class_list":["post-22220","product","type-product","status-publish","has-post-thumbnail","hentry","product_cat-2-rad-quad-kart-bike","product_cat-getriebeoele","product_cat-mineralisch"],"_links":{"self":[{"href":"https:\/\/www.liqui-moly-shop.ch\/index.php\/wp-json\/wp\/v2\/product\/22220","targetHints":{"allow":["GET"]}}],"collection":[{"href":"https:\/\/www.liqui-moly-shop.ch\/index.php\/wp-json\/wp\/v2\/product"}],"about":[{"href":"https:\/\/www.liqui-moly-shop.ch\/index.php\/wp-json\/wp\/v2\/types\/product"}],"replies":[{"embeddable":true,"href":"https:\/\/www.liqui-moly-shop.ch\/index.php\/wp-json\/wp\/v2\/comments?post=22220"}],"wp:featuredmedia":[{"embeddable":true,"href":"https:\/\/www.liqui-moly-shop.ch\/index.php\/wp-json\/wp\/v2\/media\/22221"}],"wp:attachment":[{"href":"https:\/\/www.liqui-moly-shop.ch\/index.php\/wp-json\/wp\/v2\/media?parent=22220"}],"curies":[{"name":"wp","href":"https:\/\/api.w.org\/{rel}","templated":true}]}}