{"id":22226,"date":"2018-07-17T00:00:00","date_gmt":"2018-07-17T00:00:00","guid":{"rendered":"https:\/\/dev.liqui-moly-shop.ch\/index.php\/product\/motorbike-gear-oil-80w-90\/"},"modified":"2024-02-14T10:58:22","modified_gmt":"2024-02-14T10:58:22","slug":"motorbike-gear-oil-80w-90","status":"publish","type":"product","link":"https:\/\/www.liqui-moly-shop.ch\/index.php\/product\/motorbike-gear-oil-80w-90\/","title":{"rendered":"Motorbike Gear Oil 80W-90"},"content":{"rendered":"<h3>Motorbike Gear Oil 80W-90<\/h3>\n<p>Leistungsstarkes Hochdruckgetriebe\u00f6l, hergestellt aus sorgf\u00e4ltig ausgew\u00e4hlten Grund\u00f6len und\u00a0multifunktionellen Additiven. Universell einsetzbar in allen Arten von Motorradgetrieben gem\u00e4\u00df der API-Klassifikation GL-4.<\/p>\n<p><!-- --><\/p>\n<table id=\"detail\">\n<tbody>\n<tr>\n<td class=\"left\" valign=\"top\">Artikelnummer:<\/td>\n<td class=\"right\" valign=\"top\">3821<\/td>\n<\/tr>\n<tr>\n<td class=\"left\" valign=\"top\">Gebinde:<\/td>\n<td class=\"right\" valign=\"top\">1 l Dose Kunststoff<\/td>\n<\/tr>\n<tr>\n<td class=\"left\" valign=\"top\">Paletteninhalt:<\/td>\n<td class=\"right\" valign=\"top\">570<\/td>\n<\/tr>\n<tr>\n<td class=\"left\" valign=\"top\">VPE:<\/td>\n<td class=\"right\" valign=\"top\">6 STK<\/td>\n<\/tr>\n<tr>\n<td class=\"left\" valign=\"top\">Sprache:<\/td>\n<td class=\"right\" valign=\"top\">D &#8211; GB &#8211; I &#8211; E &#8211; P<\/td>\n<\/tr>\n<\/tbody>\n<\/table>\n<h3 class=\"detail\">Einsatzzweck<\/h3>\n<p>F\u00fcr Motorradgetriebe und Endantriebe mit normaler bis hoher Belastung. Vorschriften der Getriebehersteller sind zu beachten.<\/p>\n<h3 class=\"detail\">Spezifikationen und Freigaben<\/h3>\n<p>API GL4<\/p>\n<p>Wenn Sie Fragen rund um die Liqui Moly Produkte haben sollten, z\u00f6gern Sie nicht und kontaktieren Sie uns. Gerne stehen wir Ihnen jederzeit gerne zur Verf\u00fcgung.<\/p>\n","protected":false},"excerpt":{"rendered":"<p>Motorbike Gear Oil 80W-90 Leistungsstarkes Hochdruckgetriebe\u00f6l, hergestellt aus sorgf\u00e4ltig ausgew\u00e4hlten Grund\u00f6len und\u00a0multifunktionellen Additiven. Universell einsetzbar in allen Arten von Motorradgetrieben gem\u00e4\u00df der API-Klassifikation GL-4. Artikelnummer: 3821 Gebinde: 1 l Dose Kunststoff Paletteninhalt: 570 VPE: 6 STK Sprache: D &#8211; GB &#8211; I &#8211; E &#8211; P Einsatzzweck F\u00fcr Motorradgetriebe und Endantriebe mit normaler bis hoher [&hellip;]<\/p>\n","protected":false},"featured_media":22227,"comment_status":"closed","ping_status":"closed","template":"","meta":[],"class_list":["post-22226","product","type-product","status-publish","has-post-thumbnail","hentry","product_cat-2-rad-quad-kart-bike","product_cat-getriebeoele","product_cat-mineralisch"],"_links":{"self":[{"href":"https:\/\/www.liqui-moly-shop.ch\/index.php\/wp-json\/wp\/v2\/product\/22226","targetHints":{"allow":["GET"]}}],"collection":[{"href":"https:\/\/www.liqui-moly-shop.ch\/index.php\/wp-json\/wp\/v2\/product"}],"about":[{"href":"https:\/\/www.liqui-moly-shop.ch\/index.php\/wp-json\/wp\/v2\/types\/product"}],"replies":[{"embeddable":true,"href":"https:\/\/www.liqui-moly-shop.ch\/index.php\/wp-json\/wp\/v2\/comments?post=22226"}],"wp:featuredmedia":[{"embeddable":true,"href":"https:\/\/www.liqui-moly-shop.ch\/index.php\/wp-json\/wp\/v2\/media\/22227"}],"wp:attachment":[{"href":"https:\/\/www.liqui-moly-shop.ch\/index.php\/wp-json\/wp\/v2\/media?parent=22226"}],"curies":[{"name":"wp","href":"https:\/\/api.w.org\/{rel}","templated":true}]}}