{"id":22238,"date":"2018-07-17T00:00:00","date_gmt":"2018-07-17T00:00:00","guid":{"rendered":"https:\/\/dev.liqui-moly-shop.ch\/index.php\/product\/motorbike-gear-oil-hd-150\/"},"modified":"2024-02-14T14:30:08","modified_gmt":"2024-02-14T14:30:08","slug":"motorbike-gear-oil-hd-150","status":"publish","type":"product","link":"https:\/\/www.liqui-moly-shop.ch\/index.php\/product\/motorbike-gear-oil-hd-150\/","title":{"rendered":"Motorbike Gear Oil HD 150"},"content":{"rendered":"<h3>Motorbike Gear Oil HD 150<\/h3>\n<p>Spezielles synthetisches\u00a0Getriebe\u00f6l f\u00fcr Prim\u00e4rantriebe bei\u00a0Harley-Davidson-Motorr\u00e4dern. Optimale Schmierung\u00a0in allen Temperaturbereichen. Das synthetische Grund\u00f6l sorgt f\u00fcr optimale Druckbest\u00e4ndigkeit.<\/p>\n<p><!-- --><\/p>\n<table id=\"detail\">\n<tbody>\n<tr>\n<td class=\"left\" valign=\"top\">Artikelnummer:<\/td>\n<td class=\"right\" valign=\"top\">3822<\/td>\n<\/tr>\n<tr>\n<td class=\"left\" valign=\"top\">Gebinde:<\/td>\n<td class=\"right\" valign=\"top\">1 l Dose Kunststoff<\/td>\n<\/tr>\n<tr>\n<td class=\"left\" valign=\"top\">Paletteninhalt:<\/td>\n<td class=\"right\" valign=\"top\">570<\/td>\n<\/tr>\n<tr>\n<td class=\"left\" valign=\"top\">VPE:<\/td>\n<td class=\"right\" valign=\"top\">6 STK<\/td>\n<\/tr>\n<tr>\n<td class=\"left\" valign=\"top\">Sprache:<\/td>\n<td class=\"right\" valign=\"top\">D &#8211; GB &#8211; I &#8211; E &#8211; P<\/td>\n<\/tr>\n<\/tbody>\n<\/table>\n<h3 class=\"detail\">Einsatzzweck<\/h3>\n<p>F\u00fcr den Einsatz in den\u00a0Prim\u00e4rkettenantrieben und Kupplungen\u00a0bei den\u00a0meisten Harley-Davidson-Modellen zwischen 1984 und 2010. Achtung: Nicht f\u00fcr Modelle mit Riemenprim\u00e4rantrieb geeignet.<\/p>\n<p>Wenn Sie Fragen rund um die Liqui Moly Produkte haben sollten, z\u00f6gern Sie nicht und kontaktieren Sie uns. Gerne stehen wir Ihnen jederzeit gerne zur Verf\u00fcgung.<\/p>\n","protected":false},"excerpt":{"rendered":"<p>Motorbike Gear Oil HD 150 Spezielles synthetisches\u00a0Getriebe\u00f6l f\u00fcr Prim\u00e4rantriebe bei\u00a0Harley-Davidson-Motorr\u00e4dern. Optimale Schmierung\u00a0in allen Temperaturbereichen. Das synthetische Grund\u00f6l sorgt f\u00fcr optimale Druckbest\u00e4ndigkeit. Artikelnummer: 3822 Gebinde: 1 l Dose Kunststoff Paletteninhalt: 570 VPE: 6 STK Sprache: D &#8211; GB &#8211; I &#8211; E &#8211; P Einsatzzweck F\u00fcr den Einsatz in den\u00a0Prim\u00e4rkettenantrieben und Kupplungen\u00a0bei den\u00a0meisten Harley-Davidson-Modellen zwischen 1984 [&hellip;]<\/p>\n","protected":false},"featured_media":22239,"comment_status":"closed","ping_status":"closed","template":"","meta":[],"class_list":["post-22238","product","type-product","status-publish","has-post-thumbnail","hentry","product_cat-2-rad-quad-kart-bike","product_cat-getriebeoele","product_cat-vollsynthetisch"],"_links":{"self":[{"href":"https:\/\/www.liqui-moly-shop.ch\/index.php\/wp-json\/wp\/v2\/product\/22238","targetHints":{"allow":["GET"]}}],"collection":[{"href":"https:\/\/www.liqui-moly-shop.ch\/index.php\/wp-json\/wp\/v2\/product"}],"about":[{"href":"https:\/\/www.liqui-moly-shop.ch\/index.php\/wp-json\/wp\/v2\/types\/product"}],"replies":[{"embeddable":true,"href":"https:\/\/www.liqui-moly-shop.ch\/index.php\/wp-json\/wp\/v2\/comments?post=22238"}],"wp:featuredmedia":[{"embeddable":true,"href":"https:\/\/www.liqui-moly-shop.ch\/index.php\/wp-json\/wp\/v2\/media\/22239"}],"wp:attachment":[{"href":"https:\/\/www.liqui-moly-shop.ch\/index.php\/wp-json\/wp\/v2\/media?parent=22238"}],"curies":[{"name":"wp","href":"https:\/\/api.w.org\/{rel}","templated":true}]}}