{"id":22259,"date":"2018-07-17T00:00:00","date_gmt":"2018-07-17T00:00:00","guid":{"rendered":"https:\/\/dev.liqui-moly-shop.ch\/index.php\/product\/motorbike-2t-basic-scooter-street\/"},"modified":"2024-02-14T10:56:25","modified_gmt":"2024-02-14T10:56:25","slug":"motorbike-2t-basic-scooter-street","status":"publish","type":"product","link":"https:\/\/www.liqui-moly-shop.ch\/index.php\/product\/motorbike-2t-basic-scooter-street\/","title":{"rendered":"Motorbike 2T Basic Scooter Street"},"content":{"rendered":"<h3>Motorbike 2T Basic Scooter Street<\/h3>\n<p>Leistungsstarkes Motor\u00f6l auf Basis ausgew\u00e4hlter Mineral\u00f6le. Sorgf\u00e4ltig ausgew\u00e4hlte Rohstoffe erm\u00f6glichen den sicheren Einstieg in puncto Leistung und Schutz des Motors.<\/p>\n<p><!-- --><\/p>\n<table id=\"detail\">\n<tbody>\n<tr>\n<td class=\"left\" valign=\"top\">Artikelnummer:<\/td>\n<td class=\"right\" valign=\"top\">1619<\/td>\n<\/tr>\n<tr>\n<td class=\"left\" valign=\"top\">Gebinde:<\/td>\n<td class=\"right\" valign=\"top\">1 l Kanister Kunststoff<\/td>\n<\/tr>\n<tr>\n<td class=\"left\" valign=\"top\">Paletteninhalt:<\/td>\n<td class=\"right\" valign=\"top\">576<\/td>\n<\/tr>\n<tr>\n<td class=\"left\" valign=\"top\">VPE:<\/td>\n<td class=\"right\" valign=\"top\">6 STK<\/td>\n<\/tr>\n<tr>\n<td class=\"left\" valign=\"top\">Sprache:<\/td>\n<td class=\"right\" valign=\"top\">BOOKLET<\/td>\n<\/tr>\n<\/tbody>\n<\/table>\n<h3 class=\"detail\">Einsatzzweck<\/h3>\n<p>Entwickelt f\u00fcr luft- und wassergek\u00fchlte 2-Takt-Motoren, die normalen Betriebsbedingungen unterzogen werden. Geeignet f\u00fcr Motoren mit Getrennt- und Gemischschmierung. Selbstmischend. Mischungsverh\u00e4ltnis bis 1:50 entsprechend den Betriebsvorschriften.<\/p>\n<h3 class=\"detail\">Spezifikationen und Freigaben<\/h3>\n<p>API TC ; ISO L-EGB ; JASO FB<\/p>\n<p>Wenn Sie Fragen rund um die Liqui Moly Produkte haben sollten, z\u00f6gern Sie nicht und kontaktieren Sie uns. Gerne stehen wir Ihnen jederzeit gerne zur Verf\u00fcgung.<\/p>\n","protected":false},"excerpt":{"rendered":"<p>Motorbike 2T Basic Scooter Street Leistungsstarkes Motor\u00f6l auf Basis ausgew\u00e4hlter Mineral\u00f6le. Sorgf\u00e4ltig ausgew\u00e4hlte Rohstoffe erm\u00f6glichen den sicheren Einstieg in puncto Leistung und Schutz des Motors. Artikelnummer: 1619 Gebinde: 1 l Kanister Kunststoff Paletteninhalt: 576 VPE: 6 STK Sprache: BOOKLET Einsatzzweck Entwickelt f\u00fcr luft- und wassergek\u00fchlte 2-Takt-Motoren, die normalen Betriebsbedingungen unterzogen werden. Geeignet f\u00fcr Motoren mit [&hellip;]<\/p>\n","protected":false},"featured_media":22260,"comment_status":"closed","ping_status":"closed","template":"","meta":[],"class_list":["post-22259","product","type-product","status-publish","has-post-thumbnail","hentry","product_cat-2-rad-quad-kart-bike","product_cat-mineralisch-motoroele-2-takt-street","product_cat-motoroele-2-takt-street","pa_fuellmenge-1-l-dose-kunststoff","pa_fuellmenge-4-l-kanister-kunststoff"],"_links":{"self":[{"href":"https:\/\/www.liqui-moly-shop.ch\/index.php\/wp-json\/wp\/v2\/product\/22259","targetHints":{"allow":["GET"]}}],"collection":[{"href":"https:\/\/www.liqui-moly-shop.ch\/index.php\/wp-json\/wp\/v2\/product"}],"about":[{"href":"https:\/\/www.liqui-moly-shop.ch\/index.php\/wp-json\/wp\/v2\/types\/product"}],"replies":[{"embeddable":true,"href":"https:\/\/www.liqui-moly-shop.ch\/index.php\/wp-json\/wp\/v2\/comments?post=22259"}],"wp:featuredmedia":[{"embeddable":true,"href":"https:\/\/www.liqui-moly-shop.ch\/index.php\/wp-json\/wp\/v2\/media\/22260"}],"wp:attachment":[{"href":"https:\/\/www.liqui-moly-shop.ch\/index.php\/wp-json\/wp\/v2\/media?parent=22259"}],"curies":[{"name":"wp","href":"https:\/\/api.w.org\/{rel}","templated":true}]}}