{"id":22265,"date":"2018-07-17T00:00:00","date_gmt":"2018-07-17T00:00:00","guid":{"rendered":"https:\/\/dev.liqui-moly-shop.ch\/index.php\/product\/motorbike-2t-semisynth-scooter-street\/"},"modified":"2018-07-17T00:00:00","modified_gmt":"2018-07-17T00:00:00","slug":"motorbike-2t-semisynth-scooter-street","status":"publish","type":"product","link":"https:\/\/www.liqui-moly-shop.ch\/index.php\/product\/motorbike-2t-semisynth-scooter-street\/","title":{"rendered":"Motorbike 2T Semisynth Scooter Street"},"content":{"rendered":"<h3>Motorbike 2T Semisynth Scooter Street<\/h3>\n<p>Teilsynthetisches High-Performance-Motor\u00f6l. Sorgt f\u00fcr maximale Leistung und Schutz des Motors unter allen Betriebsbedingungen. Optimale Schmierung, hervorragende Motorsauberkeit, ausgezeichnete Reibwerte sowie minimaler Verschlei\u00df sind ebenso selbstverst\u00e4ndlich wie eine geringe Rauchentwicklung. Kat-getestet.<\/p>\n<p><!-- --><\/p>\n<table id=\"detail\">\n<tbody>\n<tr>\n<td class=\"left\" valign=\"top\">Artikelnummer:<\/td>\n<td class=\"right\" valign=\"top\">1622<\/td>\n<\/tr>\n<tr>\n<td class=\"left\" valign=\"top\">Gebinde:<\/td>\n<td class=\"right\" valign=\"top\">500 ml Dose Kunststoff<\/td>\n<\/tr>\n<tr>\n<td class=\"left\" valign=\"top\">Paletteninhalt:<\/td>\n<td class=\"right\" valign=\"top\">840<\/td>\n<\/tr>\n<tr>\n<td class=\"left\" valign=\"top\">VPE:<\/td>\n<td class=\"right\" valign=\"top\">6 STK<\/td>\n<\/tr>\n<tr>\n<td class=\"left\" valign=\"top\">Sprache:<\/td>\n<td class=\"right\" valign=\"top\">D &#8211; GB &#8211; I &#8211; E &#8211; P<\/td>\n<\/tr>\n<\/tbody>\n<\/table>\n<h3 class=\"detail\">Einsatzzweck<\/h3>\n<p>Entwickelt f\u00fcr luft- und wassergek\u00fchlte 2-Takt-Motoren, die normalen bis hohen Betriebsbedingungen unterzogen werden. F\u00fcr den sportlichen Einsatz. Geeignet f\u00fcr Motoren mit Getrennt- und Gemischschmierung. Selbstmischend. Mischungsverh\u00e4ltnis bis 1:50 entsprechend den Betriebsvorschriften.<\/p>\n<h3 class=\"detail\">Spezifikationen und Freigaben<\/h3>\n<p>API TC ; ISO L-EGC ; JASO FC ; TISI (Thailand International Standards Institute)<\/p>\n<p>Wenn Sie Fragen rund um die Liqui Moly Produkte haben sollten, z\u00f6gern Sie nicht und kontaktieren Sie uns. Gerne stehen wir Ihnen jederzeit gerne zur Verf\u00fcgung.<\/p>\n","protected":false},"excerpt":{"rendered":"<p>Motorbike 2T Semisynth Scooter Street Teilsynthetisches High-Performance-Motor\u00f6l. Sorgt f\u00fcr maximale Leistung und Schutz des Motors unter allen Betriebsbedingungen. Optimale Schmierung, hervorragende Motorsauberkeit, ausgezeichnete Reibwerte sowie minimaler Verschlei\u00df sind ebenso selbstverst\u00e4ndlich wie eine geringe Rauchentwicklung. Kat-getestet. Artikelnummer: 1622 Gebinde: 500 ml Dose Kunststoff Paletteninhalt: 840 VPE: 6 STK Sprache: D &#8211; GB &#8211; I &#8211; E [&hellip;]<\/p>\n","protected":false},"featured_media":22266,"comment_status":"closed","ping_status":"closed","template":"","meta":[],"class_list":["post-22265","product","type-product","status-publish","has-post-thumbnail","hentry","product_cat-2-rad-quad-kart-bike","product_cat-motoroele-2-takt-street","product_cat-teilsynthetisch-motoroele-2-takt-street"],"_links":{"self":[{"href":"https:\/\/www.liqui-moly-shop.ch\/index.php\/wp-json\/wp\/v2\/product\/22265","targetHints":{"allow":["GET"]}}],"collection":[{"href":"https:\/\/www.liqui-moly-shop.ch\/index.php\/wp-json\/wp\/v2\/product"}],"about":[{"href":"https:\/\/www.liqui-moly-shop.ch\/index.php\/wp-json\/wp\/v2\/types\/product"}],"replies":[{"embeddable":true,"href":"https:\/\/www.liqui-moly-shop.ch\/index.php\/wp-json\/wp\/v2\/comments?post=22265"}],"wp:featuredmedia":[{"embeddable":true,"href":"https:\/\/www.liqui-moly-shop.ch\/index.php\/wp-json\/wp\/v2\/media\/22266"}],"wp:attachment":[{"href":"https:\/\/www.liqui-moly-shop.ch\/index.php\/wp-json\/wp\/v2\/media?parent=22265"}],"curies":[{"name":"wp","href":"https:\/\/api.w.org\/{rel}","templated":true}]}}