{"id":22280,"date":"2018-07-17T00:00:00","date_gmt":"2018-07-17T00:00:00","guid":{"rendered":"https:\/\/dev.liqui-moly-shop.ch\/index.php\/product\/motorbike-4t-10w-40-offroad\/"},"modified":"2021-05-20T09:34:04","modified_gmt":"2021-05-20T09:34:04","slug":"motorbike-4t-10w-40-offroad","status":"publish","type":"product","link":"https:\/\/www.liqui-moly-shop.ch\/index.php\/product\/motorbike-4t-10w-40-offroad\/","title":{"rendered":"Motorbike 4T 10W-40 Offroad"},"content":{"rendered":"<h3>Motorbike 4T 10W-40 Offroad<\/h3>\n<p>High-Performance-Motor\u00f6l auf Basis Synthesetechnologie. Sorgt f\u00fcr maximale Leistung und Schutz des Motors unter allen Betriebsbedingungen. Optimale Schmierung, hervorragende Motorsauberkeit, ausgezeichnete Reibwerte sowie minimaler Verschlei\u00df sind ebenso selbstverst\u00e4ndlich wie sanftes Ein- und Auskuppeln\u00a0sowie Schalten. Kat-getestet.<\/p>\n<p><!-- --><\/p>\n<table id=\"detail\">\n<tbody>\n<tr>\n<td class=\"left\" valign=\"top\">Artikelnummer:<\/td>\n<td class=\"right\" valign=\"top\">3055<\/td>\n<\/tr>\n<tr>\n<td class=\"left\" valign=\"top\">Gebinde:<\/td>\n<td class=\"right\" valign=\"top\">1 l Kanister Kunststoff<\/td>\n<\/tr>\n<tr>\n<td class=\"left\" valign=\"top\">Paletteninhalt:<\/td>\n<td class=\"right\" valign=\"top\">576<\/td>\n<\/tr>\n<tr>\n<td class=\"left\" valign=\"top\">VPE:<\/td>\n<td class=\"right\" valign=\"top\">6 STK<\/td>\n<\/tr>\n<tr>\n<td class=\"left\" valign=\"top\">Sprache:<\/td>\n<td class=\"right\" valign=\"top\">BOOKLET<\/td>\n<\/tr>\n<\/tbody>\n<\/table>\n<h3 class=\"detail\">Einsatzzweck<\/h3>\n<p>Speziell entwickelt f\u00fcr luft- und wassergek\u00fchlte 4-Takt-Motoren, die unter h\u00f6chsten Belastungen abseits der Stra\u00dfe eingesetzt werden. F\u00fcr den sportlichen Fahrer. Geeignet f\u00fcr Enduro-, Motocross-Maschinen, Quad, SxS und Snowmobile mit und ohne Nasskupplung.<\/p>\n<h3 class=\"detail\">Spezifikationen und Freigaben<\/h3>\n<p>API SN ; JASO MA2<\/p>\n<p>Wenn Sie Fragen rund um die Liqui Moly Produkte haben sollten, z\u00f6gern Sie nicht und kontaktieren Sie uns. Gerne stehen wir Ihnen jederzeit gerne zur Verf\u00fcgung.<\/p>\n","protected":false},"excerpt":{"rendered":"<p>Motorbike 4T 10W-40 Offroad High-Performance-Motor\u00f6l auf Basis Synthesetechnologie. Sorgt f\u00fcr maximale Leistung und Schutz des Motors unter allen Betriebsbedingungen. Optimale Schmierung, hervorragende Motorsauberkeit, ausgezeichnete Reibwerte sowie minimaler Verschlei\u00df sind ebenso selbstverst\u00e4ndlich wie sanftes Ein- und Auskuppeln\u00a0sowie Schalten. Kat-getestet. Artikelnummer: 3055 Gebinde: 1 l Kanister Kunststoff Paletteninhalt: 576 VPE: 6 STK Sprache: BOOKLET Einsatzzweck Speziell entwickelt [&hellip;]<\/p>\n","protected":false},"featured_media":22281,"comment_status":"closed","ping_status":"closed","template":"","meta":[],"class_list":["post-22280","product","type-product","status-publish","has-post-thumbnail","hentry","product_cat-2-rad-quad-kart-bike","product_cat-motoroele-4-takt-offroad","product_cat-synthesetechnologie-motoroele-4-takt-offroad"],"_links":{"self":[{"href":"https:\/\/www.liqui-moly-shop.ch\/index.php\/wp-json\/wp\/v2\/product\/22280","targetHints":{"allow":["GET"]}}],"collection":[{"href":"https:\/\/www.liqui-moly-shop.ch\/index.php\/wp-json\/wp\/v2\/product"}],"about":[{"href":"https:\/\/www.liqui-moly-shop.ch\/index.php\/wp-json\/wp\/v2\/types\/product"}],"replies":[{"embeddable":true,"href":"https:\/\/www.liqui-moly-shop.ch\/index.php\/wp-json\/wp\/v2\/comments?post=22280"}],"wp:featuredmedia":[{"embeddable":true,"href":"https:\/\/www.liqui-moly-shop.ch\/index.php\/wp-json\/wp\/v2\/media\/22281"}],"wp:attachment":[{"href":"https:\/\/www.liqui-moly-shop.ch\/index.php\/wp-json\/wp\/v2\/media?parent=22280"}],"curies":[{"name":"wp","href":"https:\/\/api.w.org\/{rel}","templated":true}]}}