{"id":22295,"date":"2018-07-17T00:00:00","date_gmt":"2018-07-17T00:00:00","guid":{"rendered":"https:\/\/dev.liqui-moly-shop.ch\/index.php\/product\/motorbike-4t-10w-40-basic-street\/"},"modified":"2026-03-23T15:57:33","modified_gmt":"2026-03-23T15:57:33","slug":"motorbike-4t-10w-40-basic-street","status":"publish","type":"product","link":"https:\/\/www.liqui-moly-shop.ch\/index.php\/product\/motorbike-4t-10w-40-basic-street\/","title":{"rendered":"Motorbike 4T 10W-40 Basic Street"},"content":{"rendered":"<h3>Motorbike 4T 10W-40 Basic Street<\/h3>\n<p>Leistungsstarkes Motor\u00f6l auf Basis ausgew\u00e4hlter Mineral\u00f6le. Sorgt f\u00fcr optimale Leistung und Schutz des Motors unter allen Betriebsbedingungen. Sichere Schmierung, optimale Ger\u00e4uschd\u00e4mpfung sowie geringer Verschlei\u00df sind ebenso selbstverst\u00e4ndlich wie sanftes Ein- und Auskuppeln\u00a0sowie Schalten. Kat-getestet.<\/p>\n<p><!-- --><\/p>\n<table id=\"detail\">\n<tbody>\n<tr>\n<td class=\"left\" valign=\"top\">Artikelnummer:<\/td>\n<td class=\"right\" valign=\"top\">1521<\/td>\n<\/tr>\n<tr>\n<td class=\"left\" valign=\"top\">Gebinde:<\/td>\n<td class=\"right\" valign=\"top\">1 l Kanister Kunststoff<\/td>\n<\/tr>\n<tr>\n<td class=\"left\" valign=\"top\">Paletteninhalt:<\/td>\n<td class=\"right\" valign=\"top\">576<\/td>\n<\/tr>\n<tr>\n<td class=\"left\" valign=\"top\">VPE:<\/td>\n<td class=\"right\" valign=\"top\">6 STK<\/td>\n<\/tr>\n<tr>\n<td class=\"left\" valign=\"top\">Sprache:<\/td>\n<td class=\"right\" valign=\"top\">BOOKLET<\/td>\n<\/tr>\n<\/tbody>\n<\/table>\n<h3 class=\"detail\">Einsatzzweck<\/h3>\n<p>Entwickelt f\u00fcr luft- und wassergek\u00fchlte 4-Takt-Motoren, die normalen bis erh\u00f6hten Betriebsbedingungen unterzogen werden. Geeignet f\u00fcr Motoren mit und ohne Nasskupplung.<\/p>\n<h3 class=\"detail\">Spezifikationen und Freigaben<\/h3>\n<p>API SL ; JASO MA2<\/p>\n<p>Wenn Sie Fragen rund um die Liqui Moly Produkte haben sollten, z\u00f6gern Sie nicht und kontaktieren Sie uns. Gerne stehen wir Ihnen jederzeit gerne zur Verf\u00fcgung.<\/p>\n","protected":false},"excerpt":{"rendered":"<p>Motorbike 4T 10W-40 Basic Street Leistungsstarkes Motor\u00f6l auf Basis ausgew\u00e4hlter Mineral\u00f6le. Sorgt f\u00fcr optimale Leistung und Schutz des Motors unter allen Betriebsbedingungen. Sichere Schmierung, optimale Ger\u00e4uschd\u00e4mpfung sowie geringer Verschlei\u00df sind ebenso selbstverst\u00e4ndlich wie sanftes Ein- und Auskuppeln\u00a0sowie Schalten. Kat-getestet. Artikelnummer: 1521 Gebinde: 1 l Kanister Kunststoff Paletteninhalt: 576 VPE: 6 STK Sprache: BOOKLET Einsatzzweck Entwickelt [&hellip;]<\/p>\n","protected":false},"featured_media":22296,"comment_status":"closed","ping_status":"closed","template":"","meta":[],"class_list":["post-22295","product","type-product","status-publish","has-post-thumbnail","hentry","product_cat-2-rad-quad-kart-bike","product_cat-mineralisch-motoroele-4-takt-street","product_cat-motoroele-4-takt-street"],"_links":{"self":[{"href":"https:\/\/www.liqui-moly-shop.ch\/index.php\/wp-json\/wp\/v2\/product\/22295","targetHints":{"allow":["GET"]}}],"collection":[{"href":"https:\/\/www.liqui-moly-shop.ch\/index.php\/wp-json\/wp\/v2\/product"}],"about":[{"href":"https:\/\/www.liqui-moly-shop.ch\/index.php\/wp-json\/wp\/v2\/types\/product"}],"replies":[{"embeddable":true,"href":"https:\/\/www.liqui-moly-shop.ch\/index.php\/wp-json\/wp\/v2\/comments?post=22295"}],"wp:featuredmedia":[{"embeddable":true,"href":"https:\/\/www.liqui-moly-shop.ch\/index.php\/wp-json\/wp\/v2\/media\/22296"}],"wp:attachment":[{"href":"https:\/\/www.liqui-moly-shop.ch\/index.php\/wp-json\/wp\/v2\/media?parent=22295"}],"curies":[{"name":"wp","href":"https:\/\/api.w.org\/{rel}","templated":true}]}}