{"id":22320,"date":"2018-07-17T00:00:00","date_gmt":"2018-07-17T00:00:00","guid":{"rendered":"https:\/\/dev.liqui-moly-shop.ch\/index.php\/product\/motorbike-4t-synth-10w-40-street-race\/"},"modified":"2024-02-14T09:18:02","modified_gmt":"2024-02-14T09:18:02","slug":"motorbike-4t-synth-10w-40-street-race","status":"publish","type":"product","link":"https:\/\/www.liqui-moly-shop.ch\/index.php\/product\/motorbike-4t-synth-10w-40-street-race\/","title":{"rendered":"Motorbike 4T Synth 10W-40 Street Race"},"content":{"rendered":"<h3>Motorbike 4T Synth 10W-40 Street Race<\/h3>\n<p>Vollsynthetisches High-Performance-Motoren\u00f6l. F\u00fcr maximale Leistung und optimalen Motorschutz unter allen Betriebsbedingungen. \u00dcberzeugt durch\u00a0perfekte\u00a0Schmierung, hervorragende Motorsauberkeit, ausgezeichnete Reibwerte und minimalen Verschlei\u00df. Gew\u00e4hrleistet\u00a0ein sanftes Ein- und Auskuppeln sowie Schalten, was den Fahrspa\u00df\u00a0deutlich\u00a0erh\u00f6ht. Kat-getestet und rennerprobt.<\/p>\n<p><!-- --><\/p>\n<table id=\"detail\">\n<tbody>\n<tr>\n<td class=\"left\" valign=\"top\">Artikelnummer:<\/td>\n<td class=\"right\" valign=\"top\">20753<\/td>\n<\/tr>\n<tr>\n<td class=\"left\" valign=\"top\">Gebinde:<\/td>\n<td class=\"right\" valign=\"top\">1 l Kanister Kunststoff<\/td>\n<\/tr>\n<tr>\n<td class=\"left\" valign=\"top\">Paletteninhalt:<\/td>\n<td class=\"right\" valign=\"top\">576<\/td>\n<\/tr>\n<tr>\n<td class=\"left\" valign=\"top\">VPE:<\/td>\n<td class=\"right\" valign=\"top\">6 STK<\/td>\n<\/tr>\n<tr>\n<td class=\"left\" valign=\"top\">Sprache:<\/td>\n<td class=\"right\" valign=\"top\">BOOKLET<\/td>\n<\/tr>\n<\/tbody>\n<\/table>\n<h3 class=\"detail\">Einsatzzweck<\/h3>\n<p>Entwickelt f\u00fcr luft- und wassergek\u00fchlte 4-Takt-Motoren, die normalen bis h\u00f6chsten Betriebsbedingungen unterzogen werden. Geeignet f\u00fcr den sportlichen Einsatz. F\u00fcr Motoren mit und ohne Nasskupplung.<\/p>\n<h3 class=\"detail\">Spezifikationen und Freigaben<\/h3>\n<p>API SN ; JASO MA2<\/p>\n<p>Wenn Sie Fragen rund um die Liqui Moly Produkte haben sollten, z\u00f6gern Sie nicht und kontaktieren Sie uns. Gerne stehen wir Ihnen jederzeit gerne zur Verf\u00fcgung.<\/p>\n","protected":false},"excerpt":{"rendered":"<p>Motorbike 4T Synth 10W-40 Street Race Vollsynthetisches High-Performance-Motoren\u00f6l. F\u00fcr maximale Leistung und optimalen Motorschutz unter allen Betriebsbedingungen. \u00dcberzeugt durch\u00a0perfekte\u00a0Schmierung, hervorragende Motorsauberkeit, ausgezeichnete Reibwerte und minimalen Verschlei\u00df. Gew\u00e4hrleistet\u00a0ein sanftes Ein- und Auskuppeln sowie Schalten, was den Fahrspa\u00df\u00a0deutlich\u00a0erh\u00f6ht. Kat-getestet und rennerprobt. Artikelnummer: 20753 Gebinde: 1 l Kanister Kunststoff Paletteninhalt: 576 VPE: 6 STK Sprache: BOOKLET Einsatzzweck Entwickelt [&hellip;]<\/p>\n","protected":false},"featured_media":22321,"comment_status":"closed","ping_status":"closed","template":"","meta":[],"class_list":["post-22320","product","type-product","status-publish","has-post-thumbnail","hentry","product_cat-2-rad-quad-kart-bike","product_cat-motoroele-4-takt-street","product_cat-vollsynthetisch-motoroele-4-takt-street"],"_links":{"self":[{"href":"https:\/\/www.liqui-moly-shop.ch\/index.php\/wp-json\/wp\/v2\/product\/22320","targetHints":{"allow":["GET"]}}],"collection":[{"href":"https:\/\/www.liqui-moly-shop.ch\/index.php\/wp-json\/wp\/v2\/product"}],"about":[{"href":"https:\/\/www.liqui-moly-shop.ch\/index.php\/wp-json\/wp\/v2\/types\/product"}],"replies":[{"embeddable":true,"href":"https:\/\/www.liqui-moly-shop.ch\/index.php\/wp-json\/wp\/v2\/comments?post=22320"}],"wp:featuredmedia":[{"embeddable":true,"href":"https:\/\/www.liqui-moly-shop.ch\/index.php\/wp-json\/wp\/v2\/media\/22321"}],"wp:attachment":[{"href":"https:\/\/www.liqui-moly-shop.ch\/index.php\/wp-json\/wp\/v2\/media?parent=22320"}],"curies":[{"name":"wp","href":"https:\/\/api.w.org\/{rel}","templated":true}]}}