{"id":22350,"date":"2018-07-17T00:00:00","date_gmt":"2018-07-17T00:00:00","guid":{"rendered":"https:\/\/dev.liqui-moly-shop.ch\/index.php\/product\/motorbike-helm-innen-reiniger\/"},"modified":"2024-02-16T16:05:31","modified_gmt":"2024-02-16T16:05:31","slug":"motorbike-helm-innen-reiniger","status":"publish","type":"product","link":"https:\/\/www.liqui-moly-shop.ch\/index.php\/product\/motorbike-helm-innen-reiniger\/","title":{"rendered":"Motorbike Helm-Innen-Reiniger"},"content":{"rendered":"<h3>Motorbike Helm-Innen-Reiniger<\/h3>\n<p>Reinigt schonend und gr\u00fcndlich. Beseitigt innerhalb k\u00fcrzester Zeit (ca. 10 Min.) unangenehme Ger\u00fcche, die durch Bakterien und Pilze verursacht werden. Bildet einen Schutzfilm, der\u00a0eine erneute schnelle Verschmutzung verhindert.<\/p>\n<p><!-- --><\/p>\n<table id=\"detail\">\n<tbody>\n<tr>\n<td class=\"left\" valign=\"top\">Artikelnummer:<\/td>\n<td class=\"right\" valign=\"top\">1603<\/td>\n<\/tr>\n<tr>\n<td class=\"left\" valign=\"top\">Gebinde:<\/td>\n<td class=\"right\" valign=\"top\">300 ml Dose Aerosol<\/td>\n<\/tr>\n<tr>\n<td class=\"left\" valign=\"top\">Paletteninhalt:<\/td>\n<td class=\"right\" valign=\"top\">1260<\/td>\n<\/tr>\n<tr>\n<td class=\"left\" valign=\"top\">VPE:<\/td>\n<td class=\"right\" valign=\"top\">12 STK<\/td>\n<\/tr>\n<tr>\n<td class=\"left\" valign=\"top\">Sprache:<\/td>\n<td class=\"right\" valign=\"top\">D &#8211; GB &#8211; I &#8211; E &#8211; P<\/td>\n<\/tr>\n<\/tbody>\n<\/table>\n<h3 class=\"detail\">Einsatzzweck<\/h3>\n<p>Zur\u00a0Reinigung von Helmpolstern, Helmen, Visieren, Verkleidungen, Sitzb\u00e4nken etc.<\/p>\n<div class=\"d-flex justify-content-md-center gap-1\"><img decoding=\"async\" title=\"ghs02\" src=\"https:\/\/liquimoly.cloudimg.io\/v7\/https:\/\/www.liqui-moly.com\/static\/version1708014438\/frontend\/limo\/base\/de_DE\/images\/info\/ghs02.png\" alt=\"ghs02\" width=\"35px\" height=\"35px\" \/><\/div>\n<div class=\"text-md-center text-muted ps-md-2 pe-md-2\"><strong>Gefahr<\/strong><\/p>\n<ul class=\"info-text m-0 p-0\">\n<li>H222 Extrem entz\u00fcndbares Aerosol.<\/li>\n<li>H229 Beh\u00e4lter steht unter Druck: Kann bei Erw\u00e4rmung bersten.<\/li>\n<li>EUH208 Enth\u00e4lt (R)-p-Mentha-1,8-dien. Kann allergische Reaktionen hervorrufen.<\/li>\n<\/ul>\n<\/div>\n<p>Wenn Sie Fragen rund um die Liqui Moly Produkte haben sollten, z\u00f6gern Sie nicht und kontaktieren Sie uns. Gerne stehen wir Ihnen jederzeit gerne zur Verf\u00fcgung.<\/p>\n","protected":false},"excerpt":{"rendered":"<p>Motorbike Helm-Innen-Reiniger Reinigt schonend und gr\u00fcndlich. Beseitigt innerhalb k\u00fcrzester Zeit (ca. 10 Min.) unangenehme Ger\u00fcche, die durch Bakterien und Pilze verursacht werden. Bildet einen Schutzfilm, der\u00a0eine erneute schnelle Verschmutzung verhindert. Artikelnummer: 1603 Gebinde: 300 ml Dose Aerosol Paletteninhalt: 1260 VPE: 12 STK Sprache: D &#8211; GB &#8211; I &#8211; E &#8211; P Einsatzzweck Zur\u00a0Reinigung von [&hellip;]<\/p>\n","protected":false},"featured_media":22351,"comment_status":"closed","ping_status":"closed","template":"","meta":[],"class_list":["post-22350","product","type-product","status-publish","has-post-thumbnail","hentry","product_cat-2-rad-quad-kart-bike","product_cat-pflegeprodukte-2-rad-quad-kart-bike"],"_links":{"self":[{"href":"https:\/\/www.liqui-moly-shop.ch\/index.php\/wp-json\/wp\/v2\/product\/22350","targetHints":{"allow":["GET"]}}],"collection":[{"href":"https:\/\/www.liqui-moly-shop.ch\/index.php\/wp-json\/wp\/v2\/product"}],"about":[{"href":"https:\/\/www.liqui-moly-shop.ch\/index.php\/wp-json\/wp\/v2\/types\/product"}],"replies":[{"embeddable":true,"href":"https:\/\/www.liqui-moly-shop.ch\/index.php\/wp-json\/wp\/v2\/comments?post=22350"}],"wp:featuredmedia":[{"embeddable":true,"href":"https:\/\/www.liqui-moly-shop.ch\/index.php\/wp-json\/wp\/v2\/media\/22351"}],"wp:attachment":[{"href":"https:\/\/www.liqui-moly-shop.ch\/index.php\/wp-json\/wp\/v2\/media?parent=22350"}],"curies":[{"name":"wp","href":"https:\/\/api.w.org\/{rel}","templated":true}]}}