{"id":22434,"date":"2018-07-17T00:00:00","date_gmt":"2018-07-17T00:00:00","guid":{"rendered":"https:\/\/dev.liqui-moly-shop.ch\/index.php\/product\/motorbike-oelschrank\/"},"modified":"2018-07-17T00:00:00","modified_gmt":"2018-07-17T00:00:00","slug":"motorbike-oelschrank","status":"publish","type":"product","link":"https:\/\/www.liqui-moly-shop.ch\/index.php\/product\/motorbike-oelschrank\/","title":{"rendered":"Motorbike-\u00d6lschrank"},"content":{"rendered":"<h3>Motorbike-\u00d6lschrank<\/h3>\n<p><strong>f\u00fcr 20 l- und 1 l-Gebinde von LIQUI MOLY<\/strong><br \/>\nbestehend aus 3 x 20 l-Kanister und 3 x 6er VPE der 1 l-Motorrad\u00f6lkanister (nach Wahl)<br \/>\n\u2022 Ma\u00dfe: 950\u00a0x 630 x 550 mm (H x B x T)<br \/>\n\u2022 Gewicht: 52 kg<br \/>\n\u2022 Farbe: Korpus RAL 7016, T\u00fcren 9006<\/p>\n<p><!-- --><\/p>\n<table id=\"detail\">\n<tbody>\n<tr>\n<td class=\"left\" valign=\"top\">Artikelnummer:<\/td>\n<td class=\"right\" valign=\"top\">7990<\/td>\n<\/tr>\n<tr>\n<td class=\"left\" valign=\"top\">Gebinde:<\/td>\n<td class=\"right\" valign=\"top\">1 Stk Karton<\/td>\n<\/tr>\n<tr>\n<td class=\"left\" valign=\"top\">Paletteninhalt:<\/td>\n<td class=\"right\" valign=\"top\">1<\/td>\n<\/tr>\n<tr>\n<td class=\"left\" valign=\"top\">VPE:<\/td>\n<td class=\"right\" valign=\"top\">1 STK<\/td>\n<\/tr>\n<tr>\n<td class=\"left\" valign=\"top\">Sprache:<\/td>\n<td class=\"right\" valign=\"top\">D<\/td>\n<\/tr>\n<\/tbody>\n<\/table>\n<h3 class=\"detail\">Einsatzzweck<\/h3>\n<p>\u00d6lschrank\u00a0zur \u00fcbersichtlichen und sauberen Lagerung von Motorrad\u00f6len. Mit integrierter\u00a0Auffangwanne.<\/p>\n<p>Wenn Sie Fragen rund um die Liqui Moly Produkte haben sollten, z\u00f6gern Sie nicht und kontaktieren Sie uns. Gerne stehen wir Ihnen jederzeit gerne zur Verf\u00fcgung.<\/p>\n","protected":false},"excerpt":{"rendered":"<p>Motorbike-\u00d6lschrank f\u00fcr 20 l- und 1 l-Gebinde von LIQUI MOLY bestehend aus 3 x 20 l-Kanister und 3 x 6er VPE der 1 l-Motorrad\u00f6lkanister (nach Wahl) \u2022 Ma\u00dfe: 950\u00a0x 630 x 550 mm (H x B x T) \u2022 Gewicht: 52 kg \u2022 Farbe: Korpus RAL 7016, T\u00fcren 9006 Artikelnummer: 7990 Gebinde: 1 Stk Karton [&hellip;]<\/p>\n","protected":false},"featured_media":22435,"comment_status":"closed","ping_status":"closed","template":"","meta":[],"class_list":["post-22434","product","type-product","status-publish","has-post-thumbnail","hentry","product_cat-2-rad-quad-kart-bike","product_cat-zubehoer"],"_links":{"self":[{"href":"https:\/\/www.liqui-moly-shop.ch\/index.php\/wp-json\/wp\/v2\/product\/22434","targetHints":{"allow":["GET"]}}],"collection":[{"href":"https:\/\/www.liqui-moly-shop.ch\/index.php\/wp-json\/wp\/v2\/product"}],"about":[{"href":"https:\/\/www.liqui-moly-shop.ch\/index.php\/wp-json\/wp\/v2\/types\/product"}],"replies":[{"embeddable":true,"href":"https:\/\/www.liqui-moly-shop.ch\/index.php\/wp-json\/wp\/v2\/comments?post=22434"}],"wp:featuredmedia":[{"embeddable":true,"href":"https:\/\/www.liqui-moly-shop.ch\/index.php\/wp-json\/wp\/v2\/media\/22435"}],"wp:attachment":[{"href":"https:\/\/www.liqui-moly-shop.ch\/index.php\/wp-json\/wp\/v2\/media?parent=22434"}],"curies":[{"name":"wp","href":"https:\/\/api.w.org\/{rel}","templated":true}]}}