{"id":22448,"date":"2018-07-17T00:00:00","date_gmt":"2018-07-17T00:00:00","guid":{"rendered":"https:\/\/dev.liqui-moly-shop.ch\/index.php\/product\/mtx-vergaser-reiniger\/"},"modified":"2023-10-04T08:59:23","modified_gmt":"2023-10-04T08:59:23","slug":"mtx-vergaser-reiniger","status":"publish","type":"product","link":"https:\/\/www.liqui-moly-shop.ch\/index.php\/product\/mtx-vergaser-reiniger\/","title":{"rendered":"mtx Vergaser-Reiniger"},"content":{"rendered":"<h3>mtx Vergaser-Reiniger<\/h3>\n<p>Steigert die Leistungsf\u00e4higkeit des Motors. Entfernt Ablagerungen im Vergaser, an Ventilen, Z\u00fcndkerzen sowie im Brennraum und verhindert deren Neubildung. Spart Kraftstoff. Verbessert die Kompression. Sch\u00fctzt die gesamte Kraftstoffanlage vor Korrosion. Verhindert Vergaservereisung. Saubere Motoren verbrauchen weniger Kraftstoff und reduzieren den Schadstoffaussto\u00df.<\/p>\n<p><!-- --><\/p>\n<table id=\"detail\">\n<tbody>\n<tr>\n<td class=\"left\" valign=\"top\">Artikelnummer:<\/td>\n<td class=\"right\" valign=\"top\">1902<\/td>\n<\/tr>\n<tr>\n<td class=\"left\" valign=\"top\">Gebinde:<\/td>\n<td class=\"right\" valign=\"top\">300 ml Dose Blech<\/td>\n<\/tr>\n<tr>\n<td class=\"left\" valign=\"top\">Paletteninhalt:<\/td>\n<td class=\"right\" valign=\"top\">1344<\/td>\n<\/tr>\n<tr>\n<td class=\"left\" valign=\"top\">VPE:<\/td>\n<td class=\"right\" valign=\"top\">6 STK<\/td>\n<\/tr>\n<tr>\n<td class=\"left\" valign=\"top\">Sprache:<\/td>\n<td class=\"right\" valign=\"top\">D &#8211; F &#8211; NL<\/td>\n<\/tr>\n<\/tbody>\n<\/table>\n<h3 class=\"detail\">Einsatzzweck<\/h3>\n<p>F\u00fcr alle Benzinmotoren geeignet \u2013 vorbeugend oder zur Problembehandlung. Turbo- und Kat-getestet. Zur direkten Zugabe in den Kraftstofftank. 300 ml sind ausreichend f\u00fcr bis zu 70 l Kraftstoff. Wirkung h\u00e4lt bis zu 2.000 km an. Kann auch bei laufendem Motor direkt in den Vergaser gegeben werden.<\/p>\n<div class=\"d-flex justify-content-md-center gap-1\"><img decoding=\"async\" title=\"ghs08\" src=\"https:\/\/liquimoly.cloudimg.io\/v7\/https:\/\/www.liqui-moly.com\/static\/version1695734373\/frontend\/limo\/base\/de_DE\/images\/info\/ghs08.png\" alt=\"ghs08\" width=\"35px\" height=\"35px\" \/><\/div>\n<div class=\"text-md-center text-muted ps-md-2 pe-md-2\"><strong>Gefahr<\/strong><\/p>\n<ul class=\"info-text m-0 p-0\">\n<li>H304 Kann bei Verschlucken und Eindringen in die Atemwege t\u00f6dlich sein.<\/li>\n<li>H412 Sch\u00e4dlich f\u00fcr Wasserorganismen, mit langfristiger Wirkung.<\/li>\n<li>EUH066 Wiederholter Kontakt kann zu spr\u00f6der oder rissiger Haut f\u00fchren<\/li>\n<\/ul>\n<\/div>\n<p>Wenn Sie Fragen rund um die Liqui Moly Produkte haben sollten, z\u00f6gern Sie nicht und kontaktieren Sie uns. Gerne stehen wir Ihnen jederzeit gerne zur Verf\u00fcgung.<\/p>\n","protected":false},"excerpt":{"rendered":"<p>mtx Vergaser-Reiniger Steigert die Leistungsf\u00e4higkeit des Motors. Entfernt Ablagerungen im Vergaser, an Ventilen, Z\u00fcndkerzen sowie im Brennraum und verhindert deren Neubildung. Spart Kraftstoff. Verbessert die Kompression. Sch\u00fctzt die gesamte Kraftstoffanlage vor Korrosion. Verhindert Vergaservereisung. Saubere Motoren verbrauchen weniger Kraftstoff und reduzieren den Schadstoffaussto\u00df. Artikelnummer: 1902 Gebinde: 300 ml Dose Blech Paletteninhalt: 1344 VPE: 6 STK [&hellip;]<\/p>\n","protected":false},"featured_media":22449,"comment_status":"closed","ping_status":"closed","template":"","meta":[],"class_list":["post-22448","product","type-product","status-publish","has-post-thumbnail","hentry","product_cat-additive-2","product_cat-kraftstoffadditive-benzin"],"_links":{"self":[{"href":"https:\/\/www.liqui-moly-shop.ch\/index.php\/wp-json\/wp\/v2\/product\/22448","targetHints":{"allow":["GET"]}}],"collection":[{"href":"https:\/\/www.liqui-moly-shop.ch\/index.php\/wp-json\/wp\/v2\/product"}],"about":[{"href":"https:\/\/www.liqui-moly-shop.ch\/index.php\/wp-json\/wp\/v2\/types\/product"}],"replies":[{"embeddable":true,"href":"https:\/\/www.liqui-moly-shop.ch\/index.php\/wp-json\/wp\/v2\/comments?post=22448"}],"wp:featuredmedia":[{"embeddable":true,"href":"https:\/\/www.liqui-moly-shop.ch\/index.php\/wp-json\/wp\/v2\/media\/22449"}],"wp:attachment":[{"href":"https:\/\/www.liqui-moly-shop.ch\/index.php\/wp-json\/wp\/v2\/media?parent=22448"}],"curies":[{"name":"wp","href":"https:\/\/api.w.org\/{rel}","templated":true}]}}