{"id":22457,"date":"2018-07-17T00:00:00","date_gmt":"2018-07-17T00:00:00","guid":{"rendered":"https:\/\/dev.liqui-moly-shop.ch\/index.php\/product\/benzin-stabilisator\/"},"modified":"2023-10-04T09:06:58","modified_gmt":"2023-10-04T09:06:58","slug":"benzin-stabilisator","status":"publish","type":"product","link":"https:\/\/www.liqui-moly-shop.ch\/index.php\/product\/benzin-stabilisator\/","title":{"rendered":"Benzin-Stabilisator"},"content":{"rendered":"<h3>Benzin-Stabilisator<\/h3>\n<p>Konserviert und sch\u00fctzt den Kraftstoff vor Alterung und Oxidation. Verhindert Korrosion im gesamten Kraftstoffsystem. Gew\u00e4hrleistet eine problemfreie Stilllegung von Oldtimern, Cabrios, Motorr\u00e4dern, Motorrollern, Quads, Rasenm\u00e4hern, Kettens\u00e4gen und sonstigen benzinbetriebenen 2-Takt- und 4-Takt-Motoren. Erh\u00f6ht die Betriebssicherheit. Mit Langzeitwirkung.<\/p>\n<p><!-- --><\/p>\n<table id=\"detail\">\n<tbody>\n<tr>\n<td class=\"left\" valign=\"top\">Artikelnummer:<\/td>\n<td class=\"right\" valign=\"top\">5107<\/td>\n<\/tr>\n<tr>\n<td class=\"left\" valign=\"top\">Gebinde:<\/td>\n<td class=\"right\" valign=\"top\">250 ml Dosierflasche Kunststoff<\/td>\n<\/tr>\n<tr>\n<td class=\"left\" valign=\"top\">Paletteninhalt:<\/td>\n<td class=\"right\" valign=\"top\">1728<\/td>\n<\/tr>\n<tr>\n<td class=\"left\" valign=\"top\">VPE:<\/td>\n<td class=\"right\" valign=\"top\">6 STK<\/td>\n<\/tr>\n<tr>\n<td class=\"left\" valign=\"top\">Sprache:<\/td>\n<td class=\"right\" valign=\"top\">D &#8211; F &#8211; NL<\/td>\n<\/tr>\n<\/tbody>\n<\/table>\n<h3 class=\"detail\">Einsatzzweck<\/h3>\n<p>F\u00fcr alle Benzinmotoren geeignet, insbesondere zum vorbeugenden Einsatz. Turbo- und Kat-getestet. Dem Kraftstoff beigeben und bei jeder Betankung nachdosieren. Eine F\u00fcllung des Dosierbeh\u00e4lters (25 ml) ist ausreichend f\u00fcr 5 l Kraftstoff. Auch zum Dauereinsatz in selten genutzten Motoren geeignet.<\/p>\n<div class=\"d-flex justify-content-md-center gap-1\"><img decoding=\"async\" title=\"ghs08\" src=\"https:\/\/liquimoly.cloudimg.io\/v7\/https:\/\/www.liqui-moly.com\/static\/version1695734373\/frontend\/limo\/base\/de_DE\/images\/info\/ghs08.png\" alt=\"ghs08\" width=\"35px\" height=\"35px\" \/><\/div>\n<div class=\"text-md-center text-muted ps-md-2 pe-md-2\"><strong>Gefahr<\/strong><\/p>\n<ul class=\"info-text m-0 p-0\">\n<li>H304 Kann bei Verschlucken und Eindringen in die Atemwege t\u00f6dlich sein.<\/li>\n<li>H412 Sch\u00e4dlich f\u00fcr Wasserorganismen, mit langfristiger Wirkung.<\/li>\n<li>EUH066 Wiederholter Kontakt kann zu spr\u00f6der oder rissiger Haut f\u00fchren.<\/li>\n<\/ul>\n<\/div>\n<p>Wenn Sie Fragen rund um die Liqui Moly Produkte haben sollten, z\u00f6gern Sie nicht und kontaktieren Sie uns. Gerne stehen wir Ihnen jederzeit gerne zur Verf\u00fcgung.<\/p>\n","protected":false},"excerpt":{"rendered":"<p>Benzin-Stabilisator Konserviert und sch\u00fctzt den Kraftstoff vor Alterung und Oxidation. Verhindert Korrosion im gesamten Kraftstoffsystem. Gew\u00e4hrleistet eine problemfreie Stilllegung von Oldtimern, Cabrios, Motorr\u00e4dern, Motorrollern, Quads, Rasenm\u00e4hern, Kettens\u00e4gen und sonstigen benzinbetriebenen 2-Takt- und 4-Takt-Motoren. Erh\u00f6ht die Betriebssicherheit. Mit Langzeitwirkung. Artikelnummer: 5107 Gebinde: 250 ml Dosierflasche Kunststoff Paletteninhalt: 1728 VPE: 6 STK Sprache: D &#8211; F &#8211; [&hellip;]<\/p>\n","protected":false},"featured_media":22458,"comment_status":"closed","ping_status":"closed","template":"","meta":[],"class_list":["post-22457","product","type-product","status-publish","has-post-thumbnail","hentry","product_cat-additive-2","product_cat-kraftstoffadditive-benzin"],"_links":{"self":[{"href":"https:\/\/www.liqui-moly-shop.ch\/index.php\/wp-json\/wp\/v2\/product\/22457","targetHints":{"allow":["GET"]}}],"collection":[{"href":"https:\/\/www.liqui-moly-shop.ch\/index.php\/wp-json\/wp\/v2\/product"}],"about":[{"href":"https:\/\/www.liqui-moly-shop.ch\/index.php\/wp-json\/wp\/v2\/types\/product"}],"replies":[{"embeddable":true,"href":"https:\/\/www.liqui-moly-shop.ch\/index.php\/wp-json\/wp\/v2\/comments?post=22457"}],"wp:featuredmedia":[{"embeddable":true,"href":"https:\/\/www.liqui-moly-shop.ch\/index.php\/wp-json\/wp\/v2\/media\/22458"}],"wp:attachment":[{"href":"https:\/\/www.liqui-moly-shop.ch\/index.php\/wp-json\/wp\/v2\/media?parent=22457"}],"curies":[{"name":"wp","href":"https:\/\/api.w.org\/{rel}","templated":true}]}}