{"id":22460,"date":"2018-07-17T00:00:00","date_gmt":"2018-07-17T00:00:00","guid":{"rendered":"https:\/\/dev.liqui-moly-shop.ch\/index.php\/product\/blei-ersatz\/"},"modified":"2023-10-04T09:08:41","modified_gmt":"2023-10-04T09:08:41","slug":"blei-ersatz","status":"publish","type":"product","link":"https:\/\/www.liqui-moly-shop.ch\/index.php\/product\/blei-ersatz\/","title":{"rendered":"Blei-Ersatz"},"content":{"rendered":"<h3>Blei-Ersatz<\/h3>\n<p>Schmiert und sch\u00fctzt Ventilsitzringe von Fahrzeugen, die urspr\u00fcnglich bleihaltigen Kraftstoff ben\u00f6tigen. Reduziert Verschlei\u00df am Zylinderkopf und erh\u00e4lt somit eine optimale Kompression. Verhindert Motorsch\u00e4den und erh\u00f6ht die Betriebssicherheit.<\/p>\n<p><!-- --><\/p>\n<table id=\"detail\">\n<tbody>\n<tr>\n<td class=\"left\" valign=\"top\">Artikelnummer:<\/td>\n<td class=\"right\" valign=\"top\">1010<\/td>\n<\/tr>\n<tr>\n<td class=\"left\" valign=\"top\">Gebinde:<\/td>\n<td class=\"right\" valign=\"top\">250 ml Dosierflasche Kunststoff<\/td>\n<\/tr>\n<tr>\n<td class=\"left\" valign=\"top\">Paletteninhalt:<\/td>\n<td class=\"right\" valign=\"top\">1728<\/td>\n<\/tr>\n<tr>\n<td class=\"left\" valign=\"top\">VPE:<\/td>\n<td class=\"right\" valign=\"top\">6 STK<\/td>\n<\/tr>\n<tr>\n<td class=\"left\" valign=\"top\">Sprache:<\/td>\n<td class=\"right\" valign=\"top\">D &#8211; F &#8211; NL<\/td>\n<\/tr>\n<\/tbody>\n<\/table>\n<h3 class=\"detail\">Einsatzzweck<\/h3>\n<p>F\u00fcr \u00e4ltere Benzinmotoren, die laut Herstellerangaben urspr\u00fcnglich bleihaltiges Benzin ben\u00f6tigten. Zum vorbeugenden Einsatz. Turbo- und Kat-getestet. Zur direkten Zugabe in den Kraftstofftank. Eine F\u00fcllung des Dosierbeh\u00e4lters 25 ml ist ausreichend f\u00fcr 25 l Kraftstoff. Zur dauerhaften Anwendung bei jeder Betankung.<\/p>\n<h3>Produktvideo<\/h3>\n<div class=\"d-flex justify-content-md-center gap-1\"><img decoding=\"async\" title=\"ghs05\" src=\"https:\/\/liquimoly.cloudimg.io\/v7\/https:\/\/www.liqui-moly.com\/static\/version1695734373\/frontend\/limo\/base\/de_DE\/images\/info\/ghs05.png\" alt=\"ghs05\" width=\"35px\" height=\"35px\" \/><img decoding=\"async\" title=\"ghs08\" src=\"https:\/\/liquimoly.cloudimg.io\/v7\/https:\/\/www.liqui-moly.com\/static\/version1695734373\/frontend\/limo\/base\/de_DE\/images\/info\/ghs08.png\" alt=\"ghs08\" width=\"35px\" height=\"35px\" \/><\/div>\n<div class=\"text-md-center text-muted ps-md-2 pe-md-2\"><strong>Gefahr<\/strong><\/p>\n<ul class=\"info-text m-0 p-0\">\n<li>H304 Kann bei Verschlucken und Eindringen in die Atemwege t\u00f6dlich sein.<\/li>\n<li>H318 Verursacht schwere Augensch\u00e4den.<\/li>\n<li>EUH066 Wiederholter Kontakt kann zu spr\u00f6der oder rissiger Haut f\u00fchren.<\/li>\n<\/ul>\n<\/div>\n<p>Wenn Sie Fragen rund um die Liqui Moly Produkte haben sollten, z\u00f6gern Sie nicht und kontaktieren Sie uns. Gerne stehen wir Ihnen jederzeit gerne zur Verf\u00fcgung.<\/p>\n","protected":false},"excerpt":{"rendered":"<p>Blei-Ersatz Schmiert und sch\u00fctzt Ventilsitzringe von Fahrzeugen, die urspr\u00fcnglich bleihaltigen Kraftstoff ben\u00f6tigen. Reduziert Verschlei\u00df am Zylinderkopf und erh\u00e4lt somit eine optimale Kompression. Verhindert Motorsch\u00e4den und erh\u00f6ht die Betriebssicherheit. Artikelnummer: 1010 Gebinde: 250 ml Dosierflasche Kunststoff Paletteninhalt: 1728 VPE: 6 STK Sprache: D &#8211; F &#8211; NL Einsatzzweck F\u00fcr \u00e4ltere Benzinmotoren, die laut Herstellerangaben urspr\u00fcnglich bleihaltiges [&hellip;]<\/p>\n","protected":false},"featured_media":22461,"comment_status":"closed","ping_status":"closed","template":"","meta":[],"class_list":["post-22460","product","type-product","status-publish","has-post-thumbnail","hentry","product_cat-additive-2","product_cat-kraftstoffadditive-benzin"],"_links":{"self":[{"href":"https:\/\/www.liqui-moly-shop.ch\/index.php\/wp-json\/wp\/v2\/product\/22460","targetHints":{"allow":["GET"]}}],"collection":[{"href":"https:\/\/www.liqui-moly-shop.ch\/index.php\/wp-json\/wp\/v2\/product"}],"about":[{"href":"https:\/\/www.liqui-moly-shop.ch\/index.php\/wp-json\/wp\/v2\/types\/product"}],"replies":[{"embeddable":true,"href":"https:\/\/www.liqui-moly-shop.ch\/index.php\/wp-json\/wp\/v2\/comments?post=22460"}],"wp:featuredmedia":[{"embeddable":true,"href":"https:\/\/www.liqui-moly-shop.ch\/index.php\/wp-json\/wp\/v2\/media\/22461"}],"wp:attachment":[{"href":"https:\/\/www.liqui-moly-shop.ch\/index.php\/wp-json\/wp\/v2\/media?parent=22460"}],"curies":[{"name":"wp","href":"https:\/\/api.w.org\/{rel}","templated":true}]}}