{"id":22468,"date":"2018-07-17T00:00:00","date_gmt":"2018-07-17T00:00:00","guid":{"rendered":"https:\/\/dev.liqui-moly-shop.ch\/index.php\/product\/ventilschutz-fuer-gasfahrzeuge\/"},"modified":"2023-10-04T09:16:42","modified_gmt":"2023-10-04T09:16:42","slug":"ventilschutz-fuer-gasfahrzeuge","status":"publish","type":"product","link":"https:\/\/www.liqui-moly-shop.ch\/index.php\/product\/ventilschutz-fuer-gasfahrzeuge\/","title":{"rendered":"Ventilschutz f\u00fcr Gasfahrzeuge"},"content":{"rendered":"<h3>Ventilschutz f\u00fcr Gasfahrzeuge<\/h3>\n<p>Sch\u00fctzt die Ventile des Motors und verhindert \u00dcberhitzung im Bereich des Zylinderkopfes. Die ausgew\u00e4hlte Additivkombination, sorgt f\u00fcr optimale Schmierung, sowie eine saubere Verbrennung. Teure Reparaturen und Motorsch\u00e4den werden dadurch verhindert. H\u00e4lt die Leistung des Fahrzeugs aufrecht und verhindert Kompressionsverluste. Ventilschutz f\u00fcr Gasfahrzeuge enth\u00e4lt keine metallorganischen Verbindungen und entwickelt keine sch\u00e4dlichen Einfl\u00fcsse auf Katalysatoren.<\/p>\n<p><!-- --><\/p>\n<table id=\"detail\">\n<tbody>\n<tr>\n<td class=\"left\" valign=\"top\">Artikelnummer:<\/td>\n<td class=\"right\" valign=\"top\">4012<\/td>\n<\/tr>\n<tr>\n<td class=\"left\" valign=\"top\">Gebinde:<\/td>\n<td class=\"right\" valign=\"top\">1 l Dose Blech<\/td>\n<\/tr>\n<tr>\n<td class=\"left\" valign=\"top\">Paletteninhalt:<\/td>\n<td class=\"right\" valign=\"top\">630<\/td>\n<\/tr>\n<tr>\n<td class=\"left\" valign=\"top\">VPE:<\/td>\n<td class=\"right\" valign=\"top\">6 STK<\/td>\n<\/tr>\n<tr>\n<td class=\"left\" valign=\"top\">Sprache:<\/td>\n<td class=\"right\" valign=\"top\">D &#8211; GB &#8211; I &#8211; E &#8211; P<\/td>\n<\/tr>\n<\/tbody>\n<\/table>\n<h3 class=\"detail\">Einsatzzweck<\/h3>\n<p>Speziell entwickelt f\u00fcr gasbetriebene Fahrzeuge (CNG\/LPG) \u2013 auch bei nachger\u00fcsteten (bivalenten) Gasanlagen. Daueranwendung. Turbo- und Kat-getestet. Zur direkten Zugabe in den Vorratsbeh\u00e4lter der Dosiervorrichtung. F\u00fcr alle markt\u00fcblichen Dosiereinheiten geeignet. LIQUI MOLY empfiehlt bei Unterdruck gesteuerten Dosiervorrichtungen eine Dosierung von 6 bis 8 Tropfen pro Minute.<\/p>\n<div class=\"d-flex justify-content-md-center gap-1\"><img decoding=\"async\" title=\"ghs05\" src=\"https:\/\/liquimoly.cloudimg.io\/v7\/https:\/\/www.liqui-moly.com\/static\/version1695734373\/frontend\/limo\/base\/de_DE\/images\/info\/ghs05.png\" alt=\"ghs05\" width=\"35px\" height=\"35px\" \/><img decoding=\"async\" title=\"ghs08\" src=\"https:\/\/liquimoly.cloudimg.io\/v7\/https:\/\/www.liqui-moly.com\/static\/version1695734373\/frontend\/limo\/base\/de_DE\/images\/info\/ghs08.png\" alt=\"ghs08\" width=\"35px\" height=\"35px\" \/><\/div>\n<div class=\"text-md-center text-muted ps-md-2 pe-md-2\"><strong>Gefahr<\/strong><\/p>\n<ul class=\"info-text m-0 p-0\">\n<li>H304 Kann bei Verschlucken und Eindringen in die Atemwege t\u00f6dlich sein.<\/li>\n<li>H318 Verursacht schwere Augensch\u00e4den.<\/li>\n<li>EUH066 Wiederholter Kontakt kann zu spr\u00f6der oder rissiger Haut f\u00fchren.<\/li>\n<\/ul>\n<\/div>\n<p>Wenn Sie Fragen rund um die Liqui Moly Produkte haben sollten, z\u00f6gern Sie nicht und kontaktieren Sie uns. Gerne stehen wir Ihnen jederzeit gerne zur Verf\u00fcgung.<\/p>\n","protected":false},"excerpt":{"rendered":"<p>Ventilschutz f\u00fcr Gasfahrzeuge Sch\u00fctzt die Ventile des Motors und verhindert \u00dcberhitzung im Bereich des Zylinderkopfes. Die ausgew\u00e4hlte Additivkombination, sorgt f\u00fcr optimale Schmierung, sowie eine saubere Verbrennung. Teure Reparaturen und Motorsch\u00e4den werden dadurch verhindert. H\u00e4lt die Leistung des Fahrzeugs aufrecht und verhindert Kompressionsverluste. Ventilschutz f\u00fcr Gasfahrzeuge enth\u00e4lt keine metallorganischen Verbindungen und entwickelt keine sch\u00e4dlichen Einfl\u00fcsse auf [&hellip;]<\/p>\n","protected":false},"featured_media":22469,"comment_status":"closed","ping_status":"closed","template":"","meta":[],"class_list":["post-22468","product","type-product","status-publish","has-post-thumbnail","hentry","product_cat-additive-2","product_cat-kraftstoffadditive-benzin"],"_links":{"self":[{"href":"https:\/\/www.liqui-moly-shop.ch\/index.php\/wp-json\/wp\/v2\/product\/22468","targetHints":{"allow":["GET"]}}],"collection":[{"href":"https:\/\/www.liqui-moly-shop.ch\/index.php\/wp-json\/wp\/v2\/product"}],"about":[{"href":"https:\/\/www.liqui-moly-shop.ch\/index.php\/wp-json\/wp\/v2\/types\/product"}],"replies":[{"embeddable":true,"href":"https:\/\/www.liqui-moly-shop.ch\/index.php\/wp-json\/wp\/v2\/comments?post=22468"}],"wp:featuredmedia":[{"embeddable":true,"href":"https:\/\/www.liqui-moly-shop.ch\/index.php\/wp-json\/wp\/v2\/media\/22469"}],"wp:attachment":[{"href":"https:\/\/www.liqui-moly-shop.ch\/index.php\/wp-json\/wp\/v2\/media?parent=22468"}],"curies":[{"name":"wp","href":"https:\/\/api.w.org\/{rel}","templated":true}]}}