{"id":22480,"date":"2018-07-17T00:00:00","date_gmt":"2018-07-17T00:00:00","guid":{"rendered":"https:\/\/dev.liqui-moly-shop.ch\/index.php\/product\/dieselpartikelfilterschutz\/"},"modified":"2023-10-04T09:33:57","modified_gmt":"2023-10-04T09:33:57","slug":"dieselpartikelfilterschutz","status":"publish","type":"product","link":"https:\/\/www.liqui-moly-shop.ch\/index.php\/product\/dieselpartikelfilterschutz\/","title":{"rendered":"Dieselpartikelfilterschutz"},"content":{"rendered":"<h3>Dieselpartikelfilterschutz<\/h3>\n<p>Hochwirksames Additiv, das die Ru\u00dfbildung reduziert und somit die Lebensdauer von Dieselpartikelfiltern verl\u00e4ngert. Speziell Kurzstrecken- und Stadtfahrzeuge sind vom Problem verstopfter Dieselpartikelfilter betroffen. Durch eine regelm\u00e4\u00dfige Anwendung bleibt der Dieselpartikelfilter sauber und teure Reparatur- und Standzeiten werden vermieden. Dieselpartikelfilterschutz sorgt f\u00fcr eine optimale Verbrennung des Kraftstoffes und vermindert die Ru\u00dfbildung. Dies tr\u00e4gt zur Senkung der Emissionen bei.<\/p>\n<p><!-- --><\/p>\n<table id=\"detail\">\n<tbody>\n<tr>\n<td class=\"left\" valign=\"top\">Artikelnummer:<\/td>\n<td class=\"right\" valign=\"top\">5148<\/td>\n<\/tr>\n<tr>\n<td class=\"left\" valign=\"top\">Gebinde:<\/td>\n<td class=\"right\" valign=\"top\">250 ml Dose Blech<\/td>\n<\/tr>\n<tr>\n<td class=\"left\" valign=\"top\">Paletteninhalt:<\/td>\n<td class=\"right\" valign=\"top\">1536<\/td>\n<\/tr>\n<tr>\n<td class=\"left\" valign=\"top\">VPE:<\/td>\n<td class=\"right\" valign=\"top\">6 STK<\/td>\n<\/tr>\n<tr>\n<td class=\"left\" valign=\"top\">Sprache:<\/td>\n<td class=\"right\" valign=\"top\">D &#8211; F &#8211; NL<\/td>\n<\/tr>\n<\/tbody>\n<\/table>\n<h3 class=\"detail\">Einsatzzweck<\/h3>\n<p>F\u00fcr Dieselfahrzeuge mit Dieselpartikelfilter geeignet, sofern diese nicht bereits mit einem elektronisch gesteuerten Additivtanksystem zur Filterregeneration ausgestattet sind, wie dies z. B. bei Citro\u00ebn und Peugeot der Fall ist. Doseninhalt ist ausreichend f\u00fcr 50 \u2013 70 l Dieselkraftstoff. Hinweis: \u00dcberdosierung, sowie gemeinsame Anwendung mit Diesel Ru\u00df-Stop vermeiden!<\/p>\n<div class=\"d-flex justify-content-md-center gap-1\"><img decoding=\"async\" title=\"ghs08\" src=\"https:\/\/liquimoly.cloudimg.io\/v7\/https:\/\/www.liqui-moly.com\/static\/version1695734373\/frontend\/limo\/base\/de_DE\/images\/info\/ghs08.png\" alt=\"ghs08\" width=\"35px\" height=\"35px\" \/><\/div>\n<div class=\"text-md-center text-muted ps-md-2 pe-md-2\"><strong>Gefahr<\/strong><\/p>\n<ul class=\"info-text m-0 p-0\">\n<li>H304 Kann bei Verschlucken und Eindringen in die Atemwege t\u00f6dlich sein.<\/li>\n<li>EUH066 Wiederholter Kontakt kann zu spr\u00f6der oder rissiger Haut f\u00fchren.<\/li>\n<\/ul>\n<\/div>\n<p>Wenn Sie Fragen rund um die Liqui Moly Produkte haben sollten, z\u00f6gern Sie nicht und kontaktieren Sie uns. Gerne stehen wir Ihnen jederzeit gerne zur Verf\u00fcgung.<\/p>\n","protected":false},"excerpt":{"rendered":"<p>Dieselpartikelfilterschutz Hochwirksames Additiv, das die Ru\u00dfbildung reduziert und somit die Lebensdauer von Dieselpartikelfiltern verl\u00e4ngert. Speziell Kurzstrecken- und Stadtfahrzeuge sind vom Problem verstopfter Dieselpartikelfilter betroffen. Durch eine regelm\u00e4\u00dfige Anwendung bleibt der Dieselpartikelfilter sauber und teure Reparatur- und Standzeiten werden vermieden. Dieselpartikelfilterschutz sorgt f\u00fcr eine optimale Verbrennung des Kraftstoffes und vermindert die Ru\u00dfbildung. Dies tr\u00e4gt zur Senkung [&hellip;]<\/p>\n","protected":false},"featured_media":22481,"comment_status":"closed","ping_status":"closed","template":"","meta":[],"class_list":["post-22480","product","type-product","status-publish","has-post-thumbnail","hentry","product_cat-additive-2","product_cat-kraftstoffadditive-diesel"],"_links":{"self":[{"href":"https:\/\/www.liqui-moly-shop.ch\/index.php\/wp-json\/wp\/v2\/product\/22480","targetHints":{"allow":["GET"]}}],"collection":[{"href":"https:\/\/www.liqui-moly-shop.ch\/index.php\/wp-json\/wp\/v2\/product"}],"about":[{"href":"https:\/\/www.liqui-moly-shop.ch\/index.php\/wp-json\/wp\/v2\/types\/product"}],"replies":[{"embeddable":true,"href":"https:\/\/www.liqui-moly-shop.ch\/index.php\/wp-json\/wp\/v2\/comments?post=22480"}],"wp:featuredmedia":[{"embeddable":true,"href":"https:\/\/www.liqui-moly-shop.ch\/index.php\/wp-json\/wp\/v2\/media\/22481"}],"wp:attachment":[{"href":"https:\/\/www.liqui-moly-shop.ch\/index.php\/wp-json\/wp\/v2\/media?parent=22480"}],"curies":[{"name":"wp","href":"https:\/\/api.w.org\/{rel}","templated":true}]}}