{"id":22489,"date":"2018-07-17T00:00:00","date_gmt":"2018-07-17T00:00:00","guid":{"rendered":"https:\/\/dev.liqui-moly-shop.ch\/index.php\/product\/diesel-russ-stop\/"},"modified":"2023-10-04T11:33:03","modified_gmt":"2023-10-04T11:33:03","slug":"diesel-russ-stop","status":"publish","type":"product","link":"https:\/\/www.liqui-moly-shop.ch\/index.php\/product\/diesel-russ-stop\/","title":{"rendered":"Diesel Ru\u00df-Stop"},"content":{"rendered":"<h3>Diesel Ru\u00df-Stop<\/h3>\n<p>Beschleunigt den Ru\u00dfabbrand und vermindert Auspuffqualm. Reduziert den Schadstoffaussto\u00df und die Geruchsbel\u00e4stigung. Volle Wirksamkeit unmittelbar nach der Zugabe. Optimiert die AU-Werte.<\/p>\n<p><!-- --><\/p>\n<table id=\"detail\">\n<tbody>\n<tr>\n<td class=\"left\" valign=\"top\">Artikelnummer:<\/td>\n<td class=\"right\" valign=\"top\">5180<\/td>\n<\/tr>\n<tr>\n<td class=\"left\" valign=\"top\">Gebinde:<\/td>\n<td class=\"right\" valign=\"top\">150 ml Dose Blech<\/td>\n<\/tr>\n<tr>\n<td class=\"left\" valign=\"top\">Paletteninhalt:<\/td>\n<td class=\"right\" valign=\"top\">1536<\/td>\n<\/tr>\n<tr>\n<td class=\"left\" valign=\"top\">VPE:<\/td>\n<td class=\"right\" valign=\"top\">6 STK<\/td>\n<\/tr>\n<tr>\n<td class=\"left\" valign=\"top\">Sprache:<\/td>\n<td class=\"right\" valign=\"top\">D &#8211; F &#8211; NL<\/td>\n<\/tr>\n<\/tbody>\n<\/table>\n<h3 class=\"detail\">Einsatzzweck<\/h3>\n<p>F\u00fcr alle Dieselmotoren ohne Dieselpartikelfilter \u2013 insbesondere zur Problembehandlung geeignet. Turbo-getestet. Zur direkten Zugabe in den Kraftstofftank. Optimale Wirkung durch Zugabe bei jedem Tankvorgang. Vollkommen vertr\u00e4glich mit allen konventionellen Diesel- und Biodieselkraftstoffen. Doseninhalt ist ausreichend f\u00fcr bis zu 50 l Kraftstoff.<\/p>\n<div class=\"d-flex justify-content-md-center gap-1\"><\/div>\n<div class=\"text-md-center text-muted ps-md-2 pe-md-2\">\n<div class=\"d-flex justify-content-md-center gap-1\"><img decoding=\"async\" title=\"ghs08\" src=\"https:\/\/liquimoly.cloudimg.io\/v7\/https:\/\/www.liqui-moly.com\/static\/version1695734373\/frontend\/limo\/base\/de_DE\/images\/info\/ghs08.png\" alt=\"ghs08\" width=\"35px\" height=\"35px\" \/><\/div>\n<div class=\"text-md-center text-muted ps-md-2 pe-md-2\">\n<p><strong>Gefahr<\/strong><\/p>\n<ul class=\"info-text m-0 p-0\">\n<li>H304 Kann bei Verschlucken und Eindringen in die Atemwege t\u00f6dlich sein.<\/li>\n<li>EUH066 Wiederholter Kontakt kann zu spr\u00f6der oder rissiger Haut f\u00fchren.<\/li>\n<\/ul>\n<\/div>\n<\/div>\n<p>Wenn Sie Fragen rund um die Liqui Moly Produkte haben sollten, z\u00f6gern Sie nicht und kontaktieren Sie uns. Gerne stehen wir Ihnen jederzeit gerne zur Verf\u00fcgung.<\/p>\n","protected":false},"excerpt":{"rendered":"<p>Diesel Ru\u00df-Stop Beschleunigt den Ru\u00dfabbrand und vermindert Auspuffqualm. Reduziert den Schadstoffaussto\u00df und die Geruchsbel\u00e4stigung. Volle Wirksamkeit unmittelbar nach der Zugabe. Optimiert die AU-Werte. Artikelnummer: 5180 Gebinde: 150 ml Dose Blech Paletteninhalt: 1536 VPE: 6 STK Sprache: D &#8211; F &#8211; NL Einsatzzweck F\u00fcr alle Dieselmotoren ohne Dieselpartikelfilter \u2013 insbesondere zur Problembehandlung geeignet. Turbo-getestet. Zur direkten [&hellip;]<\/p>\n","protected":false},"featured_media":22490,"comment_status":"closed","ping_status":"closed","template":"","meta":[],"class_list":["post-22489","product","type-product","status-publish","has-post-thumbnail","hentry","product_cat-additive-2","product_cat-kraftstoffadditive-diesel"],"_links":{"self":[{"href":"https:\/\/www.liqui-moly-shop.ch\/index.php\/wp-json\/wp\/v2\/product\/22489","targetHints":{"allow":["GET"]}}],"collection":[{"href":"https:\/\/www.liqui-moly-shop.ch\/index.php\/wp-json\/wp\/v2\/product"}],"about":[{"href":"https:\/\/www.liqui-moly-shop.ch\/index.php\/wp-json\/wp\/v2\/types\/product"}],"replies":[{"embeddable":true,"href":"https:\/\/www.liqui-moly-shop.ch\/index.php\/wp-json\/wp\/v2\/comments?post=22489"}],"wp:featuredmedia":[{"embeddable":true,"href":"https:\/\/www.liqui-moly-shop.ch\/index.php\/wp-json\/wp\/v2\/media\/22490"}],"wp:attachment":[{"href":"https:\/\/www.liqui-moly-shop.ch\/index.php\/wp-json\/wp\/v2\/media?parent=22489"}],"curies":[{"name":"wp","href":"https:\/\/api.w.org\/{rel}","templated":true}]}}