{"id":22492,"date":"2018-07-17T00:00:00","date_gmt":"2018-07-17T00:00:00","guid":{"rendered":"https:\/\/dev.liqui-moly-shop.ch\/index.php\/product\/diesel-fliess-fit\/"},"modified":"2026-04-07T05:58:01","modified_gmt":"2026-04-07T05:58:01","slug":"diesel-fliess-fit","status":"publish","type":"product","link":"https:\/\/www.liqui-moly-shop.ch\/index.php\/product\/diesel-fliess-fit\/","title":{"rendered":"Diesel Flie\u00df Fit"},"content":{"rendered":"<h3>Diesel Flie\u00df Fit<\/h3>\n<p>Erh\u00f6ht die Flie\u00dff\u00e4higkeit und Filterg\u00e4ngigkeit des Dieselkraftstoffs.\u00a0Macht Diesel wintersicher bis zu -31 \u00b0C (abh\u00e4ngig von der Dieselkraftstoffqualit\u00e4t). Gew\u00e4hrleistet die Betriebssicherheit aller dieselbetriebener Motoren bei tiefen Temperaturen.<\/p>\n<p><!-- --><\/p>\n<table id=\"detail\">\n<tbody>\n<tr>\n<td class=\"left\" valign=\"top\">Artikelnummer:<\/td>\n<td class=\"right\" valign=\"top\">5130<\/td>\n<\/tr>\n<tr>\n<td class=\"left\" valign=\"top\">Gebinde:<\/td>\n<td class=\"right\" valign=\"top\">150 ml Dose Blech<\/td>\n<\/tr>\n<tr>\n<td class=\"left\" valign=\"top\">Paletteninhalt:<\/td>\n<td class=\"right\" valign=\"top\">1536<\/td>\n<\/tr>\n<tr>\n<td class=\"left\" valign=\"top\">VPE:<\/td>\n<td class=\"right\" valign=\"top\">6 STK<\/td>\n<\/tr>\n<tr>\n<td class=\"left\" valign=\"top\">Sprache:<\/td>\n<td class=\"right\" valign=\"top\">D &#8211; F &#8211; NL<\/td>\n<\/tr>\n<\/tbody>\n<\/table>\n<h3 class=\"detail\">Einsatzzweck<\/h3>\n<p>F\u00fcr alle Dieselmotoren mit und ohne Dieselpartikelfilter bzw. SCR-System\u00a0\u2013 insbesondere zur Problembehandlung geeignet. Turbo-getestet. Optimale Wirkung nur durch Zugabe in den Kraftstofftank vor dem Versulzen (um 0\u2009 \u00b0C). Vollkommen vertr\u00e4glich mit allen konventionellen Dieselkraftstoffen und\u00a0 Heiz\u00f6l mit Bioanteilen von max. 20 %. Doseninhalt ist ausreichend f\u00fcr bis zu 75 l Kraftstoff. Hinweis: frostempfindlich, deshalb \u00fcber 0 \u00b0C lagern!<\/p>\n<div class=\"d-flex justify-content-md-center gap-1\"><img decoding=\"async\" title=\"ghs08\" src=\"https:\/\/liquimoly.cloudimg.io\/v7\/https:\/\/www.liqui-moly.com\/static\/version1695734373\/frontend\/limo\/base\/de_DE\/images\/info\/ghs08.png\" alt=\"ghs08\" width=\"35px\" height=\"35px\" \/><\/div>\n<div class=\"text-md-center text-muted ps-md-2 pe-md-2\">\n<p><strong>Gefahr<\/strong><\/p>\n<ul class=\"info-text m-0 p-0\">\n<li>H304 Kann bei Verschlucken und Eindringen in die Atemwege t\u00f6dlich sein.<\/li>\n<li>EUH066 Wiederholter Kontakt kann zu spr\u00f6der oder rissiger Haut f\u00fchren.<\/li>\n<\/ul>\n<\/div>\n<p>Wenn Sie Fragen rund um die Liqui Moly Produkte haben sollten, z\u00f6gern Sie nicht und kontaktieren Sie uns. Gerne stehen wir Ihnen jederzeit gerne zur Verf\u00fcgung.<\/p>\n","protected":false},"excerpt":{"rendered":"<p>Diesel Flie\u00df Fit Erh\u00f6ht die Flie\u00dff\u00e4higkeit und Filterg\u00e4ngigkeit des Dieselkraftstoffs.\u00a0Macht Diesel wintersicher bis zu -31 \u00b0C (abh\u00e4ngig von der Dieselkraftstoffqualit\u00e4t). Gew\u00e4hrleistet die Betriebssicherheit aller dieselbetriebener Motoren bei tiefen Temperaturen. Artikelnummer: 5130 Gebinde: 150 ml Dose Blech Paletteninhalt: 1536 VPE: 6 STK Sprache: D &#8211; F &#8211; NL Einsatzzweck F\u00fcr alle Dieselmotoren mit und ohne Dieselpartikelfilter [&hellip;]<\/p>\n","protected":false},"featured_media":22493,"comment_status":"closed","ping_status":"closed","template":"","meta":[],"class_list":["post-22492","product","type-product","status-publish","has-post-thumbnail","hentry","product_cat-additive-2","product_cat-kraftstoffadditive-diesel"],"_links":{"self":[{"href":"https:\/\/www.liqui-moly-shop.ch\/index.php\/wp-json\/wp\/v2\/product\/22492","targetHints":{"allow":["GET"]}}],"collection":[{"href":"https:\/\/www.liqui-moly-shop.ch\/index.php\/wp-json\/wp\/v2\/product"}],"about":[{"href":"https:\/\/www.liqui-moly-shop.ch\/index.php\/wp-json\/wp\/v2\/types\/product"}],"replies":[{"embeddable":true,"href":"https:\/\/www.liqui-moly-shop.ch\/index.php\/wp-json\/wp\/v2\/comments?post=22492"}],"wp:featuredmedia":[{"embeddable":true,"href":"https:\/\/www.liqui-moly-shop.ch\/index.php\/wp-json\/wp\/v2\/media\/22493"}],"wp:attachment":[{"href":"https:\/\/www.liqui-moly-shop.ch\/index.php\/wp-json\/wp\/v2\/media?parent=22492"}],"curies":[{"name":"wp","href":"https:\/\/api.w.org\/{rel}","templated":true}]}}