{"id":22497,"date":"2018-07-17T00:00:00","date_gmt":"2018-07-17T00:00:00","guid":{"rendered":"https:\/\/dev.liqui-moly-shop.ch\/index.php\/product\/speed-diesel-zusatz\/"},"modified":"2023-10-04T12:21:29","modified_gmt":"2023-10-04T12:21:29","slug":"speed-diesel-zusatz","status":"publish","type":"product","link":"https:\/\/www.liqui-moly-shop.ch\/index.php\/product\/speed-diesel-zusatz\/","title":{"rendered":"Speed Diesel-Zusatz"},"content":{"rendered":"<h3>Speed Diesel-Zusatz<\/h3>\n<p>Entfernt Ablagerungen im Dieseleinspritzsystem sowie im Brennraum und verhindert deren Neubildung. Verhindert das Festbrennen und Verharzen von D\u00fcsennadeln. Sorgt f\u00fcr ruhigen Motorlauf. Sch\u00fctzt das gesamte Kraftstoffsystem vor Korrosion und Verschlei\u00df. Optimiert die Leistungsf\u00e4higkeit des Motors. Saubere Motoren verbrauchen weniger Kraftstoff und reduzieren den Schadstoffaussto\u00df.<\/p>\n<p><!-- --><\/p>\n<table id=\"detail\">\n<tbody>\n<tr>\n<td class=\"left\" valign=\"top\">Artikelnummer:<\/td>\n<td class=\"right\" valign=\"top\">5160<\/td>\n<\/tr>\n<tr>\n<td class=\"left\" valign=\"top\">Gebinde:<\/td>\n<td class=\"right\" valign=\"top\">1 l Dose Blech<\/td>\n<\/tr>\n<tr>\n<td class=\"left\" valign=\"top\">Paletteninhalt:<\/td>\n<td class=\"right\" valign=\"top\">630<\/td>\n<\/tr>\n<tr>\n<td class=\"left\" valign=\"top\">VPE:<\/td>\n<td class=\"right\" valign=\"top\">6 STK<\/td>\n<\/tr>\n<tr>\n<td class=\"left\" valign=\"top\">Sprache:<\/td>\n<td class=\"right\" valign=\"top\">D<\/td>\n<\/tr>\n<\/tbody>\n<\/table>\n<h3 class=\"detail\">Einsatzzweck<\/h3>\n<p>F\u00fcr alle Dieselmotoren mit und ohne Dieselpartikelfilter geeignet \u2013 vorbeugend oder zur Problembehandlung. Turbo-getestet. Zur direkten Zugabe in den Kraftstofftank. Vollkommen vertr\u00e4glich mit allen konventionellen Diesel- und Biodieselkraftstoffen. Eine F\u00fcllung des Dosierbeh\u00e4lters 25 ml (integriert in der Verschlusskappe) ist ausreichend f\u00fcr 10 l Kraftstoff. Zur dauerhaften Anwendung bei jeder Betankung.<\/p>\n<div class=\"d-flex justify-content-md-center gap-1\"><img decoding=\"async\" title=\"ghs08\" src=\"https:\/\/liquimoly.cloudimg.io\/v7\/https:\/\/www.liqui-moly.com\/static\/version1695734373\/frontend\/limo\/base\/de_DE\/images\/info\/ghs08.png\" alt=\"ghs08\" width=\"35px\" height=\"35px\" \/><img decoding=\"async\" title=\"ghs09\" src=\"https:\/\/liquimoly.cloudimg.io\/v7\/https:\/\/www.liqui-moly.com\/static\/version1695734373\/frontend\/limo\/base\/de_DE\/images\/info\/ghs09.png\" alt=\"ghs09\" width=\"35px\" height=\"35px\" \/><\/div>\n<div class=\"text-md-center text-muted ps-md-2 pe-md-2\">\n<p><strong>Gefahr<\/strong><\/p>\n<ul class=\"info-text m-0 p-0\">\n<li>H304 Kann bei Verschlucken und Eindringen in die Atemwege t\u00f6dlich sein.<\/li>\n<li>H411 Giftig f\u00fcr Wasserorganismen, mit langfristiger Wirkung.<\/li>\n<li>EUH066 Wiederholter Kontakt kann zu spr\u00f6der oder rissiger Haut f\u00fchren.<\/li>\n<\/ul>\n<\/div>\n<p>Wenn Sie Fragen rund um die Liqui Moly Produkte haben sollten, z\u00f6gern Sie nicht und kontaktieren Sie uns. Gerne stehen wir Ihnen jederzeit gerne zur Verf\u00fcgung.<\/p>\n","protected":false},"excerpt":{"rendered":"<p>Speed Diesel-Zusatz Entfernt Ablagerungen im Dieseleinspritzsystem sowie im Brennraum und verhindert deren Neubildung. Verhindert das Festbrennen und Verharzen von D\u00fcsennadeln. Sorgt f\u00fcr ruhigen Motorlauf. Sch\u00fctzt das gesamte Kraftstoffsystem vor Korrosion und Verschlei\u00df. Optimiert die Leistungsf\u00e4higkeit des Motors. Saubere Motoren verbrauchen weniger Kraftstoff und reduzieren den Schadstoffaussto\u00df. Artikelnummer: 5160 Gebinde: 1 l Dose Blech Paletteninhalt: 630 [&hellip;]<\/p>\n","protected":false},"featured_media":22498,"comment_status":"closed","ping_status":"closed","template":"","meta":[],"class_list":["post-22497","product","type-product","status-publish","has-post-thumbnail","hentry","product_cat-additive-2","product_cat-kraftstoffadditive-diesel"],"_links":{"self":[{"href":"https:\/\/www.liqui-moly-shop.ch\/index.php\/wp-json\/wp\/v2\/product\/22497","targetHints":{"allow":["GET"]}}],"collection":[{"href":"https:\/\/www.liqui-moly-shop.ch\/index.php\/wp-json\/wp\/v2\/product"}],"about":[{"href":"https:\/\/www.liqui-moly-shop.ch\/index.php\/wp-json\/wp\/v2\/types\/product"}],"replies":[{"embeddable":true,"href":"https:\/\/www.liqui-moly-shop.ch\/index.php\/wp-json\/wp\/v2\/comments?post=22497"}],"wp:featuredmedia":[{"embeddable":true,"href":"https:\/\/www.liqui-moly-shop.ch\/index.php\/wp-json\/wp\/v2\/media\/22498"}],"wp:attachment":[{"href":"https:\/\/www.liqui-moly-shop.ch\/index.php\/wp-json\/wp\/v2\/media?parent=22497"}],"curies":[{"name":"wp","href":"https:\/\/api.w.org\/{rel}","templated":true}]}}