{"id":22500,"date":"2018-07-17T00:00:00","date_gmt":"2018-07-17T00:00:00","guid":{"rendered":"https:\/\/dev.liqui-moly-shop.ch\/index.php\/product\/kuehlerreiniger\/"},"modified":"2023-10-04T12:24:05","modified_gmt":"2023-10-04T12:24:05","slug":"kuehlerreiniger","status":"publish","type":"product","link":"https:\/\/www.liqui-moly-shop.ch\/index.php\/product\/kuehlerreiniger\/","title":{"rendered":"K\u00fchlerreiniger"},"content":{"rendered":"<h3>K\u00fchlerreiniger<\/h3>\n<p>Ablagerungen im K\u00fchl-\/Heizsystem bilden Barrieren f\u00fcr den W\u00e4rmeaustausch, blockieren Thermostatventile und Regulierungsmechanismen. Zu hohe Motortemperaturen lassen den Motor unwirtschaftlich, mit hohem Verschlei\u00df und hohem Schadensrisiko arbeiten. LIQUI MOLY K\u00fchlerreiniger entfernt kalkhaltige Ablagerungen, sorgt f\u00fcr optimale Motortemperatur und Betriebssicherheit. Enth\u00e4lt keine aggressiven S\u00e4uren und Laugen.<\/p>\n<p><!-- --><\/p>\n<table id=\"detail\">\n<tbody>\n<tr>\n<td class=\"left\" valign=\"top\">Artikelnummer:<\/td>\n<td class=\"right\" valign=\"top\">3320<\/td>\n<\/tr>\n<tr>\n<td class=\"left\" valign=\"top\">Gebinde:<\/td>\n<td class=\"right\" valign=\"top\">300 ml Dose Blech<\/td>\n<\/tr>\n<tr>\n<td class=\"left\" valign=\"top\">Paletteninhalt:<\/td>\n<td class=\"right\" valign=\"top\">1764<\/td>\n<\/tr>\n<tr>\n<td class=\"left\" valign=\"top\">VPE:<\/td>\n<td class=\"right\" valign=\"top\">6 STK<\/td>\n<\/tr>\n<tr>\n<td class=\"left\" valign=\"top\">Sprache:<\/td>\n<td class=\"right\" valign=\"top\">D &#8211; F &#8211; NL<\/td>\n<\/tr>\n<\/tbody>\n<\/table>\n<h3 class=\"detail\">Einsatzzweck<\/h3>\n<p>F\u00fcr alle K\u00fchlwasser- und Heizsysteme geeignet. 300 ml ausreichend f\u00fcr 10 l K\u00fchlwasser. Vertr\u00e4glich mit allen \u00fcblichen K\u00fchlwasserveredlern und Frostschutzmitteln.<\/p>\n<div class=\"d-flex justify-content-md-center gap-1\"><img decoding=\"async\" title=\"ghs05\" src=\"https:\/\/liquimoly.cloudimg.io\/v7\/https:\/\/www.liqui-moly.com\/static\/version1695734373\/frontend\/limo\/base\/de_DE\/images\/info\/ghs05.png\" alt=\"ghs05\" width=\"35px\" height=\"35px\" \/><\/div>\n<div class=\"text-md-center text-muted ps-md-2 pe-md-2\"><strong>Gefahr<\/strong><\/p>\n<ul class=\"info-text m-0 p-0\">\n<li>H318 Verursacht schwere Augensch\u00e4den.<\/li>\n<li>EUH208 Enth\u00e4lt Reaktionsmasse aus 5-Chlor-2-methyl-2H-isothiazol-3-on und 2-Methyl-2H-isothiazol-3-on (3:1). Kann allergische Reaktionen hervorrufen<\/li>\n<\/ul>\n<\/div>\n<p>Wenn Sie Fragen rund um die Liqui Moly Produkte haben sollten, z\u00f6gern Sie nicht und kontaktieren Sie uns. Gerne stehen wir Ihnen jederzeit gerne zur Verf\u00fcgung.<\/p>\n","protected":false},"excerpt":{"rendered":"<p>K\u00fchlerreiniger Ablagerungen im K\u00fchl-\/Heizsystem bilden Barrieren f\u00fcr den W\u00e4rmeaustausch, blockieren Thermostatventile und Regulierungsmechanismen. Zu hohe Motortemperaturen lassen den Motor unwirtschaftlich, mit hohem Verschlei\u00df und hohem Schadensrisiko arbeiten. LIQUI MOLY K\u00fchlerreiniger entfernt kalkhaltige Ablagerungen, sorgt f\u00fcr optimale Motortemperatur und Betriebssicherheit. Enth\u00e4lt keine aggressiven S\u00e4uren und Laugen. Artikelnummer: 3320 Gebinde: 300 ml Dose Blech Paletteninhalt: 1764 VPE: [&hellip;]<\/p>\n","protected":false},"featured_media":22501,"comment_status":"closed","ping_status":"closed","template":"","meta":[],"class_list":["post-22500","product","type-product","status-publish","has-post-thumbnail","hentry","product_cat-additive-2","product_cat-kuehleradditive"],"_links":{"self":[{"href":"https:\/\/www.liqui-moly-shop.ch\/index.php\/wp-json\/wp\/v2\/product\/22500","targetHints":{"allow":["GET"]}}],"collection":[{"href":"https:\/\/www.liqui-moly-shop.ch\/index.php\/wp-json\/wp\/v2\/product"}],"about":[{"href":"https:\/\/www.liqui-moly-shop.ch\/index.php\/wp-json\/wp\/v2\/types\/product"}],"replies":[{"embeddable":true,"href":"https:\/\/www.liqui-moly-shop.ch\/index.php\/wp-json\/wp\/v2\/comments?post=22500"}],"wp:featuredmedia":[{"embeddable":true,"href":"https:\/\/www.liqui-moly-shop.ch\/index.php\/wp-json\/wp\/v2\/media\/22501"}],"wp:attachment":[{"href":"https:\/\/www.liqui-moly-shop.ch\/index.php\/wp-json\/wp\/v2\/media?parent=22500"}],"curies":[{"name":"wp","href":"https:\/\/api.w.org\/{rel}","templated":true}]}}