{"id":22509,"date":"2018-07-17T00:00:00","date_gmt":"2018-07-17T00:00:00","guid":{"rendered":"https:\/\/dev.liqui-moly-shop.ch\/index.php\/product\/motor-protect\/"},"modified":"2023-10-04T06:01:47","modified_gmt":"2023-10-04T06:01:47","slug":"motor-protect","status":"publish","type":"product","link":"https:\/\/www.liqui-moly-shop.ch\/index.php\/product\/motor-protect\/","title":{"rendered":"Motor Protect"},"content":{"rendered":"<h3>Motor Protect<\/h3>\n<p>Vollsynthetisches Motoren\u00f6ladditiv. Es verringert den Verschlei\u00df wesentlich. Hochdruck-Verschlei\u00dfschutz-Additive bauen auf den Gleitstellen im Motor eine sehr d\u00fcnne, unter Verschlei\u00dfbedingungen verformbare und gleitf\u00e4hige Schicht auf, die mindestens 50.000 km wirksam bleibt. Daraus ergeben sich folgende Vorteile: Wesentliche Verschlei\u00dfminderung, l\u00e4ngere Motorlebensdauer, Kraftstoff- und Schadstoffreduzierung durch den Leichtlaufeffekt, optimale Motorleistung, ruhiger Lauf.<\/p>\n<p><!-- --><\/p>\n<table id=\"detail\">\n<tbody>\n<tr>\n<td class=\"left\" valign=\"top\">Artikelnummer:<\/td>\n<td class=\"right\" valign=\"top\">1018<\/td>\n<\/tr>\n<tr>\n<td class=\"left\" valign=\"top\">Gebinde:<\/td>\n<td class=\"right\" valign=\"top\">500 ml Dose Blech<\/td>\n<\/tr>\n<tr>\n<td class=\"left\" valign=\"top\">Paletteninhalt:<\/td>\n<td class=\"right\" valign=\"top\">798<\/td>\n<\/tr>\n<tr>\n<td class=\"left\" valign=\"top\">VPE:<\/td>\n<td class=\"right\" valign=\"top\">6 STK<\/td>\n<\/tr>\n<tr>\n<td class=\"left\" valign=\"top\">Sprache:<\/td>\n<td class=\"right\" valign=\"top\">D &#8211; GB &#8211; NL &#8211; F &#8211; E &#8211; I<\/td>\n<\/tr>\n<\/tbody>\n<\/table>\n<h3 class=\"detail\">Einsatzzweck<\/h3>\n<p>Die Zugabe erfolgt NACH dem \u00d6lwechsel zum Frisch\u00f6l. 500 ml ausreichend f\u00fcr bis zu 5 l Motor\u00f6l. Die Zugabe zu reibungsarmen vollsynthetischen Leichtlauf\u00f6len verringert den Verschlei\u00df nochmals um ca. 35 %. Mit Langzeitwirkung f\u00fcr 50.000 km (\u00d6lwechselintervalle vom Fahrzeughersteller beachten).<\/p>\n<p>&nbsp;<\/p>\n<ul class=\"info-text m-0 p-0\">\n<li>EUH210 Sicherheitsdatenblatt auf Anfrage erh\u00e4ltlich.<\/li>\n<li><\/li>\n<\/ul>\n<h3>Produktvideo<\/h3>\n<p>Wenn Sie Fragen rund um die Liqui Moly Produkte haben sollten, z\u00f6gern Sie nicht und kontaktieren Sie uns. Gerne stehen wir Ihnen jederzeit gerne zur Verf\u00fcgung.<\/p>\n","protected":false},"excerpt":{"rendered":"<p>Motor Protect Vollsynthetisches Motoren\u00f6ladditiv. Es verringert den Verschlei\u00df wesentlich. Hochdruck-Verschlei\u00dfschutz-Additive bauen auf den Gleitstellen im Motor eine sehr d\u00fcnne, unter Verschlei\u00dfbedingungen verformbare und gleitf\u00e4hige Schicht auf, die mindestens 50.000 km wirksam bleibt. Daraus ergeben sich folgende Vorteile: Wesentliche Verschlei\u00dfminderung, l\u00e4ngere Motorlebensdauer, Kraftstoff- und Schadstoffreduzierung durch den Leichtlaufeffekt, optimale Motorleistung, ruhiger Lauf. Artikelnummer: 1018 Gebinde: 500 [&hellip;]<\/p>\n","protected":false},"featured_media":22510,"comment_status":"closed","ping_status":"closed","template":"","meta":[],"class_list":["post-22509","product","type-product","status-publish","has-post-thumbnail","hentry","product_cat-additive-2","product_cat-oeladditive"],"_links":{"self":[{"href":"https:\/\/www.liqui-moly-shop.ch\/index.php\/wp-json\/wp\/v2\/product\/22509","targetHints":{"allow":["GET"]}}],"collection":[{"href":"https:\/\/www.liqui-moly-shop.ch\/index.php\/wp-json\/wp\/v2\/product"}],"about":[{"href":"https:\/\/www.liqui-moly-shop.ch\/index.php\/wp-json\/wp\/v2\/types\/product"}],"replies":[{"embeddable":true,"href":"https:\/\/www.liqui-moly-shop.ch\/index.php\/wp-json\/wp\/v2\/comments?post=22509"}],"wp:featuredmedia":[{"embeddable":true,"href":"https:\/\/www.liqui-moly-shop.ch\/index.php\/wp-json\/wp\/v2\/media\/22510"}],"wp:attachment":[{"href":"https:\/\/www.liqui-moly-shop.ch\/index.php\/wp-json\/wp\/v2\/media?parent=22509"}],"curies":[{"name":"wp","href":"https:\/\/api.w.org\/{rel}","templated":true}]}}