{"id":22512,"date":"2018-07-17T00:00:00","date_gmt":"2018-07-17T00:00:00","guid":{"rendered":"https:\/\/dev.liqui-moly-shop.ch\/index.php\/product\/oil-additiv\/"},"modified":"2023-10-04T06:15:35","modified_gmt":"2023-10-04T06:15:35","slug":"oil-additiv","status":"publish","type":"product","link":"https:\/\/www.liqui-moly-shop.ch\/index.php\/product\/oil-additiv\/","title":{"rendered":"Oil Additiv"},"content":{"rendered":"<h3>Oil Additiv<\/h3>\n<p>Der Leichtlaufschmierstoff MoS2 bildet auf allen reibenden und gleitenden Metallfl\u00e4chen einen hochbelastbaren Schmierfilm. Er vermindert die Reibung und garantiert einen leichteren Lauf der Aggregate. Daraus ergeben sich folgende Vorteile: wesentliche Kraftstoff- und \u00d6leinsparung, wissenschaftlich nachgewiesene Verschlei\u00dfminderung, hohe Betriebssicherheit, Notlaufeigenschaften.<\/p>\n<p><!-- --><\/p>\n<table id=\"detail\">\n<tbody>\n<tr>\n<td class=\"left\" valign=\"top\">Artikelnummer:<\/td>\n<td class=\"right\" valign=\"top\">8350<\/td>\n<\/tr>\n<tr>\n<td class=\"left\" valign=\"top\">Gebinde:<\/td>\n<td class=\"right\" valign=\"top\">300 ml Dose Blech<\/td>\n<\/tr>\n<tr>\n<td class=\"left\" valign=\"top\">Paletteninhalt:<\/td>\n<td class=\"right\" valign=\"top\">2016<\/td>\n<\/tr>\n<tr>\n<td class=\"left\" valign=\"top\">VPE:<\/td>\n<td class=\"right\" valign=\"top\">6 STK<\/td>\n<\/tr>\n<tr>\n<td class=\"left\" valign=\"top\">Sprache:<\/td>\n<td class=\"right\" valign=\"top\">D &#8211; F &#8211; NL<\/td>\n<\/tr>\n<\/tbody>\n<\/table>\n<h3 class=\"detail\">Einsatzzweck<\/h3>\n<p>F\u00fcr alle handels\u00fcblichen Motor\u00f6le in Benzin- und Dieselmotoren mit und ohne Dieselpartikelfilter (DPF) geeignet. Turbo- und Kat-getestet. Unsere Dosierempfehlung: Zugabe von 3 \u2013 5\u2009% zum Motor\u00f6l. Bei Motorr\u00e4dern mit Nasskupplung maximal 2\u2009% der \u00d6lf\u00fcllmenge beigeben.<\/p>\n<h3>Produktvideo<\/h3>\n<p>Wenn Sie Fragen rund um die Liqui Moly Produkte haben sollten, z\u00f6gern Sie nicht und kontaktieren Sie uns. Gerne stehen wir Ihnen jederzeit gerne zur Verf\u00fcgung.<\/p>\n","protected":false},"excerpt":{"rendered":"<p>Oil Additiv Der Leichtlaufschmierstoff MoS2 bildet auf allen reibenden und gleitenden Metallfl\u00e4chen einen hochbelastbaren Schmierfilm. Er vermindert die Reibung und garantiert einen leichteren Lauf der Aggregate. Daraus ergeben sich folgende Vorteile: wesentliche Kraftstoff- und \u00d6leinsparung, wissenschaftlich nachgewiesene Verschlei\u00dfminderung, hohe Betriebssicherheit, Notlaufeigenschaften. Artikelnummer: 8350 Gebinde: 300 ml Dose Blech Paletteninhalt: 2016 VPE: 6 STK Sprache: D [&hellip;]<\/p>\n","protected":false},"featured_media":22513,"comment_status":"closed","ping_status":"closed","template":"","meta":[],"class_list":["post-22512","product","type-product","status-publish","has-post-thumbnail","hentry","product_cat-additive-2","product_cat-oeladditive","product_cat-schmierstoffe"],"_links":{"self":[{"href":"https:\/\/www.liqui-moly-shop.ch\/index.php\/wp-json\/wp\/v2\/product\/22512","targetHints":{"allow":["GET"]}}],"collection":[{"href":"https:\/\/www.liqui-moly-shop.ch\/index.php\/wp-json\/wp\/v2\/product"}],"about":[{"href":"https:\/\/www.liqui-moly-shop.ch\/index.php\/wp-json\/wp\/v2\/types\/product"}],"replies":[{"embeddable":true,"href":"https:\/\/www.liqui-moly-shop.ch\/index.php\/wp-json\/wp\/v2\/comments?post=22512"}],"wp:featuredmedia":[{"embeddable":true,"href":"https:\/\/www.liqui-moly-shop.ch\/index.php\/wp-json\/wp\/v2\/media\/22513"}],"wp:attachment":[{"href":"https:\/\/www.liqui-moly-shop.ch\/index.php\/wp-json\/wp\/v2\/media?parent=22512"}],"curies":[{"name":"wp","href":"https:\/\/api.w.org\/{rel}","templated":true}]}}