{"id":22523,"date":"2018-07-17T00:00:00","date_gmt":"2018-07-17T00:00:00","guid":{"rendered":"https:\/\/dev.liqui-moly-shop.ch\/index.php\/product\/oelschlammspuelung\/"},"modified":"2023-10-04T06:16:50","modified_gmt":"2023-10-04T06:16:50","slug":"oelschlammspuelung","status":"publish","type":"product","link":"https:\/\/www.liqui-moly-shop.ch\/index.php\/product\/oelschlammspuelung\/","title":{"rendered":"\u00d6lschlammsp\u00fclung"},"content":{"rendered":"<h3>\u00d6lschlammsp\u00fclung<\/h3>\n<p>Die perfekte L\u00f6sung, um den Motor von innen zu reinigen. W\u00e4scht Schwarzschlamm und sonstige Verschmutzungen und Ablagerungen ab. Erh\u00f6ht die Betriebssicherheit des Motors und vermeidet Mangelschmierung. Reinigt schonend \u00d6lbohrungen, \u00d6lsiebe, Kolbenringnuten und Kan\u00e4le\u00a0und verhindert Motorsch\u00e4den.<\/p>\n<p><!-- --><\/p>\n<table id=\"detail\">\n<tbody>\n<tr>\n<td class=\"left\" valign=\"top\">Artikelnummer:<\/td>\n<td class=\"right\" valign=\"top\">5200<\/td>\n<\/tr>\n<tr>\n<td class=\"left\" valign=\"top\">Gebinde:<\/td>\n<td class=\"right\" valign=\"top\">300 ml Dose Blech<\/td>\n<\/tr>\n<tr>\n<td class=\"left\" valign=\"top\">Paletteninhalt:<\/td>\n<td class=\"right\" valign=\"top\">1764<\/td>\n<\/tr>\n<tr>\n<td class=\"left\" valign=\"top\">VPE:<\/td>\n<td class=\"right\" valign=\"top\">6 STK<\/td>\n<\/tr>\n<tr>\n<td class=\"left\" valign=\"top\">Sprache:<\/td>\n<td class=\"right\" valign=\"top\">D &#8211; F &#8211; NL<\/td>\n<\/tr>\n<\/tbody>\n<\/table>\n<h3 class=\"detail\">Einsatzzweck<\/h3>\n<p>F\u00fcr alle handels\u00fcblichen Motor\u00f6le in Benzin- und Dieselmotoren mit und ohne Dieselpartikelfilter (DPF) geeignet. Turbo- und Kat-getestet. Zugabe ca. 200 km vor dem \u00d6lwechsel. Doseninhalt ist ausreichend f\u00fcr bis zu 5 l Motor\u00f6l. Nicht geeignet f\u00fcr Motorr\u00e4der mit Nasskupplung.<\/p>\n<div class=\"d-flex justify-content-md-center gap-1\"><img decoding=\"async\" title=\"ghs07\" src=\"https:\/\/liquimoly.cloudimg.io\/v7\/https:\/\/www.liqui-moly.com\/static\/version1695734373\/frontend\/limo\/base\/de_DE\/images\/info\/ghs07.png\" alt=\"ghs07\" width=\"35px\" height=\"35px\" \/><\/div>\n<div class=\"text-md-center text-muted ps-md-2 pe-md-2\"><strong>Achtung<\/strong><\/p>\n<ul class=\"info-text m-0 p-0\">\n<li>H315 Verursacht Hautreizungen.<\/li>\n<li>H319 Verursacht schwere Augenreizung.<\/li>\n<li>H332 Gesundheitssch\u00e4dlich bei Einatmen.<\/li>\n<\/ul>\n<\/div>\n<p>Wenn Sie Fragen rund um die Liqui Moly Produkte haben sollten, z\u00f6gern Sie nicht und kontaktieren Sie uns. Gerne stehen wir Ihnen jederzeit gerne zur Verf\u00fcgung.<\/p>\n","protected":false},"excerpt":{"rendered":"<p>\u00d6lschlammsp\u00fclung Die perfekte L\u00f6sung, um den Motor von innen zu reinigen. W\u00e4scht Schwarzschlamm und sonstige Verschmutzungen und Ablagerungen ab. Erh\u00f6ht die Betriebssicherheit des Motors und vermeidet Mangelschmierung. Reinigt schonend \u00d6lbohrungen, \u00d6lsiebe, Kolbenringnuten und Kan\u00e4le\u00a0und verhindert Motorsch\u00e4den. Artikelnummer: 5200 Gebinde: 300 ml Dose Blech Paletteninhalt: 1764 VPE: 6 STK Sprache: D &#8211; F &#8211; NL Einsatzzweck [&hellip;]<\/p>\n","protected":false},"featured_media":22524,"comment_status":"closed","ping_status":"closed","template":"","meta":[],"class_list":["post-22523","product","type-product","status-publish","has-post-thumbnail","hentry","product_cat-additive-2","product_cat-oeladditive"],"_links":{"self":[{"href":"https:\/\/www.liqui-moly-shop.ch\/index.php\/wp-json\/wp\/v2\/product\/22523","targetHints":{"allow":["GET"]}}],"collection":[{"href":"https:\/\/www.liqui-moly-shop.ch\/index.php\/wp-json\/wp\/v2\/product"}],"about":[{"href":"https:\/\/www.liqui-moly-shop.ch\/index.php\/wp-json\/wp\/v2\/types\/product"}],"replies":[{"embeddable":true,"href":"https:\/\/www.liqui-moly-shop.ch\/index.php\/wp-json\/wp\/v2\/comments?post=22523"}],"wp:featuredmedia":[{"embeddable":true,"href":"https:\/\/www.liqui-moly-shop.ch\/index.php\/wp-json\/wp\/v2\/media\/22524"}],"wp:attachment":[{"href":"https:\/\/www.liqui-moly-shop.ch\/index.php\/wp-json\/wp\/v2\/media?parent=22523"}],"curies":[{"name":"wp","href":"https:\/\/api.w.org\/{rel}","templated":true}]}}