{"id":22532,"date":"2018-07-17T00:00:00","date_gmt":"2018-07-17T00:00:00","guid":{"rendered":"https:\/\/dev.liqui-moly-shop.ch\/index.php\/product\/visco-stabil\/"},"modified":"2023-10-04T06:55:51","modified_gmt":"2023-10-04T06:55:51","slug":"visco-stabil","status":"publish","type":"product","link":"https:\/\/www.liqui-moly-shop.ch\/index.php\/product\/visco-stabil\/","title":{"rendered":"Visco-Stabil"},"content":{"rendered":"<h3>Visco-Stabil<\/h3>\n<p>Reduziert den \u00d6lverbrauch und verbessert die Kompression durch eine optimale bewegliche Abdichtung. Stabilisiert das Motor\u00f6l und sorgt f\u00fcr optimalen \u00d6ldruck. Vermindert Ger\u00e4uschbildung des Motors und sorgt f\u00fcr eine hervorragende Schmierfilmstabilit\u00e4t. Reduziert den Verschlei\u00df.<\/p>\n<p><!-- --><\/p>\n<table id=\"detail\">\n<tbody>\n<tr>\n<td class=\"left\" valign=\"top\">Artikelnummer:<\/td>\n<td class=\"right\" valign=\"top\">1017<\/td>\n<\/tr>\n<tr>\n<td class=\"left\" valign=\"top\">Gebinde:<\/td>\n<td class=\"right\" valign=\"top\">300 ml Dose Blech<\/td>\n<\/tr>\n<tr>\n<td class=\"left\" valign=\"top\">Paletteninhalt:<\/td>\n<td class=\"right\" valign=\"top\">1764<\/td>\n<\/tr>\n<tr>\n<td class=\"left\" valign=\"top\">VPE:<\/td>\n<td class=\"right\" valign=\"top\">6 STK<\/td>\n<\/tr>\n<tr>\n<td class=\"left\" valign=\"top\">Sprache:<\/td>\n<td class=\"right\" valign=\"top\">D &#8211; F &#8211; NL<\/td>\n<\/tr>\n<\/tbody>\n<\/table>\n<h3 class=\"detail\">Einsatzzweck<\/h3>\n<p>F\u00fcr alle handels\u00fcblichen Motor\u00f6le in Benzin- und Dieselmotoren mit und ohne Dieselpartikelfilter (DPF) geeignet. Turbo- und Kat-getestet. Doseninhalt ist ausreichend f\u00fcr bis zu 5 l Motor\u00f6l. Nicht geeignet f\u00fcr Motorr\u00e4der mit Nasskupplung.<\/p>\n<ul class=\"info-text m-0 p-0\">\n<li>EUH210 Sicherheitsdatenblatt auf Anfrage erh\u00e4ltlich.<\/li>\n<\/ul>\n<p>Wenn Sie Fragen rund um die Liqui Moly Produkte haben sollten, z\u00f6gern Sie nicht und kontaktieren Sie uns. Gerne stehen wir Ihnen jederzeit gerne zur Verf\u00fcgung.<\/p>\n","protected":false},"excerpt":{"rendered":"<p>Visco-Stabil Reduziert den \u00d6lverbrauch und verbessert die Kompression durch eine optimale bewegliche Abdichtung. Stabilisiert das Motor\u00f6l und sorgt f\u00fcr optimalen \u00d6ldruck. Vermindert Ger\u00e4uschbildung des Motors und sorgt f\u00fcr eine hervorragende Schmierfilmstabilit\u00e4t. Reduziert den Verschlei\u00df. Artikelnummer: 1017 Gebinde: 300 ml Dose Blech Paletteninhalt: 1764 VPE: 6 STK Sprache: D &#8211; F &#8211; NL Einsatzzweck F\u00fcr alle [&hellip;]<\/p>\n","protected":false},"featured_media":22533,"comment_status":"closed","ping_status":"closed","template":"","meta":[],"class_list":["post-22532","product","type-product","status-publish","has-post-thumbnail","hentry","product_cat-additive-2","product_cat-oeladditive"],"_links":{"self":[{"href":"https:\/\/www.liqui-moly-shop.ch\/index.php\/wp-json\/wp\/v2\/product\/22532","targetHints":{"allow":["GET"]}}],"collection":[{"href":"https:\/\/www.liqui-moly-shop.ch\/index.php\/wp-json\/wp\/v2\/product"}],"about":[{"href":"https:\/\/www.liqui-moly-shop.ch\/index.php\/wp-json\/wp\/v2\/types\/product"}],"replies":[{"embeddable":true,"href":"https:\/\/www.liqui-moly-shop.ch\/index.php\/wp-json\/wp\/v2\/comments?post=22532"}],"wp:featuredmedia":[{"embeddable":true,"href":"https:\/\/www.liqui-moly-shop.ch\/index.php\/wp-json\/wp\/v2\/media\/22533"}],"wp:attachment":[{"href":"https:\/\/www.liqui-moly-shop.ch\/index.php\/wp-json\/wp\/v2\/media?parent=22532"}],"curies":[{"name":"wp","href":"https:\/\/api.w.org\/{rel}","templated":true}]}}