{"id":22535,"date":"2018-07-17T00:00:00","date_gmt":"2018-07-17T00:00:00","guid":{"rendered":"https:\/\/dev.liqui-moly-shop.ch\/index.php\/product\/motor-clean\/"},"modified":"2023-10-04T06:58:37","modified_gmt":"2023-10-04T06:58:37","slug":"motor-clean","status":"publish","type":"product","link":"https:\/\/www.liqui-moly-shop.ch\/index.php\/product\/motor-clean\/","title":{"rendered":"Motor Clean"},"content":{"rendered":"<h3>Motor Clean<\/h3>\n<p>Die perfekte L\u00f6sung, um den Motor innen zu reinigen. Hochwirksame Reinigungsadditive l\u00f6sen Schlamm- und lackartige Verschmutzungen, umh\u00fcllen die festen Partikel und fl\u00fcssige Verunreinigungen. Sie werden beim \u00d6lwechsel mit dem Alt\u00f6l abgelassen. Nach einem derart vorbereiteten \u00d6lwechsel kann das Frisch\u00f6l seine ganze Leistungsf\u00e4higkeit entfalten: Der Motor entwickelt wieder seine volle Leistung, l\u00e4uft verschlei\u00df\u00e4rmer, das Abgasverhalten wird optimiert, Mangelschmierung verhindert.<\/p>\n<p><!-- --><\/p>\n<table id=\"detail\">\n<tbody>\n<tr>\n<td class=\"left\" valign=\"top\">Artikelnummer:<\/td>\n<td class=\"right\" valign=\"top\">1019<\/td>\n<\/tr>\n<tr>\n<td class=\"left\" valign=\"top\">Gebinde:<\/td>\n<td class=\"right\" valign=\"top\">500 ml Dose Blech<\/td>\n<\/tr>\n<tr>\n<td class=\"left\" valign=\"top\">Paletteninhalt:<\/td>\n<td class=\"right\" valign=\"top\">798<\/td>\n<\/tr>\n<tr>\n<td class=\"left\" valign=\"top\">VPE:<\/td>\n<td class=\"right\" valign=\"top\">6 STK<\/td>\n<\/tr>\n<tr>\n<td class=\"left\" valign=\"top\">Sprache:<\/td>\n<td class=\"right\" valign=\"top\">D &#8211; GB &#8211; NL &#8211; F &#8211; E &#8211; I<\/td>\n<\/tr>\n<\/tbody>\n<\/table>\n<h3 class=\"detail\">Einsatzzweck<\/h3>\n<p>F\u00fcr alle handels\u00fcblichen Motor\u00f6le in Benzin- und Dieselmotoren mit und ohne Dieselpartikelfilter (DPF) geeignet. Turbo- und Kat-getestet. Zugabe vor dem \u00d6lwechsel zum betriebswarmen Motor\u00f6l. Reinigungsdauer ca. 10 Minuten. Doseninhalt ist ausreichend f\u00fcr bis zu 5 l Motor\u00f6l. Nicht geeignet f\u00fcr Motorr\u00e4der mit Nasskupplung.<\/p>\n<div class=\"d-flex justify-content-md-center gap-1\"><img decoding=\"async\" title=\"ghs07\" src=\"https:\/\/liquimoly.cloudimg.io\/v7\/https:\/\/www.liqui-moly.com\/static\/version1695734373\/frontend\/limo\/base\/de_DE\/images\/info\/ghs07.png\" alt=\"ghs07\" width=\"35px\" height=\"35px\" \/><img decoding=\"async\" title=\"ghs08\" src=\"https:\/\/liquimoly.cloudimg.io\/v7\/https:\/\/www.liqui-moly.com\/static\/version1695734373\/frontend\/limo\/base\/de_DE\/images\/info\/ghs08.png\" alt=\"ghs08\" width=\"35px\" height=\"35px\" \/><\/div>\n<div class=\"text-md-center text-muted ps-md-2 pe-md-2\"><strong>Gefahr<\/strong><\/p>\n<ul class=\"info-text m-0 p-0\">\n<li>H304 Kann bei Verschlucken und Eindringen in die Atemwege t\u00f6dlich sein.<\/li>\n<li>H317 Kann allergische Hautreaktionen verursachen.<\/li>\n<li>H319 Verursacht schwere Augenreizung.<\/li>\n<li>EUH066 Wiederholter Kontakt kann zu spr\u00f6der oder rissiger Haut f\u00fchren.<\/li>\n<\/ul>\n<\/div>\n<p>Wenn Sie Fragen rund um die Liqui Moly Produkte haben sollten, z\u00f6gern Sie nicht und kontaktieren Sie uns. Gerne stehen wir Ihnen jederzeit gerne zur Verf\u00fcgung.<\/p>\n","protected":false},"excerpt":{"rendered":"<p>Motor Clean Die perfekte L\u00f6sung, um den Motor innen zu reinigen. Hochwirksame Reinigungsadditive l\u00f6sen Schlamm- und lackartige Verschmutzungen, umh\u00fcllen die festen Partikel und fl\u00fcssige Verunreinigungen. Sie werden beim \u00d6lwechsel mit dem Alt\u00f6l abgelassen. Nach einem derart vorbereiteten \u00d6lwechsel kann das Frisch\u00f6l seine ganze Leistungsf\u00e4higkeit entfalten: Der Motor entwickelt wieder seine volle Leistung, l\u00e4uft verschlei\u00df\u00e4rmer, das [&hellip;]<\/p>\n","protected":false},"featured_media":22536,"comment_status":"closed","ping_status":"closed","template":"","meta":[],"class_list":["post-22535","product","type-product","status-publish","has-post-thumbnail","hentry","product_cat-additive-2","product_cat-oeladditive"],"_links":{"self":[{"href":"https:\/\/www.liqui-moly-shop.ch\/index.php\/wp-json\/wp\/v2\/product\/22535","targetHints":{"allow":["GET"]}}],"collection":[{"href":"https:\/\/www.liqui-moly-shop.ch\/index.php\/wp-json\/wp\/v2\/product"}],"about":[{"href":"https:\/\/www.liqui-moly-shop.ch\/index.php\/wp-json\/wp\/v2\/types\/product"}],"replies":[{"embeddable":true,"href":"https:\/\/www.liqui-moly-shop.ch\/index.php\/wp-json\/wp\/v2\/comments?post=22535"}],"wp:featuredmedia":[{"embeddable":true,"href":"https:\/\/www.liqui-moly-shop.ch\/index.php\/wp-json\/wp\/v2\/media\/22536"}],"wp:attachment":[{"href":"https:\/\/www.liqui-moly-shop.ch\/index.php\/wp-json\/wp\/v2\/media?parent=22535"}],"curies":[{"name":"wp","href":"https:\/\/api.w.org\/{rel}","templated":true}]}}