{"id":22538,"date":"2018-07-17T00:00:00","date_gmt":"2018-07-17T00:00:00","guid":{"rendered":"https:\/\/dev.liqui-moly-shop.ch\/index.php\/product\/gear-protect\/"},"modified":"2023-10-04T07:43:48","modified_gmt":"2023-10-04T07:43:48","slug":"gear-protect","status":"publish","type":"product","link":"https:\/\/www.liqui-moly-shop.ch\/index.php\/product\/gear-protect\/","title":{"rendered":"Gear Protect"},"content":{"rendered":"<h3>Gear Protect<\/h3>\n<p>Hochdruck-Verschlei\u00dfschutz-Additiv modernster Technologie. Reduziert Reibung und Verschlei\u00df. Das Getriebe l\u00e4uft leiser, leichter und l\u00e4sst sich weicher schalten. Mit Langzeitwirkung von bis zu 100.000 km. Gl\u00e4ttet Zahnflanken und erh\u00f6ht die Belastbarkeit der Bauteile.<\/p>\n<p><!-- --><\/p>\n<table id=\"detail\">\n<tbody>\n<tr>\n<td class=\"left\" valign=\"top\">Artikelnummer:<\/td>\n<td class=\"right\" valign=\"top\">1007<\/td>\n<\/tr>\n<tr>\n<td class=\"left\" valign=\"top\">Gebinde:<\/td>\n<td class=\"right\" valign=\"top\">80 ml Tube Kunststoff<\/td>\n<\/tr>\n<tr>\n<td class=\"left\" valign=\"top\">Paletteninhalt:<\/td>\n<td class=\"right\" valign=\"top\">798<\/td>\n<\/tr>\n<tr>\n<td class=\"left\" valign=\"top\">VPE:<\/td>\n<td class=\"right\" valign=\"top\">6 STK<\/td>\n<\/tr>\n<tr>\n<td class=\"left\" valign=\"top\">Sprache:<\/td>\n<td class=\"right\" valign=\"top\">D &#8211; GB &#8211; NL &#8211; F &#8211; E &#8211; I<\/td>\n<\/tr>\n<\/tbody>\n<\/table>\n<h3 class=\"detail\">Einsatzzweck<\/h3>\n<p>F\u00fcr Schalt-, Neben- und Differentialgetriebe. Inhalt ausreichend f\u00fcr 2 l Getriebe\u00f6l. Nicht geeignet f\u00fcr Automatikgetriebe und Motorr\u00e4der mit Nasskupplung. Zugabe zu jedem beliebigen Zeitpunkt und bei jedem Getriebe\u00f6lwechsel.<\/p>\n<h3>Produktvideo<\/h3>\n<div class=\"d-flex justify-content-md-center gap-1\"><img decoding=\"async\" title=\"ghs07\" src=\"https:\/\/liquimoly.cloudimg.io\/v7\/https:\/\/www.liqui-moly.com\/static\/version1695734373\/frontend\/limo\/base\/de_DE\/images\/info\/ghs07.png\" alt=\"ghs07\" width=\"35px\" height=\"35px\" \/><\/div>\n<div class=\"text-md-center text-muted ps-md-2 pe-md-2\"><strong>Achtung<\/strong><\/p>\n<ul class=\"info-text m-0 p-0\">\n<li>H315 Verursacht Hautreizungen.<\/li>\n<li>H317 Kann allergische Hautreaktionen verursachen.<\/li>\n<li>H413 Kann f\u00fcr Wasserorganismen sch\u00e4dlich sein, mit langfristiger Wirkung.<\/li>\n<\/ul>\n<\/div>\n<p>Wenn Sie Fragen rund um die Liqui Moly Produkte haben sollten, z\u00f6gern Sie nicht und kontaktieren Sie uns. Gerne stehen wir Ihnen jederzeit gerne zur Verf\u00fcgung.<\/p>\n","protected":false},"excerpt":{"rendered":"<p>Gear Protect Hochdruck-Verschlei\u00dfschutz-Additiv modernster Technologie. Reduziert Reibung und Verschlei\u00df. Das Getriebe l\u00e4uft leiser, leichter und l\u00e4sst sich weicher schalten. Mit Langzeitwirkung von bis zu 100.000 km. Gl\u00e4ttet Zahnflanken und erh\u00f6ht die Belastbarkeit der Bauteile. Artikelnummer: 1007 Gebinde: 80 ml Tube Kunststoff Paletteninhalt: 798 VPE: 6 STK Sprache: D &#8211; GB &#8211; NL &#8211; F &#8211; [&hellip;]<\/p>\n","protected":false},"featured_media":22539,"comment_status":"closed","ping_status":"closed","template":"","meta":[],"class_list":["post-22538","product","type-product","status-publish","has-post-thumbnail","hentry","product_cat-additive-2","product_cat-oeladditive"],"_links":{"self":[{"href":"https:\/\/www.liqui-moly-shop.ch\/index.php\/wp-json\/wp\/v2\/product\/22538","targetHints":{"allow":["GET"]}}],"collection":[{"href":"https:\/\/www.liqui-moly-shop.ch\/index.php\/wp-json\/wp\/v2\/product"}],"about":[{"href":"https:\/\/www.liqui-moly-shop.ch\/index.php\/wp-json\/wp\/v2\/types\/product"}],"replies":[{"embeddable":true,"href":"https:\/\/www.liqui-moly-shop.ch\/index.php\/wp-json\/wp\/v2\/comments?post=22538"}],"wp:featuredmedia":[{"embeddable":true,"href":"https:\/\/www.liqui-moly-shop.ch\/index.php\/wp-json\/wp\/v2\/media\/22539"}],"wp:attachment":[{"href":"https:\/\/www.liqui-moly-shop.ch\/index.php\/wp-json\/wp\/v2\/media?parent=22538"}],"curies":[{"name":"wp","href":"https:\/\/api.w.org\/{rel}","templated":true}]}}