{"id":22550,"date":"2018-07-17T00:00:00","date_gmt":"2018-07-17T00:00:00","guid":{"rendered":"https:\/\/dev.liqui-moly-shop.ch\/index.php\/product\/getriebeoil-additiv\/"},"modified":"2023-10-04T07:59:33","modified_gmt":"2023-10-04T07:59:33","slug":"getriebeoil-additiv","status":"publish","type":"product","link":"https:\/\/www.liqui-moly-shop.ch\/index.php\/product\/getriebeoil-additiv\/","title":{"rendered":"Getriebeoil-Additiv"},"content":{"rendered":"<h3>Getriebeoil-Additiv<\/h3>\n<p>Der Zusatz MoS2 bildet auf allen reibenden und gleitenden Fl\u00e4chen einen hochbelastbaren Schmierfilm. Er vermindert die Reibung, den Verschlei\u00df und baut Temperaturspitzen ab. Daraus resultiert ein ruhigerer Lauf, weicheres Schalten und ein nahezu verschlei\u00dffreier Einlauf von Zahnr\u00e4dern, Reib- und Gleitpaarungen. Die Betriebssicherheit und die Notlaufeigenschaften werden deutlich erh\u00f6ht.<\/p>\n<p><!-- --><\/p>\n<table id=\"detail\">\n<tbody>\n<tr>\n<td class=\"left\" valign=\"top\">Artikelnummer:<\/td>\n<td class=\"right\" valign=\"top\">1040<\/td>\n<\/tr>\n<tr>\n<td class=\"left\" valign=\"top\">Gebinde:<\/td>\n<td class=\"right\" valign=\"top\">20 g Tube Kunststoff<\/td>\n<\/tr>\n<tr>\n<td class=\"left\" valign=\"top\">Paletteninhalt:<\/td>\n<td class=\"right\" valign=\"top\">6600<\/td>\n<\/tr>\n<tr>\n<td class=\"left\" valign=\"top\">VPE:<\/td>\n<td class=\"right\" valign=\"top\">12 STK<\/td>\n<\/tr>\n<tr>\n<td class=\"left\" valign=\"top\">Sprache:<\/td>\n<td class=\"right\" valign=\"top\">D<\/td>\n<\/tr>\n<\/tbody>\n<\/table>\n<h3 class=\"detail\">Einsatzzweck<\/h3>\n<p>F\u00fcr Schalt-, Neben- und Differentialgetriebe \u2013 insbesondere bei hohen thermischen Belastungen.\u00a0Nicht geeignet f\u00fcr Motorr\u00e4der mit Nasskupplung.<\/p>\n<ul class=\"info-text m-0 p-0\">\n<li>H412 Sch\u00e4dlich f\u00fcr Wasserorganismen, mit langfristiger Wirkung.<\/li>\n<li>EUH208 Enth\u00e4lt Polysulfide, Di-tert-butyl-. Kann allergische Reaktionen hervorrufen.<\/li>\n<\/ul>\n<p>Wenn Sie Fragen rund um die Liqui Moly Produkte haben sollten, z\u00f6gern Sie nicht und kontaktieren Sie uns. Gerne stehen wir Ihnen jederzeit gerne zur Verf\u00fcgung.<\/p>\n","protected":false},"excerpt":{"rendered":"<p>Getriebeoil-Additiv Der Zusatz MoS2 bildet auf allen reibenden und gleitenden Fl\u00e4chen einen hochbelastbaren Schmierfilm. Er vermindert die Reibung, den Verschlei\u00df und baut Temperaturspitzen ab. Daraus resultiert ein ruhigerer Lauf, weicheres Schalten und ein nahezu verschlei\u00dffreier Einlauf von Zahnr\u00e4dern, Reib- und Gleitpaarungen. Die Betriebssicherheit und die Notlaufeigenschaften werden deutlich erh\u00f6ht. Artikelnummer: 1040 Gebinde: 20 g Tube [&hellip;]<\/p>\n","protected":false},"featured_media":22551,"comment_status":"closed","ping_status":"closed","template":"","meta":[],"class_list":["post-22550","product","type-product","status-publish","has-post-thumbnail","hentry","product_cat-additive-2","product_cat-oeladditive"],"_links":{"self":[{"href":"https:\/\/www.liqui-moly-shop.ch\/index.php\/wp-json\/wp\/v2\/product\/22550","targetHints":{"allow":["GET"]}}],"collection":[{"href":"https:\/\/www.liqui-moly-shop.ch\/index.php\/wp-json\/wp\/v2\/product"}],"about":[{"href":"https:\/\/www.liqui-moly-shop.ch\/index.php\/wp-json\/wp\/v2\/types\/product"}],"replies":[{"embeddable":true,"href":"https:\/\/www.liqui-moly-shop.ch\/index.php\/wp-json\/wp\/v2\/comments?post=22550"}],"wp:featuredmedia":[{"embeddable":true,"href":"https:\/\/www.liqui-moly-shop.ch\/index.php\/wp-json\/wp\/v2\/media\/22551"}],"wp:attachment":[{"href":"https:\/\/www.liqui-moly-shop.ch\/index.php\/wp-json\/wp\/v2\/media?parent=22550"}],"curies":[{"name":"wp","href":"https:\/\/api.w.org\/{rel}","templated":true}]}}