{"id":22553,"date":"2018-07-17T00:00:00","date_gmt":"2018-07-17T00:00:00","guid":{"rendered":"https:\/\/dev.liqui-moly-shop.ch\/index.php\/product\/getriebe-oel-verlust-stop\/"},"modified":"2023-10-04T08:24:23","modified_gmt":"2023-10-04T08:24:23","slug":"getriebe-oel-verlust-stop","status":"publish","type":"product","link":"https:\/\/www.liqui-moly-shop.ch\/index.php\/product\/getriebe-oel-verlust-stop\/","title":{"rendered":"Getriebe-\u00d6l-Verlust-Stop"},"content":{"rendered":"<h3>Getriebe-\u00d6l-Verlust-Stop<\/h3>\n<p>Regeneriert Getriebedichtungen aus Gummi- und Kunststoff wie z. B. Wellendichtringe und verhindert \u00d6lflecken unter dem Fahrzeug. Sch\u00fctzt Kupplungen vor dem Ver\u00f6len und verhindert Mangelschmierung und Getriebesch\u00e4den durch zu geringen \u00d6lstand. Verhindert umweltverschmutzende \u00d6lflecken.<\/p>\n<p><!-- --><\/p>\n<table id=\"detail\">\n<tbody>\n<tr>\n<td class=\"left\" valign=\"top\">Artikelnummer:<\/td>\n<td class=\"right\" valign=\"top\">1042<\/td>\n<\/tr>\n<tr>\n<td class=\"left\" valign=\"top\">Gebinde:<\/td>\n<td class=\"right\" valign=\"top\">50 ml Tube Kunststoff<\/td>\n<\/tr>\n<tr>\n<td class=\"left\" valign=\"top\">Paletteninhalt:<\/td>\n<td class=\"right\" valign=\"top\">3120<\/td>\n<\/tr>\n<tr>\n<td class=\"left\" valign=\"top\">VPE:<\/td>\n<td class=\"right\" valign=\"top\">12 STK<\/td>\n<\/tr>\n<tr>\n<td class=\"left\" valign=\"top\">Sprache:<\/td>\n<td class=\"right\" valign=\"top\">D<\/td>\n<\/tr>\n<\/tbody>\n<\/table>\n<h3 class=\"detail\">Einsatzzweck<\/h3>\n<p>F\u00fcr Schalt-, Neben- und Differentialgetriebe. Inhalt ist ausreichend f\u00fcr bis zu 1 l Getriebe\u00f6l. <strong>Nicht geeignet f\u00fcr DSG-, Automatikgetriebe sowie Differentiale und Motorr\u00e4der mit in \u00d6lbad laufender Kupplung (Nasskupplung).<\/strong><\/p>\n<ul class=\"info-text m-0 p-0\">\n<li style=\"list-style-type: none;\">\n<ul class=\"info-text m-0 p-0\">\n<li>H412 Sch\u00e4dlich f\u00fcr Wasserorganismen, mit langfristiger Wirkung.<\/li>\n<\/ul>\n<\/li>\n<\/ul>\n<p>EUH208 Enth\u00e4lt Reaktionsprodukte von Bis(4-methylpentan-2-yl)dithiophosphors\u00e4ure mit Phosphoroxid, Propylenoxid und Aminen, C12-14-alkyl (verzweigt). Kann allergische Reaktionen hervorrufen.<\/p>\n<p>Wenn Sie Fragen rund um die Liqui Moly Produkte haben sollten, z\u00f6gern Sie nicht und kontaktieren Sie uns. Gerne stehen wir Ihnen jederzeit gerne zur Verf\u00fcgung.<\/p>\n","protected":false},"excerpt":{"rendered":"<p>Getriebe-\u00d6l-Verlust-Stop Regeneriert Getriebedichtungen aus Gummi- und Kunststoff wie z. B. Wellendichtringe und verhindert \u00d6lflecken unter dem Fahrzeug. Sch\u00fctzt Kupplungen vor dem Ver\u00f6len und verhindert Mangelschmierung und Getriebesch\u00e4den durch zu geringen \u00d6lstand. Verhindert umweltverschmutzende \u00d6lflecken. Artikelnummer: 1042 Gebinde: 50 ml Tube Kunststoff Paletteninhalt: 3120 VPE: 12 STK Sprache: D Einsatzzweck F\u00fcr Schalt-, Neben- und Differentialgetriebe. Inhalt [&hellip;]<\/p>\n","protected":false},"featured_media":22554,"comment_status":"closed","ping_status":"closed","template":"","meta":[],"class_list":["post-22553","product","type-product","status-publish","has-post-thumbnail","hentry","product_cat-additive-2","product_cat-oeladditive"],"_links":{"self":[{"href":"https:\/\/www.liqui-moly-shop.ch\/index.php\/wp-json\/wp\/v2\/product\/22553","targetHints":{"allow":["GET"]}}],"collection":[{"href":"https:\/\/www.liqui-moly-shop.ch\/index.php\/wp-json\/wp\/v2\/product"}],"about":[{"href":"https:\/\/www.liqui-moly-shop.ch\/index.php\/wp-json\/wp\/v2\/types\/product"}],"replies":[{"embeddable":true,"href":"https:\/\/www.liqui-moly-shop.ch\/index.php\/wp-json\/wp\/v2\/comments?post=22553"}],"wp:featuredmedia":[{"embeddable":true,"href":"https:\/\/www.liqui-moly-shop.ch\/index.php\/wp-json\/wp\/v2\/media\/22554"}],"wp:attachment":[{"href":"https:\/\/www.liqui-moly-shop.ch\/index.php\/wp-json\/wp\/v2\/media?parent=22553"}],"curies":[{"name":"wp","href":"https:\/\/api.w.org\/{rel}","templated":true}]}}