{"id":22559,"date":"2018-07-17T00:00:00","date_gmt":"2018-07-17T00:00:00","guid":{"rendered":"https:\/\/dev.liqui-moly-shop.ch\/index.php\/product\/pro-line-motor-verschleiss-schutz\/"},"modified":"2023-12-15T14:45:16","modified_gmt":"2023-12-15T14:45:16","slug":"pro-line-motor-verschleiss-schutz","status":"publish","type":"product","link":"https:\/\/www.liqui-moly-shop.ch\/index.php\/product\/pro-line-motor-verschleiss-schutz\/","title":{"rendered":"Pro-Line Motor-Verschlei\u00df-Schutz"},"content":{"rendered":"<h3>Pro-Line Motor-Verschlei\u00df-Schutz<\/h3>\n<p>Der Leichtlaufschmierstoff MoS2 bildet auf allen reibenden und gleitenden Fl\u00e4chen einen hochbelastbaren Gleitfilm. Er vermindert die Reibung und garantiert einen leichteren Lauf der Aggregate. Daraus ergeben sich folgende Vorteile: wesentliche Kraftstoff- und \u00d6leinsparung, wissenschaftlich nachgewiesene Verschlei\u00dfminderung, weniger Betriebsst\u00f6rungen, hervorragende Notlaufeigenschaften.<\/p>\n<p><!-- --><\/p>\n<table id=\"detail\">\n<tbody>\n<tr>\n<td class=\"left\" valign=\"top\">Artikelnummer:<\/td>\n<td class=\"right\" valign=\"top\">5197<\/td>\n<\/tr>\n<tr>\n<td class=\"left\" valign=\"top\">Gebinde:<\/td>\n<td class=\"right\" valign=\"top\">1 l Dose Blech<\/td>\n<\/tr>\n<tr>\n<td class=\"left\" valign=\"top\">Paletteninhalt:<\/td>\n<td class=\"right\" valign=\"top\">630<\/td>\n<\/tr>\n<tr>\n<td class=\"left\" valign=\"top\">VPE:<\/td>\n<td class=\"right\" valign=\"top\">6 STK<\/td>\n<\/tr>\n<tr>\n<td class=\"left\" valign=\"top\">Sprache:<\/td>\n<td class=\"right\" valign=\"top\">D &#8211; GB &#8211; I &#8211; E &#8211; P<\/td>\n<\/tr>\n<\/tbody>\n<\/table>\n<h3 class=\"detail\">Einsatzzweck<\/h3>\n<p>F\u00fcr alle Benzin- und Dieselmotoren. Mischbar mit allen handels\u00fcblichen Motor\u00f6len. 1 l ausreichend f\u00fcr ca. 25 l Motor\u00f6l. Turbo- und Kat-getestet.<\/p>\n<p>Wenn Sie Fragen rund um die Liqui Moly Produkte haben sollten, z\u00f6gern Sie nicht und kontaktieren Sie uns. Gerne stehen wir Ihnen jederzeit gerne zur Verf\u00fcgung.<\/p>\n","protected":false},"excerpt":{"rendered":"<p>Pro-Line Motor-Verschlei\u00df-Schutz Der Leichtlaufschmierstoff MoS2 bildet auf allen reibenden und gleitenden Fl\u00e4chen einen hochbelastbaren Gleitfilm. Er vermindert die Reibung und garantiert einen leichteren Lauf der Aggregate. Daraus ergeben sich folgende Vorteile: wesentliche Kraftstoff- und \u00d6leinsparung, wissenschaftlich nachgewiesene Verschlei\u00dfminderung, weniger Betriebsst\u00f6rungen, hervorragende Notlaufeigenschaften. Artikelnummer: 5197 Gebinde: 1 l Dose Blech Paletteninhalt: 630 VPE: 6 STK Sprache: [&hellip;]<\/p>\n","protected":false},"featured_media":22560,"comment_status":"closed","ping_status":"closed","template":"","meta":[],"class_list":["post-22559","product","type-product","status-publish","has-post-thumbnail","hentry","product_cat-additive-baumaschinen","product_cat-baumaschinen"],"_links":{"self":[{"href":"https:\/\/www.liqui-moly-shop.ch\/index.php\/wp-json\/wp\/v2\/product\/22559","targetHints":{"allow":["GET"]}}],"collection":[{"href":"https:\/\/www.liqui-moly-shop.ch\/index.php\/wp-json\/wp\/v2\/product"}],"about":[{"href":"https:\/\/www.liqui-moly-shop.ch\/index.php\/wp-json\/wp\/v2\/types\/product"}],"replies":[{"embeddable":true,"href":"https:\/\/www.liqui-moly-shop.ch\/index.php\/wp-json\/wp\/v2\/comments?post=22559"}],"wp:featuredmedia":[{"embeddable":true,"href":"https:\/\/www.liqui-moly-shop.ch\/index.php\/wp-json\/wp\/v2\/media\/22560"}],"wp:attachment":[{"href":"https:\/\/www.liqui-moly-shop.ch\/index.php\/wp-json\/wp\/v2\/media?parent=22559"}],"curies":[{"name":"wp","href":"https:\/\/api.w.org\/{rel}","templated":true}]}}