{"id":22565,"date":"2018-07-17T00:00:00","date_gmt":"2018-07-17T00:00:00","guid":{"rendered":"https:\/\/dev.liqui-moly-shop.ch\/index.php\/product\/pro-line-motorspuelung\/"},"modified":"2023-12-15T14:46:13","modified_gmt":"2023-12-15T14:46:13","slug":"pro-line-motorspuelung","status":"publish","type":"product","link":"https:\/\/www.liqui-moly-shop.ch\/index.php\/product\/pro-line-motorspuelung\/","title":{"rendered":"Pro-Line Motorsp\u00fclung"},"content":{"rendered":"<h3>Pro-Line Motorsp\u00fclung<\/h3>\n<p>Reinigt den Motor von innen. Entfernt Ablagerungen aus \u00d6lbohrungen, Lagern, der Kolbenringzone etc. Reduziert Motorger\u00e4usche und den \u00d6lverbrauch. Verbessert die Kompression. Erh\u00f6ht die Betriebssicherheit des Fahrzeugs. Erm\u00f6glicht dem eingef\u00fcllten Frisch\u00f6l, nach dem \u00d6lwechsel seine volle Leistungsf\u00e4higkeit zu entfalten.<\/p>\n<p><!-- --><\/p>\n<table id=\"detail\">\n<tbody>\n<tr>\n<td class=\"left\" valign=\"top\">Artikelnummer:<\/td>\n<td class=\"right\" valign=\"top\">2427<\/td>\n<\/tr>\n<tr>\n<td class=\"left\" valign=\"top\">Gebinde:<\/td>\n<td class=\"right\" valign=\"top\">500 ml Dose Blech<\/td>\n<\/tr>\n<tr>\n<td class=\"left\" valign=\"top\">Paletteninhalt:<\/td>\n<td class=\"right\" valign=\"top\">1044<\/td>\n<\/tr>\n<tr>\n<td class=\"left\" valign=\"top\">VPE:<\/td>\n<td class=\"right\" valign=\"top\">6 STK<\/td>\n<\/tr>\n<tr>\n<td class=\"left\" valign=\"top\">Sprache:<\/td>\n<td class=\"right\" valign=\"top\">D &#8211; GB &#8211; I &#8211; E &#8211; P<\/td>\n<\/tr>\n<\/tbody>\n<\/table>\n<h3 class=\"detail\">Einsatzzweck<\/h3>\n<p>F\u00fcr alle Benzin- und Dieselmotoren mit und ohne Dieselpartikelfilter (DPF) geeignet. Kat- und Turbo-getestet. Motorreinigung vor dem \u00d6lwechsel. 500 ml sind ausreichend f\u00fcr bis zu\u00a05 l \u00d6linhalt.<\/p>\n<h3>Produktvideo<\/h3>\n<div class=\"d-flex justify-content-md-center gap-1\"><img decoding=\"async\" title=\"ghs07\" src=\"https:\/\/liquimoly.cloudimg.io\/v7\/https:\/\/www.liqui-moly.com\/static\/version1695734373\/frontend\/limo\/base\/de_DE\/images\/info\/ghs07.png\" alt=\"ghs07\" width=\"35px\" height=\"35px\" \/><img decoding=\"async\" title=\"ghs08\" src=\"https:\/\/liquimoly.cloudimg.io\/v7\/https:\/\/www.liqui-moly.com\/static\/version1695734373\/frontend\/limo\/base\/de_DE\/images\/info\/ghs08.png\" alt=\"ghs08\" width=\"35px\" height=\"35px\" \/><\/div>\n<div class=\"text-md-center text-muted ps-md-2 pe-md-2\">\n<p><strong>Gefahr<\/strong><\/p>\n<ul class=\"info-text m-0 p-0\">\n<li>H304 Kann bei Verschlucken und Eindringen in die Atemwege t\u00f6dlich sein.<\/li>\n<li>H317 Kann allergische Hautreaktionen verursachen.<\/li>\n<li>H319 Verursacht schwere Augenreizung.<\/li>\n<li>EUH066 Wiederholter Kontakt kann zu spr\u00f6der oder rissiger Haut f\u00fchren.<\/li>\n<\/ul>\n<\/div>\n<p>Wenn Sie Fragen rund um die Liqui Moly Produkte haben sollten, z\u00f6gern Sie nicht und kontaktieren Sie uns. Gerne stehen wir Ihnen jederzeit gerne zur Verf\u00fcgung.<\/p>\n","protected":false},"excerpt":{"rendered":"<p>Pro-Line Motorsp\u00fclung Reinigt den Motor von innen. Entfernt Ablagerungen aus \u00d6lbohrungen, Lagern, der Kolbenringzone etc. Reduziert Motorger\u00e4usche und den \u00d6lverbrauch. Verbessert die Kompression. Erh\u00f6ht die Betriebssicherheit des Fahrzeugs. Erm\u00f6glicht dem eingef\u00fcllten Frisch\u00f6l, nach dem \u00d6lwechsel seine volle Leistungsf\u00e4higkeit zu entfalten. Artikelnummer: 2427 Gebinde: 500 ml Dose Blech Paletteninhalt: 1044 VPE: 6 STK Sprache: D &#8211; [&hellip;]<\/p>\n","protected":false},"featured_media":22566,"comment_status":"closed","ping_status":"closed","template":"","meta":[],"class_list":["post-22565","product","type-product","status-publish","has-post-thumbnail","hentry","product_cat-additive-baumaschinen","product_cat-baumaschinen"],"_links":{"self":[{"href":"https:\/\/www.liqui-moly-shop.ch\/index.php\/wp-json\/wp\/v2\/product\/22565","targetHints":{"allow":["GET"]}}],"collection":[{"href":"https:\/\/www.liqui-moly-shop.ch\/index.php\/wp-json\/wp\/v2\/product"}],"about":[{"href":"https:\/\/www.liqui-moly-shop.ch\/index.php\/wp-json\/wp\/v2\/types\/product"}],"replies":[{"embeddable":true,"href":"https:\/\/www.liqui-moly-shop.ch\/index.php\/wp-json\/wp\/v2\/comments?post=22565"}],"wp:featuredmedia":[{"embeddable":true,"href":"https:\/\/www.liqui-moly-shop.ch\/index.php\/wp-json\/wp\/v2\/media\/22566"}],"wp:attachment":[{"href":"https:\/\/www.liqui-moly-shop.ch\/index.php\/wp-json\/wp\/v2\/media?parent=22565"}],"curies":[{"name":"wp","href":"https:\/\/api.w.org\/{rel}","templated":true}]}}