{"id":22571,"date":"2018-07-17T00:00:00","date_gmt":"2018-07-17T00:00:00","guid":{"rendered":"https:\/\/dev.liqui-moly-shop.ch\/index.php\/product\/pro-line-diesel-system-reiniger-k\/"},"modified":"2023-12-14T15:45:18","modified_gmt":"2023-12-14T15:45:18","slug":"pro-line-diesel-system-reiniger-k","status":"publish","type":"product","link":"https:\/\/www.liqui-moly-shop.ch\/index.php\/product\/pro-line-diesel-system-reiniger-k\/","title":{"rendered":"Pro-Line Diesel System Reiniger K"},"content":{"rendered":"<h3>Pro-Line Diesel System Reiniger K<\/h3>\n<p>Reduziert die Schadstoffemission und optimiert somit die Rauchtr\u00fcbung vor der Abgasuntersuchung. Erfolgreich getestet in internationalen Pr\u00fcfstandsuntersuchungen. Reinigt Einspritzd\u00fcsen, das gesamte Kraftstoffsystem und Brennr\u00e4ume von st\u00f6renden Ablagerungen. Verhindert das Festbrennen und Verharzen von D\u00fcsennadeln. Optimiert den Verbrennungsablauf. Der Motor erh\u00e4lt somit wieder seine urspr\u00fcngliche Leistung.<\/p>\n<p><!-- --><\/p>\n<table id=\"detail\">\n<tbody>\n<tr>\n<td class=\"left\" valign=\"top\">Artikelnummer:<\/td>\n<td class=\"right\" valign=\"top\">5144<\/td>\n<\/tr>\n<tr>\n<td class=\"left\" valign=\"top\">Gebinde:<\/td>\n<td class=\"right\" valign=\"top\">1 l Dose Blech<\/td>\n<\/tr>\n<tr>\n<td class=\"left\" valign=\"top\">Paletteninhalt:<\/td>\n<td class=\"right\" valign=\"top\">630<\/td>\n<\/tr>\n<tr>\n<td class=\"left\" valign=\"top\">VPE:<\/td>\n<td class=\"right\" valign=\"top\">6 STK<\/td>\n<\/tr>\n<tr>\n<td class=\"left\" valign=\"top\">Sprache:<\/td>\n<td class=\"right\" valign=\"top\">D &#8211; GB &#8211; I &#8211; E &#8211; P<\/td>\n<\/tr>\n<\/tbody>\n<\/table>\n<h3 class=\"detail\">Einsatzzweck<\/h3>\n<p>F\u00fcr alle Diesel- und Turbodieselmotoren mit und ohne Dieselpartikelfilter (DPF) geeignet. Zur direkten Zugabe in den Kraftstofftank. Vorbeugend bei jeder Inspektion, nach Reparaturen am Kraftstoffsystem, zur Problembehandlung oder nach jeder JetClean-Reinigung. Doseninhalt ausreichend f\u00fcr max. 300 l Kraftstoff.<\/p>\n<div class=\"d-flex justify-content-md-center gap-1\"><img decoding=\"async\" title=\"ghs08\" src=\"https:\/\/liquimoly.cloudimg.io\/v7\/https:\/\/www.liqui-moly.com\/static\/version1702332212\/frontend\/limo\/base\/de_DE\/images\/info\/ghs08.png\" alt=\"ghs08\" width=\"35px\" height=\"35px\" \/><img decoding=\"async\" title=\"ghs09\" src=\"https:\/\/liquimoly.cloudimg.io\/v7\/https:\/\/www.liqui-moly.com\/static\/version1702332212\/frontend\/limo\/base\/de_DE\/images\/info\/ghs09.png\" alt=\"ghs09\" width=\"35px\" height=\"35px\" \/><\/div>\n<div class=\"text-md-center text-muted ps-md-2 pe-md-2\"><strong>Gefahr<\/strong><\/p>\n<ul class=\"info-text m-0 p-0\">\n<li>H304 Kann bei Verschlucken und Eindringen in die Atemwege t\u00f6dlich sein.<\/li>\n<li>H411 Giftig f\u00fcr Wasserorganismen, mit langfristiger Wirkung.<\/li>\n<li>EUH044 Explosionsgefahr bei Erhitzen unter Einschluss.<\/li>\n<li>EUH066 Wiederholter Kontakt kann zu spr\u00f6der oder rissiger Haut f\u00fchren.<\/li>\n<\/ul>\n<\/div>\n<p>Wenn Sie Fragen rund um die Liqui Moly Produkte haben sollten, z\u00f6gern Sie nicht und kontaktieren Sie uns. Gerne stehen wir Ihnen jederzeit gerne zur Verf\u00fcgung.<\/p>\n","protected":false},"excerpt":{"rendered":"<p>Pro-Line Diesel System Reiniger K Reduziert die Schadstoffemission und optimiert somit die Rauchtr\u00fcbung vor der Abgasuntersuchung. Erfolgreich getestet in internationalen Pr\u00fcfstandsuntersuchungen. Reinigt Einspritzd\u00fcsen, das gesamte Kraftstoffsystem und Brennr\u00e4ume von st\u00f6renden Ablagerungen. Verhindert das Festbrennen und Verharzen von D\u00fcsennadeln. Optimiert den Verbrennungsablauf. Der Motor erh\u00e4lt somit wieder seine urspr\u00fcngliche Leistung. Artikelnummer: 5144 Gebinde: 1 l Dose [&hellip;]<\/p>\n","protected":false},"featured_media":22572,"comment_status":"closed","ping_status":"closed","template":"","meta":[],"class_list":["post-22571","product","type-product","status-publish","has-post-thumbnail","hentry","product_cat-additive-baumaschinen","product_cat-baumaschinen"],"_links":{"self":[{"href":"https:\/\/www.liqui-moly-shop.ch\/index.php\/wp-json\/wp\/v2\/product\/22571","targetHints":{"allow":["GET"]}}],"collection":[{"href":"https:\/\/www.liqui-moly-shop.ch\/index.php\/wp-json\/wp\/v2\/product"}],"about":[{"href":"https:\/\/www.liqui-moly-shop.ch\/index.php\/wp-json\/wp\/v2\/types\/product"}],"replies":[{"embeddable":true,"href":"https:\/\/www.liqui-moly-shop.ch\/index.php\/wp-json\/wp\/v2\/comments?post=22571"}],"wp:featuredmedia":[{"embeddable":true,"href":"https:\/\/www.liqui-moly-shop.ch\/index.php\/wp-json\/wp\/v2\/media\/22572"}],"wp:attachment":[{"href":"https:\/\/www.liqui-moly-shop.ch\/index.php\/wp-json\/wp\/v2\/media?parent=22571"}],"curies":[{"name":"wp","href":"https:\/\/api.w.org\/{rel}","templated":true}]}}