{"id":22574,"date":"2018-07-17T00:00:00","date_gmt":"2018-07-17T00:00:00","guid":{"rendered":"https:\/\/dev.liqui-moly-shop.ch\/index.php\/product\/pro-line-getriebeoel-additiv\/"},"modified":"2023-12-15T14:47:27","modified_gmt":"2023-12-15T14:47:27","slug":"pro-line-getriebeoel-additiv","status":"publish","type":"product","link":"https:\/\/www.liqui-moly-shop.ch\/index.php\/product\/pro-line-getriebeoel-additiv\/","title":{"rendered":"Pro-Line Getriebe\u00f6l Additiv"},"content":{"rendered":"<h3>Pro-Line Getriebe\u00f6l Additiv<\/h3>\n<p>Speziell f\u00fcr Schalt- und Differentialgetriebe entwickelt. Vermindert den Verschlei\u00df erheblich und baut Temperaturspitzen ab. Das Getriebe l\u00e4uft leiser, erm\u00f6glicht weichere Schaltvorg\u00e4nge und erw\u00e4rmt sich weniger stark. Selbst \u00e4ltere Getriebe gewinnen durch die Gl\u00e4ttung der Zahnflanken wieder an Laufruhe und Leistungsf\u00e4higkeit. Erh\u00f6ht die Betriebssicherheit und ergibt Notlaufeigenschaften durch MoS2.<\/p>\n<p><!-- --><\/p>\n<table id=\"detail\">\n<tbody>\n<tr>\n<td class=\"left\" valign=\"top\">Artikelnummer:<\/td>\n<td class=\"right\" valign=\"top\">5198<\/td>\n<\/tr>\n<tr>\n<td class=\"left\" valign=\"top\">Gebinde:<\/td>\n<td class=\"right\" valign=\"top\">150 ml Tube Kunststoff<\/td>\n<\/tr>\n<tr>\n<td class=\"left\" valign=\"top\">Paletteninhalt:<\/td>\n<td class=\"right\" valign=\"top\">1728<\/td>\n<\/tr>\n<tr>\n<td class=\"left\" valign=\"top\">VPE:<\/td>\n<td class=\"right\" valign=\"top\">12 STK<\/td>\n<\/tr>\n<tr>\n<td class=\"left\" valign=\"top\">Sprache:<\/td>\n<td class=\"right\" valign=\"top\">D &#8211; GB &#8211; E<\/td>\n<\/tr>\n<\/tbody>\n<\/table>\n<h3 class=\"detail\">Einsatzzweck<\/h3>\n<p>F\u00fcr alle Schalt-, Neben- und Differentialgetriebe. Nicht in vollautomatischen Getrieben und Getrieben mit in \u00d6lbad laufender Kupplung anwenden. 150 ml ausreichend f\u00fcr ca. 15 l Getriebe\u00f6l.<\/p>\n<ul class=\"info-text m-0 p-0\">\n<li>H412 Sch\u00e4dlich f\u00fcr Wasserorganismen, mit langfristiger Wirkung.<\/li>\n<li>EUH208 Enth\u00e4lt Polysulfide, Di-tert-butyl-. Kann allergische Reaktionen hervorrufen.<\/li>\n<\/ul>\n<p>Wenn Sie Fragen rund um die Liqui Moly Produkte haben sollten, z\u00f6gern Sie nicht und kontaktieren Sie uns. Gerne stehen wir Ihnen jederzeit gerne zur Verf\u00fcgung.<\/p>\n","protected":false},"excerpt":{"rendered":"<p>Pro-Line Getriebe\u00f6l Additiv Speziell f\u00fcr Schalt- und Differentialgetriebe entwickelt. Vermindert den Verschlei\u00df erheblich und baut Temperaturspitzen ab. Das Getriebe l\u00e4uft leiser, erm\u00f6glicht weichere Schaltvorg\u00e4nge und erw\u00e4rmt sich weniger stark. Selbst \u00e4ltere Getriebe gewinnen durch die Gl\u00e4ttung der Zahnflanken wieder an Laufruhe und Leistungsf\u00e4higkeit. Erh\u00f6ht die Betriebssicherheit und ergibt Notlaufeigenschaften durch MoS2. Artikelnummer: 5198 Gebinde: 150 [&hellip;]<\/p>\n","protected":false},"featured_media":22575,"comment_status":"closed","ping_status":"closed","template":"","meta":[],"class_list":["post-22574","product","type-product","status-publish","has-post-thumbnail","hentry","product_cat-additive-baumaschinen","product_cat-baumaschinen"],"_links":{"self":[{"href":"https:\/\/www.liqui-moly-shop.ch\/index.php\/wp-json\/wp\/v2\/product\/22574","targetHints":{"allow":["GET"]}}],"collection":[{"href":"https:\/\/www.liqui-moly-shop.ch\/index.php\/wp-json\/wp\/v2\/product"}],"about":[{"href":"https:\/\/www.liqui-moly-shop.ch\/index.php\/wp-json\/wp\/v2\/types\/product"}],"replies":[{"embeddable":true,"href":"https:\/\/www.liqui-moly-shop.ch\/index.php\/wp-json\/wp\/v2\/comments?post=22574"}],"wp:featuredmedia":[{"embeddable":true,"href":"https:\/\/www.liqui-moly-shop.ch\/index.php\/wp-json\/wp\/v2\/media\/22575"}],"wp:attachment":[{"href":"https:\/\/www.liqui-moly-shop.ch\/index.php\/wp-json\/wp\/v2\/media?parent=22574"}],"curies":[{"name":"wp","href":"https:\/\/api.w.org\/{rel}","templated":true}]}}