{"id":22577,"date":"2018-07-17T00:00:00","date_gmt":"2018-07-17T00:00:00","guid":{"rendered":"https:\/\/dev.liqui-moly-shop.ch\/index.php\/product\/pro-line-dieselpartikelfilter-schutz\/"},"modified":"2023-12-19T12:28:34","modified_gmt":"2023-12-19T12:28:34","slug":"pro-line-dieselpartikelfilter-schutz","status":"publish","type":"product","link":"https:\/\/www.liqui-moly-shop.ch\/index.php\/product\/pro-line-dieselpartikelfilter-schutz\/","title":{"rendered":"Pro-Line Dieselpartikelfilter-Schutz"},"content":{"rendered":"<h3>Pro-Line Dieselpartikelfilter-Schutz<\/h3>\n<p>Hochwirksames Additiv, das die Ru\u00dfbildung reduziert und die Betriebssicherheit von Dieselpartikelfiltern verbessert.\u00a0Speziell Kurzstrecken- und Stadtfahrzeuge sind vom Problem verstopfter Dieselpartikelfilter betroffen. Durch eine regelm\u00e4\u00dfige Anwendung bleibt der Dieselpartikelfilter sauber und teure Reparatur- und Standzeiten werden vermieden. Sorgt f\u00fcr eine optimale Verbrennung des Kraftstoffs und vermindert die Ru\u00dfbildung. Dies tr\u00e4gt zur Senkung der Emissionen bei.<\/p>\n<p><!-- --><\/p>\n<table id=\"detail\">\n<tbody>\n<tr>\n<td class=\"left\" valign=\"top\">Artikelnummer:<\/td>\n<td class=\"right\" valign=\"top\">5123<\/td>\n<\/tr>\n<tr>\n<td class=\"left\" valign=\"top\">Gebinde:<\/td>\n<td class=\"right\" valign=\"top\">1 l Dose Blech<\/td>\n<\/tr>\n<tr>\n<td class=\"left\" valign=\"top\">Paletteninhalt:<\/td>\n<td class=\"right\" valign=\"top\">630<\/td>\n<\/tr>\n<tr>\n<td class=\"left\" valign=\"top\">VPE:<\/td>\n<td class=\"right\" valign=\"top\">6 STK<\/td>\n<\/tr>\n<tr>\n<td class=\"left\" valign=\"top\">Sprache:<\/td>\n<td class=\"right\" valign=\"top\">D &#8211; GB &#8211; I &#8211; E &#8211; P<\/td>\n<\/tr>\n<\/tbody>\n<\/table>\n<h3 class=\"detail\">Einsatzzweck<\/h3>\n<p>F\u00fcr Dieselfahrzeuge mit Dieselpartikelfilter geeignet, sofern diese nicht bereits mit einem elektronisch gesteuerten Additivtanksystem zur Filterregeneration ausgestattet sind, wie dies z. B. bei Citro\u00ebn und Peugeot der Fall ist. Auch f\u00fcr Nutzfahrzeuge und Busse geeignet.<\/p>\n<div class=\"d-flex justify-content-md-center gap-1\"><img decoding=\"async\" title=\"ghs08\" src=\"https:\/\/liquimoly.cloudimg.io\/v7\/https:\/\/www.liqui-moly.com\/static\/version1702332212\/frontend\/limo\/base\/de_DE\/images\/info\/ghs08.png\" alt=\"ghs08\" width=\"35px\" height=\"35px\" \/><\/div>\n<div class=\"text-md-center text-muted ps-md-2 pe-md-2\">\n<p><strong>Gefahr<\/strong><\/p>\n<ul class=\"info-text m-0 p-0\">\n<li>H304 Kann bei Verschlucken und Eindringen in die Atemwege t\u00f6dlich sein.<\/li>\n<li>EUH066 Wiederholter Kontakt kann zu spr\u00f6der oder rissiger Haut f\u00fchren.<\/li>\n<\/ul>\n<\/div>\n<p>Wenn Sie Fragen rund um die Liqui Moly Produkte haben sollten, z\u00f6gern Sie nicht und kontaktieren Sie uns. Gerne stehen wir Ihnen jederzeit gerne zur Verf\u00fcgung.<\/p>\n","protected":false},"excerpt":{"rendered":"<p>Pro-Line Dieselpartikelfilter-Schutz Hochwirksames Additiv, das die Ru\u00dfbildung reduziert und die Betriebssicherheit von Dieselpartikelfiltern verbessert.\u00a0Speziell Kurzstrecken- und Stadtfahrzeuge sind vom Problem verstopfter Dieselpartikelfilter betroffen. Durch eine regelm\u00e4\u00dfige Anwendung bleibt der Dieselpartikelfilter sauber und teure Reparatur- und Standzeiten werden vermieden. Sorgt f\u00fcr eine optimale Verbrennung des Kraftstoffs und vermindert die Ru\u00dfbildung. Dies tr\u00e4gt zur Senkung der Emissionen [&hellip;]<\/p>\n","protected":false},"featured_media":22578,"comment_status":"closed","ping_status":"closed","template":"","meta":[],"class_list":["post-22577","product","type-product","status-publish","has-post-thumbnail","hentry","product_cat-additive-baumaschinen","product_cat-baumaschinen"],"_links":{"self":[{"href":"https:\/\/www.liqui-moly-shop.ch\/index.php\/wp-json\/wp\/v2\/product\/22577","targetHints":{"allow":["GET"]}}],"collection":[{"href":"https:\/\/www.liqui-moly-shop.ch\/index.php\/wp-json\/wp\/v2\/product"}],"about":[{"href":"https:\/\/www.liqui-moly-shop.ch\/index.php\/wp-json\/wp\/v2\/types\/product"}],"replies":[{"embeddable":true,"href":"https:\/\/www.liqui-moly-shop.ch\/index.php\/wp-json\/wp\/v2\/comments?post=22577"}],"wp:featuredmedia":[{"embeddable":true,"href":"https:\/\/www.liqui-moly-shop.ch\/index.php\/wp-json\/wp\/v2\/media\/22578"}],"wp:attachment":[{"href":"https:\/\/www.liqui-moly-shop.ch\/index.php\/wp-json\/wp\/v2\/media?parent=22577"}],"curies":[{"name":"wp","href":"https:\/\/api.w.org\/{rel}","templated":true}]}}