{"id":22580,"date":"2018-07-17T00:00:00","date_gmt":"2018-07-17T00:00:00","guid":{"rendered":"https:\/\/dev.liqui-moly-shop.ch\/index.php\/product\/hydraulik-system-additiv\/"},"modified":"2023-10-04T07:49:36","modified_gmt":"2023-10-04T07:49:36","slug":"hydraulik-system-additiv","status":"publish","type":"product","link":"https:\/\/www.liqui-moly-shop.ch\/index.php\/product\/hydraulik-system-additiv\/","title":{"rendered":"Hydraulik System Additiv"},"content":{"rendered":"<h3>Hydraulik System Additiv<\/h3>\n<p>Sch\u00fctzt und pflegt Dichtungsmaterialien wie z. B. O-Ringe in Hydrauliksystemen. Reduziert die Reibung und stoppt das Ruckgleiten (stick slip effect). Senkt die \u00d6ltemperatur, verlangsamt die \u00d6lalterung und sch\u00fctzt Bauteile der Hydraulikanlage wie z. B. Pumpen, optimal vor Verschlei\u00df. Sch\u00fctzt Hydrauliksysteme vor Korrosion, Schaum- und Schlammbildung sowie Ablagerungen. Der Verschlei\u00df wird minimiert, das Reparaturrisiko reduziert und die Betriebskosten gesenkt.<\/p>\n<p><!-- --><\/p>\n<table id=\"detail\">\n<tbody>\n<tr>\n<td class=\"left\" valign=\"top\">Artikelnummer:<\/td>\n<td class=\"right\" valign=\"top\">5116<\/td>\n<\/tr>\n<tr>\n<td class=\"left\" valign=\"top\">Gebinde:<\/td>\n<td class=\"right\" valign=\"top\">1 l Dose Kunststoff<\/td>\n<\/tr>\n<tr>\n<td class=\"left\" valign=\"top\">Paletteninhalt:<\/td>\n<td class=\"right\" valign=\"top\">570<\/td>\n<\/tr>\n<tr>\n<td class=\"left\" valign=\"top\">VPE:<\/td>\n<td class=\"right\" valign=\"top\">6 STK<\/td>\n<\/tr>\n<tr>\n<td class=\"left\" valign=\"top\">Sprache:<\/td>\n<td class=\"right\" valign=\"top\">D &#8211; GB &#8211; I &#8211; E &#8211; P<\/td>\n<\/tr>\n<\/tbody>\n<\/table>\n<h3 class=\"detail\">Einsatzzweck<\/h3>\n<p>F\u00fcr Hydrauliksysteme in der Industrie, in Bau- und Nutzfahrzeugen sowie f\u00fcr land- und forstwirtschaftlich genutzte Aggregate. Dem Hydraulik\u00f6l beimischen. Bei vorbeugendem Einsatz 2 &#8211;\u00a04 % und bei problembezogenem Einsatz 4\u00a0&#8211; 8 % beimischen. Nicht geeignet f\u00fcr Hydrauliksysteme, die mit biologisch schnell abbaubaren Hydraulik\u00f6len gem\u00e4\u00df HEPG, HETG, HEES sowie Zentralhydraulik\u00f6len oder Bremsfl\u00fcssigkeit gef\u00fcllt sind.<\/p>\n<div class=\"d-flex justify-content-md-center gap-1\"><img decoding=\"async\" title=\"ghs09\" src=\"https:\/\/liquimoly.cloudimg.io\/v7\/https:\/\/www.liqui-moly.com\/static\/version1695734373\/frontend\/limo\/base\/de_DE\/images\/info\/ghs09.png\" alt=\"ghs09\" width=\"35px\" height=\"35px\" \/><\/div>\n<div class=\"text-md-center text-muted ps-md-2 pe-md-2\">\n<ul class=\"info-text m-0 p-0\">\n<li>H411 Giftig f\u00fcr Wasserorganismen, mit langfristiger Wirkung.<\/li>\n<\/ul>\n<\/div>\n<p>Wenn Sie Fragen rund um die Liqui Moly Produkte haben sollten, z\u00f6gern Sie nicht und kontaktieren Sie uns. Gerne stehen wir Ihnen jederzeit gerne zur Verf\u00fcgung.<\/p>\n","protected":false},"excerpt":{"rendered":"<p>Hydraulik System Additiv Sch\u00fctzt und pflegt Dichtungsmaterialien wie z. B. O-Ringe in Hydrauliksystemen. Reduziert die Reibung und stoppt das Ruckgleiten (stick slip effect). Senkt die \u00d6ltemperatur, verlangsamt die \u00d6lalterung und sch\u00fctzt Bauteile der Hydraulikanlage wie z. B. Pumpen, optimal vor Verschlei\u00df. Sch\u00fctzt Hydrauliksysteme vor Korrosion, Schaum- und Schlammbildung sowie Ablagerungen. Der Verschlei\u00df wird minimiert, das [&hellip;]<\/p>\n","protected":false},"featured_media":22581,"comment_status":"closed","ping_status":"closed","template":"","meta":[],"class_list":["post-22580","product","type-product","status-publish","has-post-thumbnail","hentry","product_cat-additive-baumaschinen","product_cat-baumaschinen"],"_links":{"self":[{"href":"https:\/\/www.liqui-moly-shop.ch\/index.php\/wp-json\/wp\/v2\/product\/22580","targetHints":{"allow":["GET"]}}],"collection":[{"href":"https:\/\/www.liqui-moly-shop.ch\/index.php\/wp-json\/wp\/v2\/product"}],"about":[{"href":"https:\/\/www.liqui-moly-shop.ch\/index.php\/wp-json\/wp\/v2\/types\/product"}],"replies":[{"embeddable":true,"href":"https:\/\/www.liqui-moly-shop.ch\/index.php\/wp-json\/wp\/v2\/comments?post=22580"}],"wp:featuredmedia":[{"embeddable":true,"href":"https:\/\/www.liqui-moly-shop.ch\/index.php\/wp-json\/wp\/v2\/media\/22581"}],"wp:attachment":[{"href":"https:\/\/www.liqui-moly-shop.ch\/index.php\/wp-json\/wp\/v2\/media?parent=22580"}],"curies":[{"name":"wp","href":"https:\/\/api.w.org\/{rel}","templated":true}]}}