{"id":22583,"date":"2018-07-17T00:00:00","date_gmt":"2018-07-17T00:00:00","guid":{"rendered":"https:\/\/dev.liqui-moly-shop.ch\/index.php\/product\/super-diesel-additiv\/"},"modified":"2023-10-04T09:30:01","modified_gmt":"2023-10-04T09:30:01","slug":"super-diesel-additiv","status":"publish","type":"product","link":"https:\/\/www.liqui-moly-shop.ch\/index.php\/product\/super-diesel-additiv\/","title":{"rendered":"Super Diesel Additiv"},"content":{"rendered":"<h3>Super Diesel Additiv<\/h3>\n<p>Entfernt Ablagerungen im Dieseleinspritzsystem sowie im Brennraum und verhindert deren Neubildung. Pflegt alle Bauteile der Dieseleinspritzanlage. Verhindert das Festbrennen und Verharzen von D\u00fcsennadeln. Erh\u00f6ht die Cetanzahl und verbessert die Z\u00fcndwilligkeit des Dieselkraftstoffs. Sorgt f\u00fcr ruhigen Motorlauf. Sch\u00fctzt das gesamte Kraftstoffsystem vor Korrosion und Verschlei\u00df. Optimiert die AU-Werte und die Leistungsf\u00e4higkeit des Motors. Saubere Motoren verbrauchen weniger Kraftstoff und reduzieren den Schadstoffaussto\u00df.<\/p>\n<p><!-- --><\/p>\n<table id=\"detail\">\n<tbody>\n<tr>\n<td class=\"left\" valign=\"top\">Artikelnummer:<\/td>\n<td class=\"right\" valign=\"top\">1904 5140 5145 5146<\/td>\n<\/tr>\n<tr>\n<td class=\"left\" valign=\"top\">Gebinde:<\/td>\n<td class=\"right\" valign=\"top\">250 ml Dose Blech<\/td>\n<\/tr>\n<tr>\n<td class=\"left\" valign=\"top\">Paletteninhalt:<\/td>\n<td class=\"right\" valign=\"top\">1536<\/td>\n<\/tr>\n<tr>\n<td class=\"left\" valign=\"top\">VPE:<\/td>\n<td class=\"right\" valign=\"top\">6 STK<\/td>\n<\/tr>\n<tr>\n<td class=\"left\" valign=\"top\">Sprache:<\/td>\n<td class=\"right\" valign=\"top\">D &#8211; F &#8211; NL<\/td>\n<\/tr>\n<\/tbody>\n<\/table>\n<h3 class=\"detail\">Einsatzzweck<\/h3>\n<p>F\u00fcr alle Dieselmotoren mit und ohne Dieselpartikelfilter geeignet, vorbeugend oder zur Problembehandlung. Turbo-getestet. Zur direkten Zugabe in den Kraftstofftank. Vollkommen vertr\u00e4glich mit allen konventionellen Diesel- und Biodieselkraftstoffen. 250 ml sind ausreichend f\u00fcr bis zu 75 l Kraftstoff (Dosierung 1:300). Wirkung h\u00e4lt bis zu 2.000 km an.<\/p>\n<h3>Produktvideo<\/h3>\n<div class=\"d-flex justify-content-md-center gap-1\"><img decoding=\"async\" title=\"ghs08\" src=\"https:\/\/liquimoly.cloudimg.io\/v7\/https:\/\/www.liqui-moly.com\/static\/version1695734373\/frontend\/limo\/base\/de_DE\/images\/info\/ghs08.png\" alt=\"ghs08\" width=\"35px\" height=\"35px\" \/><img decoding=\"async\" title=\"ghs09\" src=\"https:\/\/liquimoly.cloudimg.io\/v7\/https:\/\/www.liqui-moly.com\/static\/version1695734373\/frontend\/limo\/base\/de_DE\/images\/info\/ghs09.png\" alt=\"ghs09\" width=\"35px\" height=\"35px\" \/><\/div>\n<div class=\"text-md-center text-muted ps-md-2 pe-md-2\"><strong>Gefahr<\/strong><\/p>\n<ul class=\"info-text m-0 p-0\">\n<li>H304 Kann bei Verschlucken und Eindringen in die Atemwege t\u00f6dlich sein.<\/li>\n<li>H411 Giftig f\u00fcr Wasserorganismen, mit langfristiger Wirkung.<\/li>\n<li>EUH044 Explosionsgefahr bei Erhitzen unter Einschluss.<\/li>\n<li>EUH066 Wiederholter Kontakt kann zu spr\u00f6der oder rissiger Haut f\u00fchren.<\/li>\n<\/ul>\n<\/div>\n<p>Wenn Sie Fragen rund um die Liqui Moly Produkte haben sollten, z\u00f6gern Sie nicht und kontaktieren Sie uns. Gerne stehen wir Ihnen jederzeit gerne zur Verf\u00fcgung.<\/p>\n","protected":false},"excerpt":{"rendered":"<p>Super Diesel Additiv Entfernt Ablagerungen im Dieseleinspritzsystem sowie im Brennraum und verhindert deren Neubildung. Pflegt alle Bauteile der Dieseleinspritzanlage. Verhindert das Festbrennen und Verharzen von D\u00fcsennadeln. Erh\u00f6ht die Cetanzahl und verbessert die Z\u00fcndwilligkeit des Dieselkraftstoffs. Sorgt f\u00fcr ruhigen Motorlauf. Sch\u00fctzt das gesamte Kraftstoffsystem vor Korrosion und Verschlei\u00df. Optimiert die AU-Werte und die Leistungsf\u00e4higkeit des Motors. [&hellip;]<\/p>\n","protected":false},"featured_media":22584,"comment_status":"closed","ping_status":"closed","template":"","meta":[],"class_list":["post-22583","product","type-product","status-publish","has-post-thumbnail","hentry","product_cat-additive-baumaschinen","product_cat-baumaschinen"],"_links":{"self":[{"href":"https:\/\/www.liqui-moly-shop.ch\/index.php\/wp-json\/wp\/v2\/product\/22583","targetHints":{"allow":["GET"]}}],"collection":[{"href":"https:\/\/www.liqui-moly-shop.ch\/index.php\/wp-json\/wp\/v2\/product"}],"about":[{"href":"https:\/\/www.liqui-moly-shop.ch\/index.php\/wp-json\/wp\/v2\/types\/product"}],"replies":[{"embeddable":true,"href":"https:\/\/www.liqui-moly-shop.ch\/index.php\/wp-json\/wp\/v2\/comments?post=22583"}],"wp:featuredmedia":[{"embeddable":true,"href":"https:\/\/www.liqui-moly-shop.ch\/index.php\/wp-json\/wp\/v2\/media\/22584"}],"wp:attachment":[{"href":"https:\/\/www.liqui-moly-shop.ch\/index.php\/wp-json\/wp\/v2\/media?parent=22583"}],"curies":[{"name":"wp","href":"https:\/\/api.w.org\/{rel}","templated":true}]}}