{"id":22586,"date":"2018-07-17T00:00:00","date_gmt":"2018-07-17T00:00:00","guid":{"rendered":"https:\/\/dev.liqui-moly-shop.ch\/index.php\/product\/diesel-fliess-fit-k\/"},"modified":"2023-10-04T11:53:21","modified_gmt":"2023-10-04T11:53:21","slug":"diesel-fliess-fit-k","status":"publish","type":"product","link":"https:\/\/www.liqui-moly-shop.ch\/index.php\/product\/diesel-fliess-fit-k\/","title":{"rendered":"Diesel Flie\u00df-Fit K"},"content":{"rendered":"<h3>Diesel Flie\u00df-Fit K<\/h3>\n<p>Erh\u00f6ht die Flie\u00dff\u00e4higkeit und Filterg\u00e4ngigkeit des Dieselkraftstoffs.\u00a0Macht Diesel wintersicher bis zu -31 \u00b0C (abh\u00e4ngig von der Dieselkraftstoffqualit\u00e4t). Gew\u00e4hrleistet die Betriebssicherheit aller dieselbetriebener Motoren bei tiefen Temperaturen.<\/p>\n<p><!-- --><\/p>\n<table id=\"detail\">\n<tbody>\n<tr>\n<td class=\"left\" valign=\"top\">Artikelnummer:<\/td>\n<td class=\"right\" valign=\"top\">5131<\/td>\n<\/tr>\n<tr>\n<td class=\"left\" valign=\"top\">Gebinde:<\/td>\n<td class=\"right\" valign=\"top\">1 l Dose Blech<\/td>\n<\/tr>\n<tr>\n<td class=\"left\" valign=\"top\">Paletteninhalt:<\/td>\n<td class=\"right\" valign=\"top\">630<\/td>\n<\/tr>\n<tr>\n<td class=\"left\" valign=\"top\">VPE:<\/td>\n<td class=\"right\" valign=\"top\">6 STK<\/td>\n<\/tr>\n<tr>\n<td class=\"left\" valign=\"top\">Sprache:<\/td>\n<td class=\"right\" valign=\"top\">D &#8211; GB &#8211; NL &#8211; F &#8211; I &#8211; E &#8211; P<\/td>\n<\/tr>\n<\/tbody>\n<\/table>\n<h3 class=\"detail\">Einsatzzweck<\/h3>\n<p>F\u00fcr alle Dieselmotoren mit und ohne Dieselpartikelfilter,\u00a0 insbesondere zur Problembehandlung geeignet. Turbo-getestet. Optimale Wirkung nur durch Zugabe in den Kraftstofftank vor dem Versulzen (um 0 \u00b0C). Vollkommen vertr\u00e4glich mit allen konventionellen Dieselkraftstoffen und\u00a0 Heiz\u00f6l mit Bioanteilen von max. 20 %. 1 l ist ausreichend f\u00fcr 1.000 l Kraftstoff (Dosierung 1:1.000). Hinweis: frostempfindlich, deshalb \u00fcber 0 \u00b0C lagern!<\/p>\n<div class=\"d-flex justify-content-md-center gap-1\"><img decoding=\"async\" title=\"ghs08\" src=\"https:\/\/liquimoly.cloudimg.io\/v7\/https:\/\/www.liqui-moly.com\/static\/version1695734373\/frontend\/limo\/base\/de_DE\/images\/info\/ghs08.png\" alt=\"ghs08\" width=\"35px\" height=\"35px\" \/><\/div>\n<div class=\"text-md-center text-muted ps-md-2 pe-md-2\"><strong>Gefahr<\/strong><\/p>\n<ul class=\"info-text m-0 p-0\">\n<li>H304 Kann bei Verschlucken und Eindringen in die Atemwege t\u00f6dlich sein.<\/li>\n<li>EUH066 Wiederholter Kontakt kann zu spr\u00f6der oder rissiger Haut f\u00fchren.<\/li>\n<\/ul>\n<\/div>\n<p>Wenn Sie Fragen rund um die Liqui Moly Produkte haben sollten, z\u00f6gern Sie nicht und kontaktieren Sie uns. Gerne stehen wir Ihnen jederzeit gerne zur Verf\u00fcgung.<\/p>\n","protected":false},"excerpt":{"rendered":"<p>Diesel Flie\u00df-Fit K Erh\u00f6ht die Flie\u00dff\u00e4higkeit und Filterg\u00e4ngigkeit des Dieselkraftstoffs.\u00a0Macht Diesel wintersicher bis zu -31 \u00b0C (abh\u00e4ngig von der Dieselkraftstoffqualit\u00e4t). Gew\u00e4hrleistet die Betriebssicherheit aller dieselbetriebener Motoren bei tiefen Temperaturen. Artikelnummer: 5131 Gebinde: 1 l Dose Blech Paletteninhalt: 630 VPE: 6 STK Sprache: D &#8211; GB &#8211; NL &#8211; F &#8211; I &#8211; E &#8211; P [&hellip;]<\/p>\n","protected":false},"featured_media":22587,"comment_status":"closed","ping_status":"closed","template":"","meta":[],"class_list":["post-22586","product","type-product","status-publish","has-post-thumbnail","hentry","product_cat-additive-baumaschinen","product_cat-baumaschinen"],"_links":{"self":[{"href":"https:\/\/www.liqui-moly-shop.ch\/index.php\/wp-json\/wp\/v2\/product\/22586","targetHints":{"allow":["GET"]}}],"collection":[{"href":"https:\/\/www.liqui-moly-shop.ch\/index.php\/wp-json\/wp\/v2\/product"}],"about":[{"href":"https:\/\/www.liqui-moly-shop.ch\/index.php\/wp-json\/wp\/v2\/types\/product"}],"replies":[{"embeddable":true,"href":"https:\/\/www.liqui-moly-shop.ch\/index.php\/wp-json\/wp\/v2\/comments?post=22586"}],"wp:featuredmedia":[{"embeddable":true,"href":"https:\/\/www.liqui-moly-shop.ch\/index.php\/wp-json\/wp\/v2\/media\/22587"}],"wp:attachment":[{"href":"https:\/\/www.liqui-moly-shop.ch\/index.php\/wp-json\/wp\/v2\/media?parent=22586"}],"curies":[{"name":"wp","href":"https:\/\/api.w.org\/{rel}","templated":true}]}}