{"id":22598,"date":"2018-07-17T00:00:00","date_gmt":"2018-07-17T00:00:00","guid":{"rendered":"https:\/\/dev.liqui-moly-shop.ch\/index.php\/product\/pro-line-getriebeoel-verlust-stop\/"},"modified":"2023-12-15T14:48:10","modified_gmt":"2023-12-15T14:48:10","slug":"pro-line-getriebeoel-verlust-stop","status":"publish","type":"product","link":"https:\/\/www.liqui-moly-shop.ch\/index.php\/product\/pro-line-getriebeoel-verlust-stop\/","title":{"rendered":"Pro-Line Getriebe\u00f6l Verlust Stop"},"content":{"rendered":"<h3>Pro-Line Getriebe\u00f6l Verlust Stop<\/h3>\n<p>Stoppt \u00d6lverlust bei tropfenden Getrieben. Regeneriert verh\u00e4rtete Gummi- und Kunststoffdichtungen. Keine umweltverschmutzenden \u00d6lflecken mehr. Sch\u00fctzt Kupplungen vor dem Ver\u00f6len, verhindert Mangelschmierung und Getriebesch\u00e4den durch zu geringen \u00d6lstand.<\/p>\n<p><!-- --><\/p>\n<table id=\"detail\">\n<tbody>\n<tr>\n<td class=\"left\" valign=\"top\">Artikelnummer:<\/td>\n<td class=\"right\" valign=\"top\">5199<\/td>\n<\/tr>\n<tr>\n<td class=\"left\" valign=\"top\">Gebinde:<\/td>\n<td class=\"right\" valign=\"top\">500 ml Dose Blech<\/td>\n<\/tr>\n<tr>\n<td class=\"left\" valign=\"top\">Paletteninhalt:<\/td>\n<td class=\"right\" valign=\"top\">936<\/td>\n<\/tr>\n<tr>\n<td class=\"left\" valign=\"top\">VPE:<\/td>\n<td class=\"right\" valign=\"top\">6 STK<\/td>\n<\/tr>\n<tr>\n<td class=\"left\" valign=\"top\">Sprache:<\/td>\n<td class=\"right\" valign=\"top\">D &#8211; GB &#8211; I &#8211; E &#8211; P<\/td>\n<\/tr>\n<\/tbody>\n<\/table>\n<h3 class=\"detail\">Einsatzzweck<\/h3>\n<p>F\u00fcr alle Schalt-, Neben- und Differentialgetriebe. Nicht in vollautomatischen Getrieben und Getrieben mit in \u00d6lbad laufender Kupplung anwenden. 500 ml ausreichend f\u00fcr ca. 10 l Getriebe\u00f6l.<\/p>\n<ul class=\"info-text m-0 p-0\">\n<li style=\"list-style-type: none;\">\n<ul class=\"info-text m-0 p-0\">\n<li>H412 Sch\u00e4dlich f\u00fcr Wasserorganismen, mit langfristiger Wirkung.<\/li>\n<\/ul>\n<\/li>\n<\/ul>\n<p>EUH208 Enth\u00e4lt Reaktionsprodukte von Bis(4-methylpentan-2-yl)dithiophosphors\u00e4ure mit Phosphoroxid, Propylenoxid und Aminen, C12-14-alkyl (verzweigt). Kann allergische Reaktionen hervorrufen.<\/p>\n<p>Wenn Sie Fragen rund um die Liqui Moly Produkte haben sollten, z\u00f6gern Sie nicht und kontaktieren Sie uns. Gerne stehen wir Ihnen jederzeit gerne zur Verf\u00fcgung.<\/p>\n","protected":false},"excerpt":{"rendered":"<p>Pro-Line Getriebe\u00f6l Verlust Stop Stoppt \u00d6lverlust bei tropfenden Getrieben. Regeneriert verh\u00e4rtete Gummi- und Kunststoffdichtungen. Keine umweltverschmutzenden \u00d6lflecken mehr. Sch\u00fctzt Kupplungen vor dem Ver\u00f6len, verhindert Mangelschmierung und Getriebesch\u00e4den durch zu geringen \u00d6lstand. Artikelnummer: 5199 Gebinde: 500 ml Dose Blech Paletteninhalt: 936 VPE: 6 STK Sprache: D &#8211; GB &#8211; I &#8211; E &#8211; P Einsatzzweck F\u00fcr [&hellip;]<\/p>\n","protected":false},"featured_media":22599,"comment_status":"closed","ping_status":"closed","template":"","meta":[],"class_list":["post-22598","product","type-product","status-publish","has-post-thumbnail","hentry","product_cat-additive-baumaschinen","product_cat-baumaschinen"],"_links":{"self":[{"href":"https:\/\/www.liqui-moly-shop.ch\/index.php\/wp-json\/wp\/v2\/product\/22598","targetHints":{"allow":["GET"]}}],"collection":[{"href":"https:\/\/www.liqui-moly-shop.ch\/index.php\/wp-json\/wp\/v2\/product"}],"about":[{"href":"https:\/\/www.liqui-moly-shop.ch\/index.php\/wp-json\/wp\/v2\/types\/product"}],"replies":[{"embeddable":true,"href":"https:\/\/www.liqui-moly-shop.ch\/index.php\/wp-json\/wp\/v2\/comments?post=22598"}],"wp:featuredmedia":[{"embeddable":true,"href":"https:\/\/www.liqui-moly-shop.ch\/index.php\/wp-json\/wp\/v2\/media\/22599"}],"wp:attachment":[{"href":"https:\/\/www.liqui-moly-shop.ch\/index.php\/wp-json\/wp\/v2\/media?parent=22598"}],"curies":[{"name":"wp","href":"https:\/\/api.w.org\/{rel}","templated":true}]}}