{"id":22601,"date":"2018-07-17T00:00:00","date_gmt":"2018-07-17T00:00:00","guid":{"rendered":"https:\/\/dev.liqui-moly-shop.ch\/index.php\/product\/anti-bakterien-diesel-additiv\/"},"modified":"2023-10-04T12:09:49","modified_gmt":"2023-10-04T12:09:49","slug":"anti-bakterien-diesel-additiv","status":"publish","type":"product","link":"https:\/\/www.liqui-moly-shop.ch\/index.php\/product\/anti-bakterien-diesel-additiv\/","title":{"rendered":"Anti-Bakterien-Diesel-Additiv"},"content":{"rendered":"<h3>Anti-Bakterien-Diesel-Additiv<\/h3>\n<p>Hochwirksames Biozid mit breitem Wirkungsspektrum gegen Bakterien, Hefen und Schimmelpilze. Der biozide Wirkstoff bildet keine korrosiven Verbrennungsprodukte und ist von f\u00fchrenden Motorenherstellern gepr\u00fcft. Zum vorbeugenden Einsatz an l\u00e4nger stillgelegten Dieselfahrzeugen wie z. B. Baumaschinen, Nutzfahrzeugen, Wohnmobilen, Personenkraftwagen, Lagertanks etc. sowie zur Entkeimung bereits befallener Tanksysteme bestens geeignet.\u00a0<strong>Biozidprodukte vorsichtig verwenden. Vor Gebrauch stets Etikett und Produktinformationen lesen.<\/strong><\/p>\n<p><!-- --><\/p>\n<table id=\"detail\">\n<tbody>\n<tr>\n<td class=\"left\" valign=\"top\">Artikelnummer:<\/td>\n<td class=\"right\" valign=\"top\">21317<\/td>\n<\/tr>\n<tr>\n<td class=\"left\" valign=\"top\">Gebinde:<\/td>\n<td class=\"right\" valign=\"top\">1 l Dose Blech<\/td>\n<\/tr>\n<tr>\n<td class=\"left\" valign=\"top\">Paletteninhalt:<\/td>\n<td class=\"right\" valign=\"top\">630<\/td>\n<\/tr>\n<tr>\n<td class=\"left\" valign=\"top\">VPE:<\/td>\n<td class=\"right\" valign=\"top\">6 STK<\/td>\n<\/tr>\n<tr>\n<td class=\"left\" valign=\"top\">Sprache:<\/td>\n<td class=\"right\" valign=\"top\">D &#8211; GB &#8211; F &#8211; I &#8211; E &#8211; GR<\/td>\n<\/tr>\n<\/tbody>\n<\/table>\n<h3 class=\"detail\">Einsatzzweck<\/h3>\n<p>F\u00fcr alle Dieselmotoren mit und ohne Dieselpartikelfilter geeignet, vorbeugend oder zur Problembehandlung. Turbo-getestet. Zur direkten Zugabe in den Kraftstofftank. Vollkommen vertr\u00e4glich mit allen konventionellen Diesel- und Biodieselkraftstoffen. Eine F\u00fcllung des Dosierbeh\u00e4lters (25 ml integriert in der Verschlusskappe) ist bei vorbeugendem Einsatz f\u00fcr 25 l Kraftstoff (Dosierung 1:1.000) und bei problembezogenem Einsatz f\u00fcr 5 l Kraftstoff (Dosierung 1:200) ausreichend.<\/p>\n<div class=\"d-flex justify-content-md-center gap-1\"><img decoding=\"async\" title=\"ghs05\" src=\"https:\/\/liquimoly.cloudimg.io\/v7\/https:\/\/www.liqui-moly.com\/static\/version1695734373\/frontend\/limo\/base\/de_DE\/images\/info\/ghs05.png\" alt=\"ghs05\" width=\"35px\" height=\"35px\" \/><img decoding=\"async\" title=\"ghs07\" src=\"https:\/\/liquimoly.cloudimg.io\/v7\/https:\/\/www.liqui-moly.com\/static\/version1695734373\/frontend\/limo\/base\/de_DE\/images\/info\/ghs07.png\" alt=\"ghs07\" width=\"35px\" height=\"35px\" \/><img decoding=\"async\" title=\"ghs08\" src=\"https:\/\/liquimoly.cloudimg.io\/v7\/https:\/\/www.liqui-moly.com\/static\/version1695734373\/frontend\/limo\/base\/de_DE\/images\/info\/ghs08.png\" alt=\"ghs08\" width=\"35px\" height=\"35px\" \/><img decoding=\"async\" title=\"ghs09\" src=\"https:\/\/liquimoly.cloudimg.io\/v7\/https:\/\/www.liqui-moly.com\/static\/version1695734373\/frontend\/limo\/base\/de_DE\/images\/info\/ghs09.png\" alt=\"ghs09\" width=\"35px\" height=\"35px\" \/><\/div>\n<div class=\"text-md-center text-muted ps-md-2 pe-md-2\"><strong>Gefahr<\/strong><\/p>\n<ul class=\"info-text m-0 p-0\">\n<li>H302 Gesundheitssch\u00e4dlich bei Verschlucken.<\/li>\n<li>H304 Kann bei Verschlucken und Eindringen in die Atemwege t\u00f6dlich sein.<\/li>\n<li>H317 Kann allergische Hautreaktionen verursachen.<\/li>\n<li>H318 Verursacht schwere Augensch\u00e4den.<\/li>\n<li>H332 Gesundheitssch\u00e4dlich bei Einatmen.<\/li>\n<li>H361d Kann vermutlich das Kind im Mutterleib sch\u00e4digen.<\/li>\n<li>H410 Sehr giftig f\u00fcr Wasserorganismen mit langfristiger Wirkung.<\/li>\n<li>EUH044 Explosionsgefahr bei Erhitzen unter Einschluss.<\/li>\n<li>EUH066 Wiederholter Kontakt kann zu spr\u00f6der oder rissiger Haut f\u00fchren.<\/li>\n<\/ul>\n<\/div>\n<p>Wenn Sie Fragen rund um die Liqui Moly Produkte haben sollten, z\u00f6gern Sie nicht und kontaktieren Sie uns. Gerne stehen wir Ihnen jederzeit gerne zur Verf\u00fcgung.<\/p>\n","protected":false},"excerpt":{"rendered":"<p>Anti-Bakterien-Diesel-Additiv Hochwirksames Biozid mit breitem Wirkungsspektrum gegen Bakterien, Hefen und Schimmelpilze. Der biozide Wirkstoff bildet keine korrosiven Verbrennungsprodukte und ist von f\u00fchrenden Motorenherstellern gepr\u00fcft. Zum vorbeugenden Einsatz an l\u00e4nger stillgelegten Dieselfahrzeugen wie z. B. Baumaschinen, Nutzfahrzeugen, Wohnmobilen, Personenkraftwagen, Lagertanks etc. sowie zur Entkeimung bereits befallener Tanksysteme bestens geeignet.\u00a0Biozidprodukte vorsichtig verwenden. Vor Gebrauch stets Etikett und [&hellip;]<\/p>\n","protected":false},"featured_media":22602,"comment_status":"closed","ping_status":"closed","template":"","meta":[],"class_list":["post-22601","product","type-product","status-publish","has-post-thumbnail","hentry","product_cat-additive-baumaschinen","product_cat-baumaschinen"],"_links":{"self":[{"href":"https:\/\/www.liqui-moly-shop.ch\/index.php\/wp-json\/wp\/v2\/product\/22601","targetHints":{"allow":["GET"]}}],"collection":[{"href":"https:\/\/www.liqui-moly-shop.ch\/index.php\/wp-json\/wp\/v2\/product"}],"about":[{"href":"https:\/\/www.liqui-moly-shop.ch\/index.php\/wp-json\/wp\/v2\/types\/product"}],"replies":[{"embeddable":true,"href":"https:\/\/www.liqui-moly-shop.ch\/index.php\/wp-json\/wp\/v2\/comments?post=22601"}],"wp:featuredmedia":[{"embeddable":true,"href":"https:\/\/www.liqui-moly-shop.ch\/index.php\/wp-json\/wp\/v2\/media\/22602"}],"wp:attachment":[{"href":"https:\/\/www.liqui-moly-shop.ch\/index.php\/wp-json\/wp\/v2\/media?parent=22601"}],"curies":[{"name":"wp","href":"https:\/\/api.w.org\/{rel}","templated":true}]}}