{"id":22620,"date":"2018-07-17T00:00:00","date_gmt":"2018-07-17T00:00:00","guid":{"rendered":"https:\/\/dev.liqui-moly-shop.ch\/index.php\/product\/waelzlagerfett-kp2k-30\/"},"modified":"2023-10-20T09:00:06","modified_gmt":"2023-10-20T09:00:06","slug":"waelzlagerfett-kp2k-30","status":"publish","type":"product","link":"https:\/\/www.liqui-moly-shop.ch\/index.php\/product\/waelzlagerfett-kp2k-30\/","title":{"rendered":"W\u00e4lzlagerfett KP2K-30"},"content":{"rendered":"<h3>W\u00e4lzlagerfett KP2K-30<\/h3>\n<p>Hochwertiges Lithium-Seifenfett zur Schmierung von W\u00e4lz- und Gleitlagern bei erh\u00f6hten Temperaturen und extremen Druckbelastungen. Neben Korrosions- und Oxidationsschutzzus\u00e4tzen enth\u00e4lt es EP-Additive, die ihm optimale Schmiereigenschaften verleihen und selbst bei\u00a0einem hohen\u00a0Wasseranteil ihre volle Wirksamkeit behalten. Kennzeichnung nach DIN 51502: KP2K\u201330\u00a0Temperatureinsatzbereich: \u201330\u2009\u00b0C bis +120 \u00b0C. Kurzfristig bis +130 \u00b0C.<\/p>\n<p><!-- --><\/p>\n<table id=\"detail\">\n<tbody>\n<tr>\n<td class=\"left\" valign=\"top\">Artikelnummer:<\/td>\n<td class=\"right\" valign=\"top\">4192<\/td>\n<\/tr>\n<tr>\n<td class=\"left\" valign=\"top\">Gebinde:<\/td>\n<td class=\"right\" valign=\"top\">15 kg Eimer Kunststoff<\/td>\n<\/tr>\n<tr>\n<td class=\"left\" valign=\"top\">Paletteninhalt:<\/td>\n<td class=\"right\" valign=\"top\">33<\/td>\n<\/tr>\n<tr>\n<td class=\"left\" valign=\"top\">VPE:<\/td>\n<td class=\"right\" valign=\"top\">1 STK<\/td>\n<\/tr>\n<tr>\n<td class=\"left\" valign=\"top\">Sprache:<\/td>\n<td class=\"right\" valign=\"top\">D &#8211; GB<\/td>\n<\/tr>\n<\/tbody>\n<\/table>\n<h3 class=\"detail\">Einsatzzweck<\/h3>\n<p>Zur Montage, Wartung und Reparatur von Fahrzeugen, Werkzeug-, Bau-, Land- und Druckmaschinen. F\u00fcr hochbelastete Lager und Gelenke, Keilwellen, Gewinde und F\u00fchrungen.<\/p>\n<ul class=\"info-text m-0 p-0\">\n<li>EUH208 Enth\u00e4lt Naphthens\u00e4uren, Zinksalze, basisch. Kann allergische Reaktionen hervorrufen.<\/li>\n<li>EUH210 Sicherheitsdatenblatt auf Anfrage erh\u00e4ltlich.<\/li>\n<\/ul>\n<p>Wenn Sie Fragen rund um die Liqui Moly Produkte haben sollten, z\u00f6gern Sie nicht und kontaktieren Sie uns. Gerne stehen wir Ihnen jederzeit gerne zur Verf\u00fcgung.<\/p>\n","protected":false},"excerpt":{"rendered":"<p>W\u00e4lzlagerfett KP2K-30 Hochwertiges Lithium-Seifenfett zur Schmierung von W\u00e4lz- und Gleitlagern bei erh\u00f6hten Temperaturen und extremen Druckbelastungen. Neben Korrosions- und Oxidationsschutzzus\u00e4tzen enth\u00e4lt es EP-Additive, die ihm optimale Schmiereigenschaften verleihen und selbst bei\u00a0einem hohen\u00a0Wasseranteil ihre volle Wirksamkeit behalten. Kennzeichnung nach DIN 51502: KP2K\u201330\u00a0Temperatureinsatzbereich: \u201330\u2009\u00b0C bis +120 \u00b0C. Kurzfristig bis +130 \u00b0C. Artikelnummer: 4192 Gebinde: 15 kg Eimer [&hellip;]<\/p>\n","protected":false},"featured_media":22621,"comment_status":"closed","ping_status":"closed","template":"","meta":[],"class_list":["post-22620","product","type-product","status-publish","has-post-thumbnail","hentry","product_cat-baumaschinen","product_cat-fette"],"_links":{"self":[{"href":"https:\/\/www.liqui-moly-shop.ch\/index.php\/wp-json\/wp\/v2\/product\/22620","targetHints":{"allow":["GET"]}}],"collection":[{"href":"https:\/\/www.liqui-moly-shop.ch\/index.php\/wp-json\/wp\/v2\/product"}],"about":[{"href":"https:\/\/www.liqui-moly-shop.ch\/index.php\/wp-json\/wp\/v2\/types\/product"}],"replies":[{"embeddable":true,"href":"https:\/\/www.liqui-moly-shop.ch\/index.php\/wp-json\/wp\/v2\/comments?post=22620"}],"wp:featuredmedia":[{"embeddable":true,"href":"https:\/\/www.liqui-moly-shop.ch\/index.php\/wp-json\/wp\/v2\/media\/22621"}],"wp:attachment":[{"href":"https:\/\/www.liqui-moly-shop.ch\/index.php\/wp-json\/wp\/v2\/media?parent=22620"}],"curies":[{"name":"wp","href":"https:\/\/api.w.org\/{rel}","templated":true}]}}